{"id":2,"date":"2022-07-01T10:52:17","date_gmt":"2022-07-01T09:52:17","guid":{"rendered":"https:\/\/www.oceanblogs.org\/where-the-baltic-sea-touches-the-sky\/?page_id=2"},"modified":"2022-07-13T07:59:07","modified_gmt":"2022-07-13T06:59:07","slug":"about","status":"publish","type":"page","link":"https:\/\/www.oceanblogs.org\/where-the-baltic-sea-touches-the-sky\/about\/","title":{"rendered":"About"},"content":{"rendered":"\n<p>***deutsche Version siehe weiter unten***<\/p>\n\n\n\n<p><strong>By Bita Sabbaghzadeh and Josefine Karnatz<\/strong><\/p>\n\n\n\n<p>With global warming and higher greenhouse gases in the air, scientists are interested to find out to what extent the oceans can eat up the gases to ease climate change. Can the ocean still absorb these gases? During the CenBase project (short for Central Baltic Sea Air-Sea Exchange Experiment), scientists from IOW and GEOMAR (Germany), University College London (UK) and Hawaii University (USA) came together on board&nbsp;<em>RV<\/em>&nbsp;Elizabeth Mann Borgese (EMB) to investigate air-sea exchange of greenhouse gases after the spring productive period in the central Baltic Sea.<\/p>\n\n\n\n<p>During the cruise (EMB295), the researchers will execute a dual tracer experiment, perform direct eddy covariance (EC) flux measurements of CO<sub>2<\/sub>&nbsp;and DMS, investigate the abundance and characteristics of surface active compounds, and determine surface turbulence by microstructure measurements. Continuous monitoring of the underway surface concentrations of the three major greenhouse gases CO<sub>2<\/sub>, CH<sub>4<\/sub>&nbsp;and N<sub>2<\/sub>O will allow a comparison of flux estimates based findings during the cruise and the range of published parameterizations for these gases.<\/p>\n\n\n\n<p>The expedition focuses on the following research questions:<\/p>\n\n\n\n<p>1) Can common gas exchange parameterizations based solely on wind speed be applied to the central Baltic Sea with different productivity?<\/p>\n\n\n\n<p>2) What is the influence of natural surface active compounds (i.e. surfactants) and bubbles on air-sea gas exchange and if the study supports the idea of a bias in the calculation of the net gas flux based on higher abundance of surfactants during the productive period?<\/p>\n\n\n\n<p>3) Do the differences in gas exchange rate measured with a dual tracer and EC CO<sub>2<\/sub>&nbsp;observed in the open ocean exist in the Baltic Sea?<\/p>\n\n\n\n<h2 class=\"wp-block-heading\"><strong>Wo die Ostsee den Himmel ber\u00fchrt \u2013 Luft-Meer-Interaktion in der Ostsee<\/strong><\/h2>\n\n\n\n<p>Angesichts der globalen Erw\u00e4rmung und des Anstiegs der Treibhausgase in der Atmosphaere sind Wissenschaftler daran interessiert, herauszufinden, inwieweit die Ozeane diese Gase aufnehmen k\u00f6nnen, um den Klimawandel entgegenzuwirken. Koennen die Ozeane diese Gase noch aufnehmen, oder sind sie bereits erschoeft?<\/p>\n\n\n\n<p>Im Zuge des CenBase-Projektes (kurz f\u00fcr Central Baltic Sea Air-Sea Exchange Experiment) haben sich Wissenschaftler des IOWs und des GEOMARs (Deutschland), des University College London (UK) und der Hawaii University (USA) an Bord der RV Elizabeth Mann Borgese (EMB) zusammengefunden, um den Luft-See-Austausch von Treibhausgasen nach der Fr\u00fchjahrsproduktionsperiode in der zentralen Ostsee zu untersuchen.<\/p>\n\n\n\n<p>Ziel des Projekts CenBase (kurz f\u00fcr Central Baltic Sea Air-Sea Exchange Experiment) ist es, die spezifischen Merkmale des Luft-Meer-Austauschs nach der Fr\u00fchjahrsproduktionsphase in der zentralen Ostsee zu untersuchen. W\u00e4hrend der Schiffsexpedition werden die Forschenden ein Tracerexperiment durchf\u00fchren, direkte Eddy-Kovarianz-Flussmessungen von CO<sub>2<\/sub>&nbsp;und DMS vornehmen, die H\u00e4ufigkeit und die Beschaffenheit von oberfl\u00e4chen-aktiven Substanzen untersuchen und die Oberfl\u00e4chenturbulenz durch Mikrostrukturmessungen bestimmen. Ein kontinuierliches Monitoring der Oberfl\u00e4chenkonzentrationen der drei wichtigsten Treibhausgase CO<sub>2<\/sub>, CH<sub>4<\/sub>&nbsp;und N<sub>2<\/sub>O w\u00e4hrend der gesamten Fahrtstrecke soll Vergleiche mit den Ergebnissen der Messungen und Experimente sowie mit publizierten Daten erm\u00f6glichen.<\/p>\n\n\n\n<p>Die Expedition konzentriert sich auf die folgenden Forschungsfragen:<\/p>\n\n\n\n<p>1) K\u00f6nnen die Parametrisierungen des Gasaustauschs, die auf Windgeschwindigkeit basieren, auch auf die zentrale Ostsee mit unterschiedlicher Produktivit\u00e4t angewendet werden?<\/p>\n\n\n\n<p>2) Welchen Einfluss haben nat\u00fcrliche oberfl\u00e4chenaktive Verbindungen und Blasen auf den Gasaustausch zwischen Luft und Meer?<\/p>\n\n\n\n<p>3) Gibt es die im offenen Ozean beobachteten Unterschiede zwischen Gasaustauschgeschwindigkeiten, die mit Spurengasen und EC CO<sub>2<\/sub>&nbsp;gemessenen werden, auch in der Ostsee?<\/p>\n","protected":false},"excerpt":{"rendered":"<p>***deutsche Version siehe weiter unten*** By Bita Sabbaghzadeh and Josefine Karnatz With global warming and higher greenhouse gases in the air, scientists are interested to find out to what extent the oceans can eat up the gases to ease climate change. Can the ocean still absorb these gases? During the CenBase project (short for Central [&hellip;]<\/p>\n","protected":false},"author":235,"featured_media":0,"parent":0,"menu_order":0,"comment_status":"closed","ping_status":"closed","template":"","meta":{"footnotes":""},"class_list":["post-2","page","type-page","status-publish","hentry"],"_links":{"self":[{"href":"https:\/\/www.oceanblogs.org\/where-the-baltic-sea-touches-the-sky\/wp-json\/wp\/v2\/pages\/2","targetHints":{"allow":["GET"]}}],"collection":[{"href":"https:\/\/www.oceanblogs.org\/where-the-baltic-sea-touches-the-sky\/wp-json\/wp\/v2\/pages"}],"about":[{"href":"https:\/\/www.oceanblogs.org\/where-the-baltic-sea-touches-the-sky\/wp-json\/wp\/v2\/types\/page"}],"author":[{"embeddable":true,"href":"https:\/\/www.oceanblogs.org\/where-the-baltic-sea-touches-the-sky\/wp-json\/wp\/v2\/users\/235"}],"replies":[{"embeddable":true,"href":"https:\/\/www.oceanblogs.org\/where-the-baltic-sea-touches-the-sky\/wp-json\/wp\/v2\/comments?post=2"}],"version-history":[{"count":3,"href":"https:\/\/www.oceanblogs.org\/where-the-baltic-sea-touches-the-sky\/wp-json\/wp\/v2\/pages\/2\/revisions"}],"predecessor-version":[{"id":32,"href":"https:\/\/www.oceanblogs.org\/where-the-baltic-sea-touches-the-sky\/wp-json\/wp\/v2\/pages\/2\/revisions\/32"}],"wp:attachment":[{"href":"https:\/\/www.oceanblogs.org\/where-the-baltic-sea-touches-the-sky\/wp-json\/wp\/v2\/media?parent=2"}],"curies":[{"name":"wp","href":"https:\/\/api.w.org\/{rel}","templated":true}]}}