{"id":2,"date":"2014-06-23T11:49:48","date_gmt":"2014-06-23T11:49:48","guid":{"rendered":"http:\/\/www.oceanblogs.org\/sonne-oasis\/?page_id=2"},"modified":"2014-07-22T11:22:29","modified_gmt":"2014-07-22T11:22:29","slug":"ueber","status":"publish","type":"page","link":"https:\/\/www.oceanblogs.org\/sonne-oasis\/ueber\/","title":{"rendered":"\u00dcber SONNE OASIS (de)"},"content":{"rendered":"<p>Dieser Blog umfasst zwei Expeditionen mit dem Forschungsschiff SONNE in den Indischen Ozean.<\/p>\n<p>Der tropische Indische Ozean ist ein sehr facettenreiches Gebiet, das einen gro\u00dfen Einfluss auf atmosph\u00e4rische und ozeanische Prozesse aus\u00fcbt. Zu seinen Besonderheiten geh\u00f6rt vor allem der Monsun sowie saisonal auftretende, ostw\u00e4rts gerichtete Str\u00f6mungen am \u00c4quator (Wyrtki Jets). Dar\u00fcber hinaus erw\u00e4rmt sich der Indische Ozean schneller als andere Ozeanbecken und ist akut betroffen von der wachsenden Bev\u00f6lkerung in seinen Anrainerstaatenn. Auf der <strong>Expedition SO234-2 (08.07. &#8211; 20.07.2014)<\/strong> sollen Studenten im Rahmen des BMBF Programms SPACES mehr \u00fcber Wechselwirkungen zwischen Atmosph\u00e4re und Ozean im westlichen Indischen Ozean lernen. Dort verl\u00e4uft der Mozambiquestrom, der stark von den verschiedenen Monsun-Systemen beeinflusst wird und in den Agulhas-Strom \u00fcbergeht, dort finden Denitrifikations-Prozesse im offenen Ozean statt, und dort gibt es Regionen, die als starke Kohlenstoffsenken funktionieren. Dank dieser Ph\u00e4nomene ist der tropische Indik nicht nur ein exzellentes Labor, sondern auch ein gutes Klassenzimmer f\u00fcr junge Meeresforscher, wo sie Auswirkungen von menschlichem Einfluss und des Klimawandels auf ozeanische biogeochemische und physikalische Prozesse studieren k\u00f6nnen. Die Arbeiten an Bord werden von studentischen Zweierteams durchgef\u00fchrt, die jeweils aus einem Studierenden aus Deutschland und einem aus einem afrikanischen Land bestehen. Dabei liegen die Schwerpunkte auf Meteorologie, Atmosph\u00e4renphysik, Physikalischer Ozeanographie, Biogeochemie und Atmosph\u00e4renchemie.<\/p>\n<p>Gleich im Anschluss folgt die <strong>Fahrt SO235 mit dem OASIS (Organic very short lived substances and their Air sea Exchange from the Indian Ocean to the Stratosphere, 23.07.-07.08.2014)<\/strong>. Sie konzentriert sich auf den Spurengasaustausch an der Grenzfl\u00e4che Ozean-Atmosph\u00e4re, auf die Produktion der Gase im Ozean, die Gasfl\u00fcsse in die Atmosph\u00e4re und ihren Weitertransport in die obere Troposph\u00e4re\/ untere Stratosph\u00e4re. Bei den Gasen, die auf der Forschungsexpedition gemessen werden, handelt es sich vor allem um kurzlebige bromierte und jodierte halogenhaltige Kohlenstoffverbindungen sowie um Schwefelverbindungen (DMS und COS). Daneben werden auch die langlebigen Gase CO2, Lachgas (N2O) und Methan (CH4) gemessen. Der Indische Ozean mit seinen hohen N\u00e4hrstoffeintr\u00e4gen vom Land und seinen speziellen Str\u00f6mungs- und Wirbelsystemen f\u00f6rdert Phytoplanktonbl\u00fcten, die diese Spurengase produzieren k\u00f6nnen. Zus\u00e4tzlich treten im westlichen Indischen Ozean im Juli bis August hohe Windgeschwindigkeiten aus s\u00fcdwestlichen Richtungen auf, die mit den Monsunsystemen zusammenh\u00e4ngen. Diese Voraussetzungen f\u00f6rdern den Gasaustausch zwischen Ozean und Atmosph\u00e4re. Ob die Konvektionssysteme \u00fcber Indien und der Bucht von Bengalen dann f\u00fcr den Transport dieser Gase bis in die untere Stratosph\u00e4re sorgen werden, soll w\u00e4hrend der So235 Fahrt und in anschlie\u00dfenden Analysen untersucht werden.<\/p>\n<p>Fahrtleiterin auf beiden Fahrten ist <a title=\"Pers\u00f6nliche Webseite von Kirsten Kr\u00fcger an der UiO\" href=\"http:\/\/www.mn.uio.no\/geo\/english\/people\/aca\/metos\/kkrueger\/\">Prof. Dr. Kirstin Kr\u00fcger (Department of\u00a0 Geosciences, University of Oslo)<\/a>.<em><br \/>\n<\/em><\/p>\n<p>Weitere Informationen \u00fcber die Expeditionen finden Sie auf der <a title=\"SO235 auf der GEOMAR Expeditions-Seite\" href=\"http:\/\/www.geomar.de\/e326545\" target=\"_blank\">GEOMAR-Expeditionsseite<\/a>.<\/p>\n","protected":false},"excerpt":{"rendered":"<p>Dieser Blog umfasst zwei Expeditionen mit dem Forschungsschiff SONNE in den Indischen Ozean. Der tropische Indische Ozean ist ein sehr facettenreiches Gebiet, das einen gro\u00dfen Einfluss auf atmosph\u00e4rische und ozeanische Prozesse aus\u00fcbt. Zu seinen Besonderheiten geh\u00f6rt vor allem der Monsun sowie saisonal auftretende, ostw\u00e4rts gerichtete Str\u00f6mungen am \u00c4quator (Wyrtki Jets). Dar\u00fcber hinaus erw\u00e4rmt sich der [&hellip;]<\/p>\n","protected":false},"author":4,"featured_media":0,"parent":0,"menu_order":0,"comment_status":"open","ping_status":"open","template":"","meta":{"footnotes":""},"class_list":["post-2","page","type-page","status-publish","hentry"],"_links":{"self":[{"href":"https:\/\/www.oceanblogs.org\/sonne-oasis\/wp-json\/wp\/v2\/pages\/2","targetHints":{"allow":["GET"]}}],"collection":[{"href":"https:\/\/www.oceanblogs.org\/sonne-oasis\/wp-json\/wp\/v2\/pages"}],"about":[{"href":"https:\/\/www.oceanblogs.org\/sonne-oasis\/wp-json\/wp\/v2\/types\/page"}],"author":[{"embeddable":true,"href":"https:\/\/www.oceanblogs.org\/sonne-oasis\/wp-json\/wp\/v2\/users\/4"}],"replies":[{"embeddable":true,"href":"https:\/\/www.oceanblogs.org\/sonne-oasis\/wp-json\/wp\/v2\/comments?post=2"}],"version-history":[{"count":12,"href":"https:\/\/www.oceanblogs.org\/sonne-oasis\/wp-json\/wp\/v2\/pages\/2\/revisions"}],"predecessor-version":[{"id":118,"href":"https:\/\/www.oceanblogs.org\/sonne-oasis\/wp-json\/wp\/v2\/pages\/2\/revisions\/118"}],"wp:attachment":[{"href":"https:\/\/www.oceanblogs.org\/sonne-oasis\/wp-json\/wp\/v2\/media?parent=2"}],"curies":[{"name":"wp","href":"https:\/\/api.w.org\/{rel}","templated":true}]}}