{"id":2,"date":"2024-09-10T17:00:03","date_gmt":"2024-09-10T16:00:03","guid":{"rendered":"https:\/\/www.oceanblogs.org\/so307\/?page_id=2"},"modified":"2024-09-10T18:01:49","modified_gmt":"2024-09-10T17:01:49","slug":"about","status":"publish","type":"page","link":"https:\/\/www.oceanblogs.org\/so307\/about\/","title":{"rendered":"About"},"content":{"rendered":"\n<p>Das Hauptprojekt der Expedition SO307, &#8216;MADAGASCAR&#8217;, untersucht die Entstehung von bathymetrischen Anomalien am Meeresboden: Sind sie auf Temperaturschwankungen oder Unterschiede in der Zusammensetzung des Erdmantels zur\u00fcckzuf\u00fchren? Unsere Aufgabe ist es, den Madagaskar-R\u00fccken zu kartieren und zu beproben, seine Gesteinsarten, sein Alter und seine Geochemie zu analysieren, um besser zu verstehen, wie diese Anomalien in den Ozeanen entstehen.<\/p>\n\n\n\n<p>Neben diesem Hauptprojekt werden zwei Teilprojekte, &#8216;MADAGASCAR-BIO&#8217; und &#8216;INDICOM&#8217;, die Tiefseebiologie und die biogeochemischen Prozesse am Madagaskar-R\u00fccken untersuchen.<\/p>\n\n\n\n<p><\/p>\n\n\n\n<h2 class=\"wp-block-heading\">About<\/h2>\n\n\n\n<p>The main project of expedition SO307, &#8216;MADAGASCAR,&#8217; investigates the origins of&nbsp;bathymetric anomalies on the&nbsp;seafloor: are they caused by temperature variations or differences in the Earth&#8217;s mantle composition? Our mission is to map and sample the Madagascar Ridge, analyzing its rock types, age, and geochemistry to better understand how these anomalies form in the world\u2019s oceans. <\/p>\n\n\n\n<p>Alongside this main project, two subprojects, &#8216;MADAGASCAR-BIO&#8217; and &#8216;INDICOM,&#8217; will study the deep-sea biology and the biogeochemical processes at the Madagascar Ridge.<\/p>\n","protected":false},"excerpt":{"rendered":"<p>Das Hauptprojekt der Expedition SO307, &#8216;MADAGASCAR&#8217;, untersucht die Entstehung von bathymetrischen Anomalien am Meeresboden: Sind sie auf Temperaturschwankungen oder Unterschiede in der Zusammensetzung des Erdmantels zur\u00fcckzuf\u00fchren? Unsere Aufgabe ist es, den Madagaskar-R\u00fccken zu kartieren und zu beproben, seine Gesteinsarten, sein Alter und seine Geochemie zu analysieren, um besser zu verstehen, wie diese Anomalien in den [&hellip;]<\/p>\n","protected":false},"author":250,"featured_media":0,"parent":0,"menu_order":0,"comment_status":"closed","ping_status":"open","template":"","meta":{"footnotes":""},"class_list":["post-2","page","type-page","status-publish","hentry"],"_links":{"self":[{"href":"https:\/\/www.oceanblogs.org\/so307\/wp-json\/wp\/v2\/pages\/2","targetHints":{"allow":["GET"]}}],"collection":[{"href":"https:\/\/www.oceanblogs.org\/so307\/wp-json\/wp\/v2\/pages"}],"about":[{"href":"https:\/\/www.oceanblogs.org\/so307\/wp-json\/wp\/v2\/types\/page"}],"author":[{"embeddable":true,"href":"https:\/\/www.oceanblogs.org\/so307\/wp-json\/wp\/v2\/users\/250"}],"replies":[{"embeddable":true,"href":"https:\/\/www.oceanblogs.org\/so307\/wp-json\/wp\/v2\/comments?post=2"}],"version-history":[{"count":3,"href":"https:\/\/www.oceanblogs.org\/so307\/wp-json\/wp\/v2\/pages\/2\/revisions"}],"predecessor-version":[{"id":10,"href":"https:\/\/www.oceanblogs.org\/so307\/wp-json\/wp\/v2\/pages\/2\/revisions\/10"}],"wp:attachment":[{"href":"https:\/\/www.oceanblogs.org\/so307\/wp-json\/wp\/v2\/media?parent=2"}],"curies":[{"name":"wp","href":"https:\/\/api.w.org\/{rel}","templated":true}]}}