{"id":2,"date":"2018-07-06T09:11:02","date_gmt":"2018-07-06T08:11:02","guid":{"rendered":"http:\/\/www.oceanblogs.org\/so264\/?page_id=2"},"modified":"2018-07-06T15:10:50","modified_gmt":"2018-07-06T13:10:50","slug":"about","status":"publish","type":"page","link":"https:\/\/www.oceanblogs.org\/so264\/about\/","title":{"rendered":"About SO264"},"content":{"rendered":"<p>Die Expedition SO264 EMPEROR wird sich auf die Erstellung eines neuen pal\u00e4ozeanographischen Nord-S\u00fcd-gerichteten Referenz-Transektes entlang der Emperor-Seamount-Kette im Nordpazifik konzentrieren. Der Ansatz geht erstmalig \u00fcber fr\u00fchere Studien hinaus, die nur isolierte Standorte in dieser Region betrachtet haben. Die Expedition wird Proxy-Zeitserien systematisch kompilieren, um die physikalische und chemische Pal\u00e4ozeanographie des Nord-Pazifiks zwischen ~30\u00b0N und ~50\u00b0N zu rekonstruieren. Dieser Transekt quert wichtige ozeanographische und klimatische Besonderheiten und erm\u00f6glicht es, sowohl zeitliche als auch r\u00e4umliche Ver\u00e4nderungen in den pelagischen subtropischen und subarktischen nordpazifischen Wirbeln im Bereich der ozeanischen Deckschicht und in gr\u00f6\u00dferen Wassertiefen auf Zeitskalen von Jahrmillionen bis zu Jahrtausenden zu bestimmen. SONNE-EMPEROR wird damit ein dynamisches und dreidimensionales Verst\u00e4ndnis der langfristigen Entwicklung von Klimazust\u00e4nden und ihrer Kopplung sowohl zum regionalen Pazifik als auch zum S\u00fcdpazifik und zum atlantischen Gro\u00dfklima und Ozeanzirkulationsmuster erm\u00f6glichen. W\u00e4hrend der langen Transits werden wir die Proben, die wir nehmen, auch auf Mikroplastik hin untersuchen. Hier berichten Teilnehmerinnen und Teilnehmer \u00fcber die Wissenschaft und das Leben an Bord.<\/p>\n<p>&nbsp;<\/p>\n<p><strong>Kontakt:<\/strong><\/p>\n<p>Fahrtleitung:<\/p>\n<p>Prof. Dr. Dirk N\u00fcrnberg<\/p>\n<p>GEOMAR Helmholtz-Zentrum f\u00fcr Ozeanforschung Kiel<\/p>\n<p>Wischhofstr. 1-3<\/p>\n<p>D-24148 Kiel<\/p>\n<p><a>dnuernberg(at)geomar.de<\/a><\/p>\n<p>&nbsp;<\/p>\n","protected":false},"excerpt":{"rendered":"<p>Die Expedition SO264 EMPEROR wird sich auf die Erstellung eines neuen pal\u00e4ozeanographischen Nord-S\u00fcd-gerichteten Referenz-Transektes entlang der Emperor-Seamount-Kette im Nordpazifik konzentrieren. Der Ansatz geht erstmalig \u00fcber fr\u00fchere Studien hinaus, die nur isolierte Standorte in dieser Region betrachtet haben. Die Expedition wird Proxy-Zeitserien systematisch kompilieren, um die physikalische und chemische Pal\u00e4ozeanographie des Nord-Pazifiks zwischen ~30\u00b0N und ~50\u00b0N [&hellip;]<\/p>\n","protected":false},"author":92,"featured_media":0,"parent":0,"menu_order":0,"comment_status":"closed","ping_status":"open","template":"","meta":{"footnotes":""},"class_list":["post-2","page","type-page","status-publish","hentry"],"_links":{"self":[{"href":"https:\/\/www.oceanblogs.org\/so264\/wp-json\/wp\/v2\/pages\/2","targetHints":{"allow":["GET"]}}],"collection":[{"href":"https:\/\/www.oceanblogs.org\/so264\/wp-json\/wp\/v2\/pages"}],"about":[{"href":"https:\/\/www.oceanblogs.org\/so264\/wp-json\/wp\/v2\/types\/page"}],"author":[{"embeddable":true,"href":"https:\/\/www.oceanblogs.org\/so264\/wp-json\/wp\/v2\/users\/92"}],"replies":[{"embeddable":true,"href":"https:\/\/www.oceanblogs.org\/so264\/wp-json\/wp\/v2\/comments?post=2"}],"version-history":[{"count":2,"href":"https:\/\/www.oceanblogs.org\/so264\/wp-json\/wp\/v2\/pages\/2\/revisions"}],"predecessor-version":[{"id":10,"href":"https:\/\/www.oceanblogs.org\/so264\/wp-json\/wp\/v2\/pages\/2\/revisions\/10"}],"wp:attachment":[{"href":"https:\/\/www.oceanblogs.org\/so264\/wp-json\/wp\/v2\/media?parent=2"}],"curies":[{"name":"wp","href":"https:\/\/api.w.org\/{rel}","templated":true}]}}