{"id":2,"date":"2016-10-17T16:05:27","date_gmt":"2016-10-17T15:05:27","guid":{"rendered":"http:\/\/www.oceanblogs.org\/so252\/?page_id=2"},"modified":"2016-10-17T18:32:20","modified_gmt":"2016-10-17T17:32:20","slug":"about","status":"publish","type":"page","link":"https:\/\/www.oceanblogs.org\/so252\/about\/","title":{"rendered":"About \/ \u00dcber SO252"},"content":{"rendered":"<p>Wenn die Flanken von Vulkaninseln abrutschen, kann das katastrophale Tsunamis verursachen. Die H\u00f6he solcher Tsunamis ist jedoch umstritten, da sie von vielen Faktoren abh\u00e4ngt. F\u00fcr eine vollst\u00e4ndige Analyse des Gefahrenpotentials, das von Flankenkollapsen ausgeht, ist es daher wichtig, diese Faktoren im Detail zu untersuchen.<br \/>\nMit einem Kollapsvolumen von etwa f\u00fcnf Kubikkilometern ist der Zusammenbruch der Westflanke von <a href=\"http:\/\/volcano.si.edu\/volcano.cfm?vn=251070\" target=\"_blank\">Ritter Island in der Bismarcksee<\/a> im Jahr 1888 der gr\u00f6\u00dfte historisch belegte Flankenkollaps. Dorthin f\u00fchrt die Expedition SO252 mit dem deutschen Forschungsschiff SONNE. Das Arbeitsgebiet bietet ideale Bedingungen zur Rekonstruktion der submarinen Transport- und Ablagerungsprozesse, da<br \/>\n(I) der Zusammenbruch in j\u00fcngster geologischer Vergangenheit stattgefunden hat und somit die Ablagerungen im marinen Bereich sehr deutlich erkennbar sind,<br \/>\n(II) historische Aufzeichnungen vorhanden sind, die Auskunft \u00fcber wichtige Parameter wie das kollabierte subareale Volumen geben und<br \/>\n(III) die H\u00f6hen und Ankunftszeiten des ausgel\u00f6sten Tsunamis auf mehreren Nachbarinseln gemessen und dokumentiert wurden. Daher ist es hier m\u00f6glich, den Tsunami und die Rutschung numerisch zu simulieren, um so die unbekannten Parameter wie Beschleunigung und Geschwindigkeit des abrutschenden Materials zu berechnen, die dann in anderen Gef\u00e4hrdungsanalysen benutzt werden k\u00f6nnen.<\/p>\n<p>In diesem Blog berichten Teilnehmerinnen und Teilnehmer vom Leben und Arbeiten an Bord sowie \u00fcber die wissenschaftlichen Hintergr\u00fcnde der Forschungsreise. Die <a href=\"http:\/\/www.geomar.de\/forschen\/fb4\/fb4-gdy\/schwerpunkte\/\" target=\"_blank\">Fahrtleitung hat Prof. Dr. Christian Berndt aus der Forschungseinheit &#8220;Marine Geodynamik&#8221; am GEOMAR Helmholtz-Zentrum f\u00fcr Ozeanforschung Kiel inne<\/a>.<\/p>\n","protected":false},"excerpt":{"rendered":"<p>Wenn die Flanken von Vulkaninseln abrutschen, kann das katastrophale Tsunamis verursachen. Die H\u00f6he solcher Tsunamis ist jedoch umstritten, da sie von vielen Faktoren abh\u00e4ngt. F\u00fcr eine vollst\u00e4ndige Analyse des Gefahrenpotentials, das von Flankenkollapsen ausgeht, ist es daher wichtig, diese Faktoren im Detail zu untersuchen. Mit einem Kollapsvolumen von etwa f\u00fcnf Kubikkilometern ist der Zusammenbruch der [&hellip;]<\/p>\n","protected":false},"author":92,"featured_media":0,"parent":0,"menu_order":0,"comment_status":"closed","ping_status":"open","template":"","meta":{"footnotes":""},"class_list":["post-2","page","type-page","status-publish","hentry"],"_links":{"self":[{"href":"https:\/\/www.oceanblogs.org\/so252\/wp-json\/wp\/v2\/pages\/2","targetHints":{"allow":["GET"]}}],"collection":[{"href":"https:\/\/www.oceanblogs.org\/so252\/wp-json\/wp\/v2\/pages"}],"about":[{"href":"https:\/\/www.oceanblogs.org\/so252\/wp-json\/wp\/v2\/types\/page"}],"author":[{"embeddable":true,"href":"https:\/\/www.oceanblogs.org\/so252\/wp-json\/wp\/v2\/users\/92"}],"replies":[{"embeddable":true,"href":"https:\/\/www.oceanblogs.org\/so252\/wp-json\/wp\/v2\/comments?post=2"}],"version-history":[{"count":5,"href":"https:\/\/www.oceanblogs.org\/so252\/wp-json\/wp\/v2\/pages\/2\/revisions"}],"predecessor-version":[{"id":19,"href":"https:\/\/www.oceanblogs.org\/so252\/wp-json\/wp\/v2\/pages\/2\/revisions\/19"}],"wp:attachment":[{"href":"https:\/\/www.oceanblogs.org\/so252\/wp-json\/wp\/v2\/media?parent=2"}],"curies":[{"name":"wp","href":"https:\/\/api.w.org\/{rel}","templated":true}]}}