{"id":2,"date":"2014-11-26T15:25:40","date_gmt":"2014-11-26T15:25:40","guid":{"rendered":"http:\/\/www.oceanblogs.org\/so237\/?page_id=2"},"modified":"2014-12-15T14:28:13","modified_gmt":"2014-12-15T14:28:13","slug":"about","status":"publish","type":"page","link":"https:\/\/www.oceanblogs.org\/so237\/about\/","title":{"rendered":"About SO237"},"content":{"rendered":"<p><em>(English version below)<\/em><\/p>\n<p>Rund 60 Prozent der Oberfl\u00e4che unseres Planeten entfallen auf Tiefseeebenen, die zwischen 3000 und 6000 Meter unter der Wasseroberfl\u00e4che liegen. Obwohl sie damit den gr\u00f6\u00dften Lebensraum der Erde darstellen, sind sie bisher kaum untersucht. Das gilt noch mehr f\u00fcr die Tiefseegr\u00e4ben unterhalb von 6000 Meter Wassertiefe. Vieles \u00fcber das Leben am Tiefseeboden und dar\u00fcber, wie Hydrosph\u00e4re, Biosph\u00e4re und Lithosph\u00e4re sich gegenseitig beeinflussen, ist unbekannt. W\u00e4hrend der ersten wissenschaftlichen Expedition des neuen deutschen Tiefseeforschungsschiffs SONNE (SO237, \u201eVema-TRANSIT\u201c) wollen Wissenschaftler des GEOMAR, des Zoologischen Museums Hamburg und der Universit\u00e4t K\u00f6ln mit Unterst\u00fctzung des Deutschen Zentrum f\u00fcr Marine Biodiversit\u00e4tsforschung der Senckenberg-Gesellschaft die Biologie und Geologie der \u201eVema Fracture Zone\u201c im Atlantik genauer untersuchen. Die \u201eVema-Fracture-Zone\u201c liegt bei 10\u00b0 N und sie ist die gr\u00f6\u00dfte St\u00f6rungszone im Verlauf des mittelatlantischen R\u00fccken, der sich in Nord-S\u00fcd-Richtung durch den ganzen Ozean zieht. Die Zusammensetzung der dort am Tiefseeboden lebenden Gemeinschaften wird mittels Greifern und geschleppten Ger\u00e4ten untersucht, gr\u00f6\u00dfere Lebensformen sollen fotografisch erfasst werden. Dabei kommt unter anderem das autonome Unterwasserfahrzeug<a title=\"AUV ABYSS auf geomar.de\" href=\"http:\/\/www.geomar.de\/zentrum\/einrichtungen\/tlz\/auv-abyss\/uebersicht\/\" target=\"_blank\"> AUV ABYSS<\/a> des GEOMAR zum Einsatz, das auch f\u00fcr eine genaue Kartierung des Untersuchungsgebietes sorgt wird. Die beteiligten Wissenschaftler wollen so die Hypothese testen, ob die unterseeischen Gebirgsz\u00fcge des Mittelatlantische R\u00fcckens eine Barriere f\u00fcr am Boden lebende Arten darstellen und sich die \u00d6kosysteme westlich und \u00f6stlich davon unterscheiden.<br \/>\nEin zweites Untersuchungsgebiet der Expedition ist der Puerto Rico Graben, der mit \u00fcber 8000 Metern Tiefe zu den tiefsten Regionen des Atlantiks z\u00e4hlt. Ziel der Untersuchungen ist herauszufinden, ob sich die Biodiversit\u00e4t in dem Tiefseegraben von den umgebenden, flacheren Tiefseeebenen unterscheidet. Die gewonnenen Daten sollen auch Grundlagen f\u00fcr ein geplantes Gro\u00dfforschungsprojekt zur Plattentektonik liefern und erstmalig vollst\u00e4ndige hochaufgel\u00f6ste bathymetrische Daten entlang einer Bruchzone liefern.<\/p>\n<p>Die <strong>aktuelle Position<\/strong> der SONNE finden Sie <a title=\"Position FS SONNE\" href=\"http:\/\/www.sailwx.info\/shiptrack\/shipposition.phtml?call=DBBE\" target=\"_blank\">hier<\/a><\/p>\n<p>&nbsp;<\/p>\n<div id=\"attachment_23\" style=\"width: 478px\" class=\"wp-caption alignleft\"><a href=\"http:\/\/www.oceanblogs.org\/so237\/about\/mapso237\/#main\"><img loading=\"lazy\" decoding=\"async\" aria-describedby=\"caption-attachment-23\" class=\"wp-image-23 size-medium\" src=\"http:\/\/www.oceanblogs.org\/so237\/wp-content\/uploads\/sites\/31\/2014\/11\/MapSo237-468x221.png\" alt=\"Die Arbeitsgebiete der Expedition SO237 &quot;Vema TRANSIT&quot;. \" width=\"468\" height=\"221\" srcset=\"https:\/\/www.oceanblogs.org\/so237\/wp-content\/uploads\/sites\/31\/2014\/11\/MapSo237-468x221.png 468w, https:\/\/www.oceanblogs.org\/so237\/wp-content\/uploads\/sites\/31\/2014\/11\/MapSo237-1024x484.png 1024w, https:\/\/www.oceanblogs.org\/so237\/wp-content\/uploads\/sites\/31\/2014\/11\/MapSo237.png 1136w\" sizes=\"auto, (max-width: 468px) 100vw, 468px\" \/><\/a><p id=\"caption-attachment-23\" class=\"wp-caption-text\">Die Arbeitsgebiete der Expedition SO237 &#8220;Vema TRANSIT&#8221;.<\/p><\/div>\n<p>&nbsp;<\/p>\n<p>The abyssal seafloor makes up more than 60 percent of our planet\u00b4s surface. Although it\u2019s thus the largest habitat on earth, is has hardly been investigated. This applies even more to the deep-sea trenches below 6,000 meters water depth. Much about life on the sea floor and about how hydrosphere, biosphere and lithosphere interact with each other is unknown. During the first scientific expedition of the new German deep-sea research vessel SONNE (SO237, \u201cVema-TRANSIT\u201d) scientists of GEOMAR, the Zoological Museum Hamburg and Cologne University, with the support of the German Centre for Marine Biodiversity Research at the Senckenberg Society want to investigate in more detail the biology and geology of the &#8220;Vema Fracture Zone&#8221; in the Atlantic. The &#8220;Vema Fracture Zone&#8221; is located at 10 \u00b0 N, and it is the biggest fracture along the Mid-Atlantic Ridge, which runs in a north-south direction through the entire ocean. The composition of the communities who live on the sea floor is investigated with deep-sea grabs and towed equipment, larger life forms are to be recorded photographically. For this among other devices GEOMAR\u2019s autonomous underwater vehicle <a title=\"AUV ABYSS on geomar.de\" href=\"http:\/\/www.geomar.de\/zentrum\/einrichtungen\/tlz\/auv-abyss\/uebersicht\/\" target=\"_blank\">(AUV) ABYSS<\/a> is used. It will also provide precise mapping of the study area. The scientists involved want to test the hypothesis whether the Mid-Atlantic Ridge serves as a barrier limiting benthic species distribution in the abyssal basins on both sides of the ridge..<br \/>\nA second working area of the expedition is the Puerto Rico Trench, which with more than 8000 meters depth belongs to the deepest regions of the Atlantic. The aim of the investigation is to determine whether the biodiversity in the deep sea trench differs from the surrounding shallower abyssal plains. The data obtained will also provide the basis for a planned large-scale research project on plate tectonics and deliver first complete high-resolution bathymetric data along a fracture zone.<\/p>\n<p>The current position of RV SONNE you find <a title=\"Current position of RV SONNE on sailwx.info\" href=\"http:\/\/www.sailwx.info\/shiptrack\/shipposition.phtml?call=DBBE\" target=\"_blank\">here<\/a><\/p>\n<div id=\"attachment_31\" style=\"width: 494px\" class=\"wp-caption aligncenter\"><a href=\"http:\/\/www.oceanblogs.org\/so237\/wp-content\/uploads\/sites\/31\/2014\/11\/Vema-TRANSIT_web.jpg\" rel=\"attachment wp-att-31\"><img loading=\"lazy\" decoding=\"async\" aria-describedby=\"caption-attachment-31\" class=\"wp-image-31 size-large\" src=\"http:\/\/www.oceanblogs.org\/so237\/wp-content\/uploads\/sites\/31\/2014\/11\/Vema-TRANSIT_web-724x1024.jpg\" alt=\"Vema TRANSIT Poster. Gestaltung: Torben Riehl\" width=\"484\" height=\"684\" srcset=\"https:\/\/www.oceanblogs.org\/so237\/wp-content\/uploads\/sites\/31\/2014\/11\/Vema-TRANSIT_web-724x1024.jpg 724w, https:\/\/www.oceanblogs.org\/so237\/wp-content\/uploads\/sites\/31\/2014\/11\/Vema-TRANSIT_web-331x468.jpg 331w, https:\/\/www.oceanblogs.org\/so237\/wp-content\/uploads\/sites\/31\/2014\/11\/Vema-TRANSIT_web.jpg 1200w\" sizes=\"auto, (max-width: 484px) 100vw, 484px\" \/><\/a><p id=\"caption-attachment-31\" class=\"wp-caption-text\">Vema TRANSIT Poster. Gestaltung: Torben Riehl<\/p><\/div>\n","protected":false},"excerpt":{"rendered":"<p>(English version below) Rund 60 Prozent der Oberfl\u00e4che unseres Planeten entfallen auf Tiefseeebenen, die zwischen 3000 und 6000 Meter unter der Wasseroberfl\u00e4che liegen. Obwohl sie damit den gr\u00f6\u00dften Lebensraum der Erde darstellen, sind sie bisher kaum untersucht. Das gilt noch mehr f\u00fcr die Tiefseegr\u00e4ben unterhalb von 6000 Meter Wassertiefe. Vieles \u00fcber das Leben am Tiefseeboden [&hellip;]<\/p>\n","protected":false},"author":4,"featured_media":0,"parent":0,"menu_order":0,"comment_status":"open","ping_status":"open","template":"","meta":{"footnotes":""},"class_list":["post-2","page","type-page","status-publish","hentry"],"_links":{"self":[{"href":"https:\/\/www.oceanblogs.org\/so237\/wp-json\/wp\/v2\/pages\/2","targetHints":{"allow":["GET"]}}],"collection":[{"href":"https:\/\/www.oceanblogs.org\/so237\/wp-json\/wp\/v2\/pages"}],"about":[{"href":"https:\/\/www.oceanblogs.org\/so237\/wp-json\/wp\/v2\/types\/page"}],"author":[{"embeddable":true,"href":"https:\/\/www.oceanblogs.org\/so237\/wp-json\/wp\/v2\/users\/4"}],"replies":[{"embeddable":true,"href":"https:\/\/www.oceanblogs.org\/so237\/wp-json\/wp\/v2\/comments?post=2"}],"version-history":[{"count":9,"href":"https:\/\/www.oceanblogs.org\/so237\/wp-json\/wp\/v2\/pages\/2\/revisions"}],"predecessor-version":[{"id":39,"href":"https:\/\/www.oceanblogs.org\/so237\/wp-json\/wp\/v2\/pages\/2\/revisions\/39"}],"wp:attachment":[{"href":"https:\/\/www.oceanblogs.org\/so237\/wp-json\/wp\/v2\/media?parent=2"}],"curies":[{"name":"wp","href":"https:\/\/api.w.org\/{rel}","templated":true}]}}