{"id":2,"date":"2014-06-25T08:43:59","date_gmt":"2014-06-25T08:43:59","guid":{"rendered":"http:\/\/www.oceanblogs.org\/seabird\/?page_id=2"},"modified":"2014-07-07T11:14:45","modified_gmt":"2014-07-07T11:14:45","slug":"about","status":"publish","type":"page","link":"https:\/\/www.oceanblogs.org\/seabird\/about\/","title":{"rendered":"About \/ \u00dcber"},"content":{"rendered":"<p><a class=\"internal-link\" title=\"\u00d6ffnet internen Link im aktuellen Fenster\" href=\"http:\/\/www.geomar.de\/?id=1442\">Prof. Dr. Stefanie Ismar<\/a> ist seit 2012 Junior-Professorin im Forschungsbereich \u201eMarine \u00d6kologie\u201c am GEOMAR Helmholtz-Zentrum f\u00fcr Ozeanforschung Kiel. Hier besch\u00e4ftigt sie sich vor allem mit der Dynamik von Nahrungsnetzen bei sich wandelnden Umweltbedingungen. Eine besondere Spezialit\u00e4t von Stefanie Ismar sind Seev\u00f6gel und deren Rolle in marinen \u00d6kosystemen. Bereits w\u00e4hrend ihrer Promotion und unmittelbar danach hat sie an mehreren Forschungsprojekten zu seltenen Seev\u00f6geln in Neuseeland und im S\u00fcdwestpazifik teilgenommen. In diesem Blog berichten Stefanie Ismar und Mitglieder ihrer Arbeitsgruppe \u00fcber aktuelle Forschungen zu Seev\u00f6geln oder posten Erfahrungsberichte von wissenschaftlichen Exkursionen, egal ob an die schleswig-holsteinische Nordseek\u00fcste, auf einsame Inseln vor Neuseeland oder zu den Galapagos-Inseln.<\/p>\n","protected":false},"excerpt":{"rendered":"<p>Prof. Dr. Stefanie Ismar ist seit 2012 Junior-Professorin im Forschungsbereich \u201eMarine \u00d6kologie\u201c am GEOMAR Helmholtz-Zentrum f\u00fcr Ozeanforschung Kiel. Hier besch\u00e4ftigt sie sich vor allem mit der Dynamik von Nahrungsnetzen bei sich wandelnden Umweltbedingungen. Eine besondere Spezialit\u00e4t von Stefanie Ismar sind Seev\u00f6gel und deren Rolle in marinen \u00d6kosystemen. Bereits w\u00e4hrend ihrer Promotion und unmittelbar danach hat [&hellip;]<\/p>\n","protected":false},"author":4,"featured_media":0,"parent":0,"menu_order":0,"comment_status":"open","ping_status":"open","template":"","meta":{"footnotes":""},"class_list":["post-2","page","type-page","status-publish","hentry"],"_links":{"self":[{"href":"https:\/\/www.oceanblogs.org\/seabird\/wp-json\/wp\/v2\/pages\/2","targetHints":{"allow":["GET"]}}],"collection":[{"href":"https:\/\/www.oceanblogs.org\/seabird\/wp-json\/wp\/v2\/pages"}],"about":[{"href":"https:\/\/www.oceanblogs.org\/seabird\/wp-json\/wp\/v2\/types\/page"}],"author":[{"embeddable":true,"href":"https:\/\/www.oceanblogs.org\/seabird\/wp-json\/wp\/v2\/users\/4"}],"replies":[{"embeddable":true,"href":"https:\/\/www.oceanblogs.org\/seabird\/wp-json\/wp\/v2\/comments?post=2"}],"version-history":[{"count":4,"href":"https:\/\/www.oceanblogs.org\/seabird\/wp-json\/wp\/v2\/pages\/2\/revisions"}],"predecessor-version":[{"id":40,"href":"https:\/\/www.oceanblogs.org\/seabird\/wp-json\/wp\/v2\/pages\/2\/revisions\/40"}],"wp:attachment":[{"href":"https:\/\/www.oceanblogs.org\/seabird\/wp-json\/wp\/v2\/media?parent=2"}],"curies":[{"name":"wp","href":"https:\/\/api.w.org\/{rel}","templated":true}]}}