{"id":2,"date":"2018-06-15T07:36:18","date_gmt":"2018-06-15T06:36:18","guid":{"rendered":"http:\/\/www.oceanblogs.org\/pos525\/?page_id=2"},"modified":"2018-06-15T08:49:48","modified_gmt":"2018-06-15T06:49:48","slug":"about","status":"publish","type":"page","link":"https:\/\/www.oceanblogs.org\/pos525\/about\/","title":{"rendered":"About"},"content":{"rendered":"<p><em>(English version below)<\/em><\/p>\n<p>Die Hauptziele dieser Reise mit dem Forschungsschiff POSEIDON beinhalten Untersuchungen von Kaltwasserkorallen-\u00d6kosystemen im Hinblick auf nat\u00fcrliche Wachstums- und Abbauprozesse, Stoffwechselaktivit\u00e4t, R\u00e4uber-Beute-Beziehungen, sowie das Nahrungsnetz (v.a. natu\u0308rliche Nahrungsvorkommen) an verschiedenen Lokationen entlang der Ku\u0308ste Norwegens (von sehr n\u00f6rdlichen Korallenvorkommen u\u0308ber Mittel-Norwegen bis hin zum su\u0308dlichen Grenzgebiet des Nordatlantiks). Hierzu werden Wachstums- und Bioerosionsraten, Sauerstoffverbrauchsraten und N\u00e4hrstoffflu\u0308sse von Organismen-Gemeinschaften, sowie mit Hilfe von stabilen Isotopen die Kohlenstoff- und Stickstoffflu\u0308sse \u201ein-situ\u201c, d.h. direkt im Habitat, bestimmt. Au\u00dferdem sollen vereinzelt Korallenfragmente der am weitesten verbreiteten Art Lophelia pertusa und andere wichtige, mit den Riffen assoziierte Organismen (Acesta excavata, Geodia barretti) fu\u0308r Kurzzeit-Experimente an Bord (u.a. Sauerstoffverbrauchsraten), sowie Langzeitexperimente im Labor gesammelt werden. Alle Untersuchungen erfolgen jeweils an einem ablandigen Riff sowie an einem ku\u0308stennahen Riffbereich innerhalb der Fjorde an allen drei Lokationen (Nord-, Mittel- und Su\u0308d-Norwegen) um Unterschiede zwischen den Riffarealen mit verschiedenen Wasserk\u00f6rpern und Umweltbedingungen zu ermitteln.<\/p>\n<p>&nbsp;<\/p>\n<p><em>The main purposes of this cruise with RV POSEIDON are investigations on cold-water coral ecosystems with regard to natural growth and degradation processes, metabolic activity, predator-prey relationships, as well as food web dynamics (i.e. assessment of natural food sources and availability) along the Norwegian coasts and margins (from northern cold-water coral occurrences, over mid-Norway to the southern boundary of the North Atlantic). For this, growth and bioerosion rates, community oxygen consumption rates, as well as carbon and nitrogen fluxes via isotope injection studies will be examined \u2019in-situ\u2019, directly in the habitat. In addition, living colonies of the cold-water coral Lophelia pertusa and associated key organisms (Acesta excavata, Geodia barretti) shall be collected for short-term on-board experiments (e.g. respiration rate) as well as long-term laboratory studies. All investigations will be carried out at an offshore reef as well as a coastal area within Norwegian fjords at all three localities (north, middle and southern Norway) to estimate differences between cold-water coral occurrences with different water parameters and environmental conditions.<\/em><\/p>\n","protected":false},"excerpt":{"rendered":"<p>(English version below) Die Hauptziele dieser Reise mit dem Forschungsschiff POSEIDON beinhalten Untersuchungen von Kaltwasserkorallen-\u00d6kosystemen im Hinblick auf nat\u00fcrliche Wachstums- und Abbauprozesse, Stoffwechselaktivit\u00e4t, R\u00e4uber-Beute-Beziehungen, sowie das Nahrungsnetz (v.a. natu\u0308rliche Nahrungsvorkommen) an verschiedenen Lokationen entlang der Ku\u0308ste Norwegens (von sehr n\u00f6rdlichen Korallenvorkommen u\u0308ber Mittel-Norwegen bis hin zum su\u0308dlichen Grenzgebiet des Nordatlantiks). Hierzu werden Wachstums- und Bioerosionsraten, [&hellip;]<\/p>\n","protected":false},"author":4,"featured_media":0,"parent":0,"menu_order":0,"comment_status":"closed","ping_status":"open","template":"","meta":{"footnotes":""},"class_list":["post-2","page","type-page","status-publish","hentry"],"_links":{"self":[{"href":"https:\/\/www.oceanblogs.org\/pos525\/wp-json\/wp\/v2\/pages\/2","targetHints":{"allow":["GET"]}}],"collection":[{"href":"https:\/\/www.oceanblogs.org\/pos525\/wp-json\/wp\/v2\/pages"}],"about":[{"href":"https:\/\/www.oceanblogs.org\/pos525\/wp-json\/wp\/v2\/types\/page"}],"author":[{"embeddable":true,"href":"https:\/\/www.oceanblogs.org\/pos525\/wp-json\/wp\/v2\/users\/4"}],"replies":[{"embeddable":true,"href":"https:\/\/www.oceanblogs.org\/pos525\/wp-json\/wp\/v2\/comments?post=2"}],"version-history":[{"count":2,"href":"https:\/\/www.oceanblogs.org\/pos525\/wp-json\/wp\/v2\/pages\/2\/revisions"}],"predecessor-version":[{"id":7,"href":"https:\/\/www.oceanblogs.org\/pos525\/wp-json\/wp\/v2\/pages\/2\/revisions\/7"}],"wp:attachment":[{"href":"https:\/\/www.oceanblogs.org\/pos525\/wp-json\/wp\/v2\/media?parent=2"}],"curies":[{"name":"wp","href":"https:\/\/api.w.org\/{rel}","templated":true}]}}