{"id":2,"date":"2017-12-18T13:59:32","date_gmt":"2017-12-18T13:59:32","guid":{"rendered":"http:\/\/www.oceanblogs.org\/pos519\/?page_id=2"},"modified":"2017-12-18T14:08:33","modified_gmt":"2017-12-18T14:08:33","slug":"about","status":"publish","type":"page","link":"https:\/\/www.oceanblogs.org\/pos519\/about\/","title":{"rendered":"About POS519"},"content":{"rendered":"<p>In sog. \u201eEastern Boundary Upwelling Systems (EBUS)\u201c wird Tiefenwasser an die Oberfl\u00e4che gebracht, das hohe Konzentrationen an Spurengasen (wie z.B. CO2 und N2O) und niedrige Konzentrationen an O2 hat. Auf Grund der geographischen Lage von EBUS (Tropen\/ Subtropen), setzt dann eine starke biologische Produktion ein. Die aufgetrieben Wassermassen treiben von der K\u00fcste in den offenen Ozean und geben gro\u00dfe Mengen an CO2 und N2O an die Atmosph\u00e4re ab und nehmen O2 auf. Gleichzeitig wird aber auch CO2 durch biologische Prozesse aufgenommen und O2 abgegeben. Die hohe Produktivit\u00e4t f\u00fchrt zur Ausbildung von Oberfl\u00e4chenfilmen (SML), die den Gasaustausch unterdr\u00fccken k\u00f6nnen. Die Auswirkungen sollen in einem Experiment untersucht werden. In einem frisch aufgetriebenen Wasserpaket soll ein Oberfl\u00e4chendrifter ausgesetzt werden, so dass wir diesem Wasserpaket folgen und ein extensives Messprogramm durchf\u00fchren k\u00f6nnen: Messung von Spurengasen im Wasser und der Atmosph\u00e4re, Direktflussmessungen von CO2, regelm\u00e4\u00dfige Beprobung des SML und Messungen der physikalischen Bedingungen. Diese Messungen werden uns helfen, die biologischen, chemischen und physikalischen Prozesse zu entflechten und das Verst\u00e4ndnis von Auftriebsgebieten und deren globale Auswirkung verbessern.<\/p>\n<p>In diesem Blog berichten wir von den Vorbereitungen f\u00fcr die Expedition und von der Expedition selbst.<\/p>\n<p>&nbsp;<\/p>\n<p><em>Eastern Boundary upwelling systems (EBUS) are well known to be highly productive regions. Water from deeper layers is brought to the surface and transports high loads of nutrients and trace gases (e.g. CO2, N2O) and water that is low in oxygen. Due to their geographical location in the tropics\/subtropics enough light is available to start strong biological productivity. While water masses move away from the coast to the open ocean trace gases as CO2 and N2O are released to the atmosphere while oxygen is taken up. At the same time CO2 is consumed by biological production and oxygen is produced. Due to this high productivity surfactants are building up at the sea surface. This surface micro layer (SML) is known to dampen air-sea gas exchange. Here we propose to deploy a drifter in a fresh upwelled water parcel in order to follow the water parcel for a time period of 15 days. During this time an extensive measuring program will be conducted consisting of continuous measurements of trace gases in the upwelling patch and the overlying atmosphere, direct flux measurements of CO2, regular determination of the SML and measurements of the physical conditions of the water parcel. This sampling strategy will enable us to unravel the different biological, chemical and physical processes in the upwelling parcel and foster our knowledge about the impact of EBUS on global scales.<\/em><\/p>\n<p><em>In this blog we write about the preparations for the expeditions and we report about our work on RV POSEIDON.<\/em><\/p>\n<p>&nbsp;<\/p>\n<p><strong>Contact:<\/strong><\/p>\n<p>Dr. Tobias Steinhoff (Chief Scientist cruise POS519)<\/p>\n<p>GEOMAR Helmholtz Centre for Ocean Research Kiel<\/p>\n<p>tsteinhoff@geomar.de<\/p>\n<p>&nbsp;<\/p>\n<p><strong>Autorinnen und Autoren \/<em> authors:<\/em><\/strong><\/p>\n<ul>\n<li>Dr. Tobias Steinhoff (Fahrtleiter POS519)<\/li>\n<li>Lisa Hoffmann<\/li>\n<\/ul>\n<p>&nbsp;<\/p>\n","protected":false},"excerpt":{"rendered":"<p>In sog. \u201eEastern Boundary Upwelling Systems (EBUS)\u201c wird Tiefenwasser an die Oberfl\u00e4che gebracht, das hohe Konzentrationen an Spurengasen (wie z.B. CO2 und N2O) und niedrige Konzentrationen an O2 hat. Auf Grund der geographischen Lage von EBUS (Tropen\/ Subtropen), setzt dann eine starke biologische Produktion ein. Die aufgetrieben Wassermassen treiben von der K\u00fcste in den offenen [&hellip;]<\/p>\n","protected":false},"author":92,"featured_media":0,"parent":0,"menu_order":0,"comment_status":"closed","ping_status":"open","template":"","meta":{"footnotes":""},"class_list":["post-2","page","type-page","status-publish","hentry"],"_links":{"self":[{"href":"https:\/\/www.oceanblogs.org\/pos519\/wp-json\/wp\/v2\/pages\/2","targetHints":{"allow":["GET"]}}],"collection":[{"href":"https:\/\/www.oceanblogs.org\/pos519\/wp-json\/wp\/v2\/pages"}],"about":[{"href":"https:\/\/www.oceanblogs.org\/pos519\/wp-json\/wp\/v2\/types\/page"}],"author":[{"embeddable":true,"href":"https:\/\/www.oceanblogs.org\/pos519\/wp-json\/wp\/v2\/users\/92"}],"replies":[{"embeddable":true,"href":"https:\/\/www.oceanblogs.org\/pos519\/wp-json\/wp\/v2\/comments?post=2"}],"version-history":[{"count":3,"href":"https:\/\/www.oceanblogs.org\/pos519\/wp-json\/wp\/v2\/pages\/2\/revisions"}],"predecessor-version":[{"id":6,"href":"https:\/\/www.oceanblogs.org\/pos519\/wp-json\/wp\/v2\/pages\/2\/revisions\/6"}],"wp:attachment":[{"href":"https:\/\/www.oceanblogs.org\/pos519\/wp-json\/wp\/v2\/media?parent=2"}],"curies":[{"name":"wp","href":"https:\/\/api.w.org\/{rel}","templated":true}]}}