{"id":8,"date":"2014-07-31T10:37:13","date_gmt":"2014-07-31T08:37:13","guid":{"rendered":"http:\/\/www.oceanblogs.org\/pos473\/?page_id=8"},"modified":"2014-08-14T12:48:45","modified_gmt":"2014-08-14T10:48:45","slug":"poseidon-pos-473","status":"publish","type":"page","link":"https:\/\/www.oceanblogs.org\/pos473\/poseidon-pos-473\/","title":{"rendered":"\u00dcber \/ About POS 473"},"content":{"rendered":"<p><strong>POSEIDON POS 473 &#8211; Warum wir unterwegs sind<\/strong><br \/>\n<strong> (english version below)<\/strong><\/p>\n<p><strong>Datum:<\/strong> 15.08.2014 &#8211; 31.08.2014<br \/>\n<strong>Region:<\/strong> Norwegische See<br \/>\n<strong>Fahrtleitung:<\/strong> Dr. Armin U. Form, GEOMAR<\/p>\n<p>Wie reagieren Kaltwasserkorallen auf sich \u00e4ndernde Umweltbedingungen wie steigende Wassertemperaturen und Ozeanversauerung? Vor einem Jahr hatten ein Wissenschafts-Team auf der <a title=\"POS455\" href=\"http:\/\/www.geomar.de\/forschen\/expeditionen\/detailansicht\/exp\/completed\/322658\/\" target=\"_blank\">POSEIDON-Ausfahrt POS 455 <\/a>unter Leitung des GEOMAR drei so genannte Lander am Rande von Korallenriffen im \u00e4u\u00dferen Trondheimfjord und vor der K\u00fcste Mittelnorwegens ausgesetzt, um wichtige Umweltparameter wie Temperatur, pH-Wert, Str\u00f6mung oder Gezeiten \u00fcber mehrere Monate zu erfassen. Zuvor an Bord analysierte und markierte Korallen wurden im Riff platziert, um die Entwicklung der Organismen sowie die nat\u00fcrlichen Erosionsraten zu untersuchen.<\/p>\n<p>Auf der POSEIDON-Expedition POS 473, 15. August bis 3. September 2014, werden die Ger\u00e4te und Versuchsanordnungen wieder geborgen. Au\u00dferdem sind umfangreiche Videodokumentationen geplant. Zus\u00e4tzlich sammeln die Forscher gezielt Proben f\u00fcr Experimente. Bereits an Bord untersuchen sie die Sauerstoff-Verbrauchsraten einzelner Korallenst\u00f6cke. In den Heimatlaboren f\u00fchren sie sp\u00e4ter verschiedene Versuche durch, um den kombinierten Einfluss von Ozeanversauerung und -erw\u00e4rmung sowie die Nahrungsverf\u00fcgbarkeit auf grundlegende physiologische Mechanismen der Korallen zu bestimmen.\u2028\u2028F\u00fcr ihre Arbeiten vor der norwegischen K\u00fcste setzen die Wissenschaftler das <a title=\"Forschungstauchboot JAGO\" href=\"http:\/\/www.geomar.de\/zentrum\/einrichtungen\/tlz\/jago\/uebersicht\/\" target=\"_blank\">Forschungstauchboot JAGO<\/a> ein. Fahrtleiter der Expedition, die im Rahmen des deutschen Forschungsverbunds zur Ozeanversauerung <a title=\"BIOACID Biological Impacts of Ocean Acidification\" href=\"http:\/\/www.bioacid.de\/front_content.php?idcat=0&amp;idart=0&amp;client=27&amp;lang=26&amp;error=1\" target=\"_blank\">BIOACID (Biological Impacts of Ocean Acidification)<\/a> stattfindet, ist Dr. Armin Form vom GEOMAR.<\/p>\n<p><a title=\"Kaltwasserkorallen: Die heimlichen Sch\u00f6nheiten der Tiefe\" href=\"http:\/\/www.geomar.de\/entdecken\/artikel\/article\/kaltwasserkorallen-die-heimlichen-schoenheiten-der-tiefe\/\" target=\"_blank\">Mehr \u00fcber Kaltwasserkorallen.<\/a><br \/>\n<a title=\"Video: Kaltwasserkorallen im Langzeit-Versuch\" href=\"http:\/\/www.geomar.tv\/gtv2-00\/gtv2-02\" target=\"_blank\">Video: <span class=\"headline\">Kaltwasserkorallen im Langzeit-Versuch<\/span>.<\/a><br \/>\n<a title=\"Ozeanversauerung: Das andere Kohlendioxid-Problem\" href=\"http:\/\/www.geomar.de\/entdecken\/artikel\/article\/ozeanversauerung-das-andere-co2-problem\/http:\/\/\" target=\"_blank\">Mehr \u00fcber Ozeanversauerung.<\/a><br \/>\n<a title=\"Ozeanversauerung: Eine Lebensgemeinschaft in Aufl\u00f6sung\" href=\"http:\/\/www.geomar.de\/de\/entdecken\/videos\/ozeanversauerung-eine-lebensgemeinschaft-in-aufloesung\/\" target=\"_blank\">Video: Ozeanversauerung: Eine Lebensgemeinschaft in Aufl\u00f6sung<\/a>.<\/p>\n<p><strong>POSEIDON POS 473 &#8211; What we do &#8211; and why:<\/strong><\/p>\n<p><strong>Date:<\/strong> August 15 &#8211; 31, 2014<br \/>\n<strong>Region:<\/strong> Norwegian Sea<br \/>\n<strong>Chief scientist:<\/strong> Dr. Armin U. Form, GEOMAR<\/p>\n<p>How do cold-water corals react to changing environmental conditions such as rising water temperatures and ocean acidification? One year ago, a scientific team led by GEOMAR deployed three so-called landers at cold-water coral reefs in the Trondheim fjord and off the coast of Central Norway. For a period of twelve months, important environmental parameters such as temperature, pH and tides were measured. Corals that had previously been analyzed and marked were placed in the reef in order to investigate growth and natural erosion rates.<\/p>\n<p>During the POSEIDON expedition POS473, 15 August to 3 September 2014, the instruments and experimental setups will be recovered. In addition, extensive video documentations are planned. The researchers are also going to collect samples for further experiments. Already on board, oxygen consumption rates of individual coral branches will be investigated. In the home laboratories, various experiments will be conducted to determine the combined effects of ocean acidification and warming and food availability on basic physiological mechanisms of corals.<\/p>\n<p>For their work off the Norwegian coast, scientists will use the <a title=\"Research submersible JAGO\" href=\"http:\/\/www.geomar.de\/en\/centre\/central-facilities\/tlz\/jago\/overview\/\" target=\"_blank\">research submersible JAGO<\/a>. Chief scientist of the expedition, which takes place in the framework of the German research network for ocean acidification <a title=\"BIOACID Biological Impacts of Ocean Acidification\" href=\"http:\/\/www.bioacid.de\/\" target=\"_blank\">BIOACID (Biological Impacts of Ocean Acidification)<\/a> is Dr. Armin Form.<\/p>\n<p><a title=\"Ocean Acidification: An Ecosystem Facing Dissolution\" href=\"http:\/\/www.geomar.de\/en\/discover\/videos\/ocean-acidificationan-ecosystem-facing-dissolution\/\" target=\"_blank\">Video: Ocean Acidification: An Ecosystem Facing Dissolution. <\/a><\/p>\n<p>&nbsp;<\/p>\n","protected":false},"excerpt":{"rendered":"<p>POSEIDON POS 473 &#8211; Warum wir unterwegs sind (english version below) Datum: 15.08.2014 &#8211; 31.08.2014 Region: Norwegische See Fahrtleitung: Dr. Armin U. Form, GEOMAR Wie reagieren Kaltwasserkorallen auf sich \u00e4ndernde Umweltbedingungen wie steigende Wassertemperaturen und Ozeanversauerung? Vor einem Jahr hatten ein Wissenschafts-Team auf der POSEIDON-Ausfahrt POS 455 unter Leitung des GEOMAR drei so genannte Lander [&hellip;]<\/p>\n","protected":false},"author":101,"featured_media":0,"parent":0,"menu_order":0,"comment_status":"open","ping_status":"open","template":"","meta":{"footnotes":""},"class_list":["post-8","page","type-page","status-publish","hentry"],"_links":{"self":[{"href":"https:\/\/www.oceanblogs.org\/pos473\/wp-json\/wp\/v2\/pages\/8","targetHints":{"allow":["GET"]}}],"collection":[{"href":"https:\/\/www.oceanblogs.org\/pos473\/wp-json\/wp\/v2\/pages"}],"about":[{"href":"https:\/\/www.oceanblogs.org\/pos473\/wp-json\/wp\/v2\/types\/page"}],"author":[{"embeddable":true,"href":"https:\/\/www.oceanblogs.org\/pos473\/wp-json\/wp\/v2\/users\/101"}],"replies":[{"embeddable":true,"href":"https:\/\/www.oceanblogs.org\/pos473\/wp-json\/wp\/v2\/comments?post=8"}],"version-history":[{"count":11,"href":"https:\/\/www.oceanblogs.org\/pos473\/wp-json\/wp\/v2\/pages\/8\/revisions"}],"predecessor-version":[{"id":43,"href":"https:\/\/www.oceanblogs.org\/pos473\/wp-json\/wp\/v2\/pages\/8\/revisions\/43"}],"wp:attachment":[{"href":"https:\/\/www.oceanblogs.org\/pos473\/wp-json\/wp\/v2\/media?parent=8"}],"curies":[{"name":"wp","href":"https:\/\/api.w.org\/{rel}","templated":true}]}}