{"id":2,"date":"2016-05-31T12:53:50","date_gmt":"2016-05-31T11:53:50","guid":{"rendered":"http:\/\/www.oceanblogs.org\/onthewayve\/?page_id=2"},"modified":"2016-06-27T07:14:52","modified_gmt":"2016-06-27T05:14:52","slug":"sample-page","status":"publish","type":"page","link":"https:\/\/www.oceanblogs.org\/onthewayve\/sample-page\/","title":{"rendered":"About"},"content":{"rendered":"<p style=\"text-align: center\">+++english version below+++<\/p>\n<p>Hallo,<\/p>\n<p>ich freue mich, dass ihr auf meinen Blog gesto\u00dfen seid! Ich bin Hanna Campen und habe vor kurzem meine Masterarbeit im Studiengang Biological Oceanography, der vom GEOMAR und der Universit\u00e4t Kiel ausgerichtet wird, abgegeben. Entsprechend befinde ich mich nun in der Phase zwischen Studiumsende und dem n\u00e4chsten Abschnitt &#8211; wie auch immer der aussehen mag. Ich bin also auf dem Weg. Nur wohin &#8211; das wei\u00df ich selbst noch nicht so ganz genau! Die Idee meines Blogs ist euch an diesem sicherlich nicht geradlinigen, aber daf\u00fcr umso erlebnisreicheren Weg teilhaben zu lassen.<\/p>\n<p><strong>Was erwartet euch hier?<\/strong><\/p>\n<p style=\"padding-left: 30px\"><strong>Erlebnisse<\/strong>, <strong>Eindr\u00fccke<\/strong> und <strong>Erkenntnisse<\/strong>, die ich auf meinem Weg sammle!<\/p>\n<p style=\"padding-left: 30px\">Das kann im Grunde genommen alles M\u00f6gliche umfassen: Auslandsaufenthalte, Praktika, Konferenzen, usw. Das meiste werde ich in Englisch, und manches vielleicht auch mal in Deutsch verfassen, damit m\u00f6glichst viele Interessierte etwas davon mitnehmen k\u00f6nnen. Vielleicht ist es also f\u00fcr einzelne spannend davon zu lesen, weil ihr in einer \u00e4hnlichen Situation seid oder f\u00fcr andere einfach interessant den Weg einer frisch gebackenen Meeeresbiologie-Absolventin (sch\u00f6nen Gru\u00df an meine Familie an dieser Stelle) zu verfolgen.<\/p>\n<p><strong>Und warum?<\/strong><\/p>\n<p style=\"padding-left: 30px\">Weil ich <strong>Spa\u00df an Kommunikation<\/strong> habe und gerne manche <strong>Erfahrungen<\/strong> schriftlich festhalten und mit anderen Menschen &#8211; euch &#8211;\u00a0 <strong>teilen<\/strong> m\u00f6chte!<\/p>\n<p style=\"padding-left: 30px\">Auch wenn ich noch nicht genau wei\u00df, wohin es mich beruflich einmal verschlagen wird, habe ich nat\u00fcrlich trotzdem einige Ideen. Eine davon ist eben dieser Blog, der meiner Freude am Schreiben und der Faszination an Kommunikation entsprungen ist. Ich bin der \u00dcberzeugung, dass Worte und Sprache eine Menge bewegen und transportieren k\u00f6nnen und das dies vor allem im Bereich der Wissenschaft von enormer Bedeutung ist. In meinem Blog m\u00f6chte ich mich also darin probieren euch mitzunehmen auf meine Reise, euch auf unterhaltsame Weise von meinen Erlebnissen berichten und \u2013 wenn es ideal l\u00e4uft \u2013 euch dabei etwas von den Erkenntnissen und dem Neuen vermitteln, das ich erfahre.<\/p>\n<p><strong>Warum also &#8220;On the wayve&#8221;?<\/strong><\/p>\n<p style=\"padding-left: 30px\">Es ist die Kombination aus &#8220;sich auf dem Weg befinden&#8221; und sich dabei ganz gelassen, frei nach dem Motto \u201ego with the flow\u201c, von den Wellen in die richtige Richtung tragen zu lassen &#8211; von diesem Prozess will ich euch erz\u00e4hlen.<\/p>\n<div id=\"attachment_121\" style=\"width: 494px\" class=\"wp-caption alignnone\"><img loading=\"lazy\" decoding=\"async\" aria-describedby=\"caption-attachment-121\" class=\"wp-image-121 size-large\" src=\"http:\/\/www.oceanblogs.org\/onthewayve\/wp-content\/uploads\/sites\/46\/2016\/05\/IMG_20160603_201214_678-1024x577.jpg\" alt=\"At the Rookery Bay Field Station, South Florida. \u00a9 H. Campen\" width=\"484\" height=\"273\" srcset=\"https:\/\/www.oceanblogs.org\/onthewayve\/wp-content\/uploads\/sites\/46\/2016\/05\/IMG_20160603_201214_678-1024x577.jpg 1024w, https:\/\/www.oceanblogs.org\/onthewayve\/wp-content\/uploads\/sites\/46\/2016\/05\/IMG_20160603_201214_678-485x273.jpg 485w, https:\/\/www.oceanblogs.org\/onthewayve\/wp-content\/uploads\/sites\/46\/2016\/05\/IMG_20160603_201214_678.jpg 1632w\" sizes=\"auto, (max-width: 484px) 100vw, 484px\" \/><p id=\"caption-attachment-121\" class=\"wp-caption-text\">At the Rookery Bay Field Station, South Florida.<br \/> \u00a9 H. Campen<\/p><\/div>\n<p><strong>Zur Zeit\u2026<\/strong><\/p>\n<p style=\"padding-left: 30px\">\u2026 befinde ich mich in <strong>Florida<\/strong>. Ich absolviere hier ein Forschungspraktikum im <a href=\"https:\/\/kominoskilab.wordpress.com\/people\/\">John Kominoski Lab<\/a> an der FIU (Florida International University, Miami), das mich in die endlosen Gew\u00e4sser der <strong>Everglades<\/strong> verschl\u00e4gt! In den n\u00e4chsten Wochen k\u00f6nnt ihr hier also von den Erlebnissen jeglicher Art lesen, schlie\u00dflich begebe ich mich mit diesem Praktikum sowohl auf wissenschaftlicher als auch pers\u00f6nlicher Ebene in die Fremde.<br \/>\nDer Meeresspiegelanstieg ist hier durch die geographische Lage besonders stark zu sp\u00fcren und droht die einzigartige eigentliche S\u00fc\u00dfwasser-Landschaft der Everglades salziger werden zu lassen. Das k\u00f6nnte nicht nur viele einheimische Pflanzen- und Tierarten aussterben lassen, sondern auch die Grundwasserversorgung vieler umliegender urbaner Regionen, wie z.B. Miami gef\u00e4hrden. Wie weit sind solche Ver\u00e4nderungen bereits fortgeschritten? Was genau ver\u00e4ndert sich \u00fcberhaupt? Kann der nachweisliche Zuwachs von Mangrovenb\u00e4umen vielleicht etwas retten indem er dem Meerespiegelanstieg standh\u00e4lt? Und was f\u00fcr eine Rolle spielen menschliche Eingriffe in Form von Kanalbau und Trockenlegungen?<br \/>\nMit diesen zentralen Fragen besch\u00e4ftigt sich <a href=\"https:\/\/news.fiu.edu\/2016\/01\/mangroves-move-inland-as-seas-rise\/96034\">Sean Charles&#8217; Projekt<\/a>, an dem ich mitarbeite.<\/p>\n<p>Falls ihr nach dieser ausschweifenden Einf\u00fchrung trotzdem noch Fragen haben solltet, schreibt mir gerne eine Email! Ich freue mich \u00fcber alle erdenklichen Anregungen und Kommentare von euch.<\/p>\n<p><strong>Kontakt:<\/strong><br \/>\non.the.wayve@gmail.com<\/p>\n<p>&nbsp;<\/p>\n<hr \/>\n<p>&nbsp;<\/p>\n<p>Hello All!<\/p>\n<p>I\u2019m glad that you\u2019ve found to my blog. My name is Hanna Campen and I recently finished my master thesis in the programme \u201cBiological Oceanography, conducted by the GEOMAR and Kiel University. So, right now I\u2019m in this in-between-phase before the next chapter of life begins \u2013 whatever this chapter might be like. I\u2019m on the way. To where? I don\u2019t know yet. So, writing this blog I\u2019d like to tell you about this way which certainly is less straight-lined but probably even more enriching and exciting.<\/p>\n<p><strong>What will you find here?<\/strong><\/p>\n<p style=\"padding-left: 30px\">\n<strong>Experiences<\/strong>, <strong>impressions<\/strong> and <strong>insights<\/strong> I gain on my way.<\/p>\n<p style=\"padding-left: 30px\">\nBasically this could be anything: i.g. Experiences abroad, internships, conferences. Most of the posts I will write in English but some of them might be also in German, so that as many interested people as possible can take part. So, for some of you it might be inspiring to read it by finding theirself in a similar situation and some might just be interested to see how it is going in the life of a fresh Marine Biology graduate (hello to my family, at this point).<\/p>\n<p><strong>And why?<\/strong><\/p>\n<p style=\"padding-left: 30px\">Because I\u2019m interested in <strong>communication <\/strong>and I\u2019d like to <strong>share <\/strong>some <strong>experiences <\/strong>with you by writing about them.<\/p>\n<p style=\"padding-left: 30px\">\nEven if I\u2019m not quite sure yet about in which subject I want to specialize into, I do have an idea. One part of it was to write a blog because of my fascination for writing and communication in general. In my opinion words and language are not only crucial but also powerful tools to bring important and sometimes mind splitting issues across &#8211; which is especially in science of great value. My blog is a try to to take you with me on my journey and to entertainingly tell you about all those experiences on the way. Ideally, this way I could share with you some of the knowledge and insights I gain.<\/p>\n<p style=\"padding-left: 30px\">\n<p><strong>So, why \u201cOn the Wayve\u201d?<\/strong><\/p>\n<p style=\"padding-left: 30px\">\nIt\u2019s simply the combination of \u201cbeing on the way\u201d, and the try to keep with the motto \u201cgo with the flow\u201d, like letting a wave take you into the right direction \u2013 this process is what I\u2019d like to tell you about.<\/p>\n<div id=\"attachment_121\" style=\"width: 494px\" class=\"wp-caption alignnone\"><img loading=\"lazy\" decoding=\"async\" aria-describedby=\"caption-attachment-121\" class=\"wp-image-121 size-large\" src=\"http:\/\/www.oceanblogs.org\/onthewayve\/wp-content\/uploads\/sites\/46\/2016\/05\/IMG_20160603_201214_678-1024x577.jpg\" alt=\"At the Rookery Bay Field Station, South Florida. \u00a9 H. Campen\" width=\"484\" height=\"273\" srcset=\"https:\/\/www.oceanblogs.org\/onthewayve\/wp-content\/uploads\/sites\/46\/2016\/05\/IMG_20160603_201214_678-1024x577.jpg 1024w, https:\/\/www.oceanblogs.org\/onthewayve\/wp-content\/uploads\/sites\/46\/2016\/05\/IMG_20160603_201214_678-485x273.jpg 485w, https:\/\/www.oceanblogs.org\/onthewayve\/wp-content\/uploads\/sites\/46\/2016\/05\/IMG_20160603_201214_678.jpg 1632w\" sizes=\"auto, (max-width: 484px) 100vw, 484px\" \/><p id=\"caption-attachment-121\" class=\"wp-caption-text\">At the Rookery Bay Field Station, South Florida. \u00a9 H. Campen<\/p><\/div>\n<p>&nbsp;<br \/>\n<strong>Right now\u2026<\/strong><\/p>\n<p style=\"padding-left: 30px\">\n\u2026I am in Florida. Here I am doing a research internship in the <a href=\"https:\/\/kominoskilab.wordpress.com\/people\/\">John Kominoski Lab<\/a> at the FIU (Florida International University, Miami), which takes me into the endless waters of the Everglades. During the next weeks you\u2019ll find posts about all different kinds of experiences, since for me going here means an adventure not only on research but also on the personal level.<br \/>\nThis area is especially endangered by sea level-rise due to its geographical position. This unique landscape, originally dominated by mostly freshwater wetlands, is threatened to become more and more salty. This could not only cause the extinction of many native\u00a0 plants and animals species forming this wetland ecosystem, but it could also threaten the drinking water supply to surrounding urban regions, such as Miami.<br \/>\nHow much did this ecosystem already change? What exactly changes? May the substantial mangrove encroachment help to catch up with sea level-rise? And what role do anthropogenic perturbances like drainage and canal building play?<br \/>\nThose key questions are dealt by <a href=\"https:\/\/news.fiu.edu\/2016\/01\/mangroves-move-inland-as-seas-rise\/96034\">Sean Charles&#8217; project<\/a> where I\u2019m participating in during my internship.<\/p>\n<p>If you still remain with open questions after this excessive introduction to my blog, don\u2019t hesitate sending me a message! I really appreciate any questions and comments coming to your mind!<\/p>\n<p><strong>Contact:<\/strong><br \/>\non.the.wayve@gmail.com<\/p>\n","protected":false},"excerpt":{"rendered":"<p>+++english version below+++ Hallo, ich freue mich, dass ihr auf meinen Blog gesto\u00dfen seid! Ich bin Hanna Campen und habe vor kurzem meine Masterarbeit im Studiengang Biological Oceanography, der vom GEOMAR und der Universit\u00e4t Kiel ausgerichtet wird, abgegeben. Entsprechend befinde ich mich nun in der Phase zwischen Studiumsende und dem n\u00e4chsten Abschnitt &#8211; wie auch [&hellip;]<\/p>\n","protected":false},"author":4,"featured_media":0,"parent":0,"menu_order":0,"comment_status":"closed","ping_status":"open","template":"","meta":{"footnotes":""},"class_list":["post-2","page","type-page","status-publish","hentry"],"_links":{"self":[{"href":"https:\/\/www.oceanblogs.org\/onthewayve\/wp-json\/wp\/v2\/pages\/2","targetHints":{"allow":["GET"]}}],"collection":[{"href":"https:\/\/www.oceanblogs.org\/onthewayve\/wp-json\/wp\/v2\/pages"}],"about":[{"href":"https:\/\/www.oceanblogs.org\/onthewayve\/wp-json\/wp\/v2\/types\/page"}],"author":[{"embeddable":true,"href":"https:\/\/www.oceanblogs.org\/onthewayve\/wp-json\/wp\/v2\/users\/4"}],"replies":[{"embeddable":true,"href":"https:\/\/www.oceanblogs.org\/onthewayve\/wp-json\/wp\/v2\/comments?post=2"}],"version-history":[{"count":10,"href":"https:\/\/www.oceanblogs.org\/onthewayve\/wp-json\/wp\/v2\/pages\/2\/revisions"}],"predecessor-version":[{"id":141,"href":"https:\/\/www.oceanblogs.org\/onthewayve\/wp-json\/wp\/v2\/pages\/2\/revisions\/141"}],"wp:attachment":[{"href":"https:\/\/www.oceanblogs.org\/onthewayve\/wp-json\/wp\/v2\/media?parent=2"}],"curies":[{"name":"wp","href":"https:\/\/api.w.org\/{rel}","templated":true}]}}