{"id":2,"date":"2020-07-09T15:49:16","date_gmt":"2020-07-09T14:49:16","guid":{"rendered":"http:\/\/www.oceanblogs.org\/omax\/?page_id=2"},"modified":"2020-08-16T19:07:21","modified_gmt":"2020-08-16T17:07:21","slug":"about","status":"publish","type":"page","link":"https:\/\/www.oceanblogs.org\/omax\/about\/","title":{"rendered":"About SO277"},"content":{"rendered":"\n<div class=\"wp-block-group is-layout-flow wp-block-group-is-layout-flow\"><div class=\"wp-block-group__inner-container\"><\/div><\/div>\n\n\n\n<p>The research cruise SO277 aboard the <em>RV Sonne<\/em> combines the OMAX (Offshore Malta Aquifer Exploration) cruise, which is the seagoing expedition of the SMART project, and the MAPACT-ETNA expedition.  <\/p>\n\n\n\n<hr class=\"wp-block-separator\" \/>\n\n\n\n<div class=\"wp-block-image\"><figure class=\"alignright size-large is-resized\"><img loading=\"lazy\" decoding=\"async\" src=\"https:\/\/www.oceanblogs.org\/omax\/wp-content\/uploads\/sites\/71\/2020\/08\/SMART_Logo.jpg\" alt=\"\" class=\"wp-image-69\" width=\"289\" height=\"111\" srcset=\"https:\/\/www.oceanblogs.org\/omax\/wp-content\/uploads\/sites\/71\/2020\/08\/SMART_Logo.jpg 640w, https:\/\/www.oceanblogs.org\/omax\/wp-content\/uploads\/sites\/71\/2020\/08\/SMART_Logo-300x116.jpg 300w\" sizes=\"auto, (max-width: 289px) 100vw, 289px\" \/><\/figure><\/div>\n\n\n\n<p><strong>About SMART<\/strong><\/p>\n\n\n\n<p>Growing population, increasing environmental pollution and climate change are all factors that put stress on the groundwater reservoirs around the world \u2013 one example being the Maltese archipelago. Offshore aquifers (OA) might be an alternative and complimentary resource to the onshore reservoirs in order to battle the water scarcity the state is facing.<br>Nonetheless, there are still plenty of unanswered questions concerning the sustainable long-term access to OAs &#8211; not only on Malta. One of the main issues is the lack of knowledge concerning the occurrence of OAs, their geometry and dynamics, their connection to onshore aquifers and how those closed systems might be affected by potential usage and advancing climatic changes.<br>The interdisciplinary SMART project is funded by the <em>Helmholtz European Partnering Initiative<\/em> and aims to develop a best practice guide for imaging OAs and to examine if and how offshore groundwater aquifers may be used sustainably to relieve water scarcity for coastal communities around the world.<br>During this cruise different geophysical and geochemical methods are applied interdisciplinarily to generate a geological and hydrogeological model of OAs for the Maltese coastal region.  <br>The marine measurements will be complimented by land-based geophysical measurements and groundwater drilling information in order to create a precise shoreline-crossing hydrogeological model. <\/p>\n\n\n\n<p>For more information visit <a href=\"https:\/\/smart.geomar.de\/de\/home\">https:\/\/smart.geomar.de\/de\/home<\/a>.<\/p>\n\n\n\n<hr class=\"wp-block-separator\" \/>\n\n\n\n<div class=\"wp-block-image\"><figure class=\"alignright size-large is-resized\"><img loading=\"lazy\" decoding=\"async\" src=\"https:\/\/www.oceanblogs.org\/omax\/wp-content\/uploads\/sites\/71\/2020\/08\/GeoSEA.jpg\" alt=\"\" class=\"wp-image-70\" width=\"140\" height=\"46\" srcset=\"https:\/\/www.oceanblogs.org\/omax\/wp-content\/uploads\/sites\/71\/2020\/08\/GeoSEA.jpg 138w, https:\/\/www.oceanblogs.org\/omax\/wp-content\/uploads\/sites\/71\/2020\/08\/GeoSEA-135x45.jpg 135w\" sizes=\"auto, (max-width: 140px) 100vw, 140px\" \/><\/figure><\/div>\n\n\n\n<p><strong>About MAPACT ETNA <\/strong><\/p>\n\n\n\n<p>Mount Etna, located on the east coast of Sicily (Italy), is the largest and most active volcano in Europe. Previous studies have shown that its eastern flank moves continuously seawards due to instabilities. <br>A severe failure of the volcanic edifice could trigger a devastating tsunami in the Ionian Sea. With the current state of knowledge, it is not clear if this could occur neither if it could occur on human timescales.<br>During the SO277 cruise the scientists want to gain a better understanding of the movement of the submerged southeastern flank by deploying a seafloor geodetic network (GeoSEA array) and OBS (Ocean Bottom Seismometers) offshore of Sicily. <br>Using sound signals, those sensors will regularly communicate with each other and measure the distance in between themselves. Thereby, even the slightest movement of the seafloor and the flanks is documented.<br><br>For more information visit:<br><a href=\"https:\/\/www.geomar.de\/en\/research\/fb4\/fb4-gdy\/projects\/geosea\">https:\/\/www.geomar.de\/en\/research\/fb4\/fb4-gdy\/projects\/geosea<\/a><br>or enjoy a good read on<br><a href=\"https:\/\/www.nationalgeographic.com\/science\/2018\/10\/news-mount-etna-volcano-sliding-sea-gravity-geology\/\">https:\/\/www.nationalgeographic.com\/science\/2018\/10\/news-mount-etna-volcano-sliding-sea-gravity-geology\/<\/a><\/p>\n\n\n\n<p><\/p>\n\n\n\n<p>In order to avoid unnecessary travels during the COVID-19 pandemic, the entire scientific crew will board and disembark the RV Sonne in Emden, Germany.<\/p>\n\n\n\n<hr class=\"wp-block-separator\" \/>\n\n\n\n<p>An Die Forschungsfahrt SO277 an Bord der <em>FS Sonne <\/em>ist eine kombinierte Fahrt aus der OMAX (Offshore Malta Aquifer Exploration) Ausfahrt, welche die marine Expedition des SMART Projekts ist, und der MAPACT-ETNA Ausfahrt.<\/p>\n\n\n\n<div class=\"wp-block-image\"><figure class=\"alignright size-large is-resized\"><img loading=\"lazy\" decoding=\"async\" src=\"http:\/\/www.oceanblogs.org\/omax\/wp-content\/uploads\/sites\/71\/2020\/08\/SMART_Logo.jpg\" alt=\"\" class=\"wp-image-69\" width=\"229\" height=\"88\" srcset=\"https:\/\/www.oceanblogs.org\/omax\/wp-content\/uploads\/sites\/71\/2020\/08\/SMART_Logo.jpg 640w, https:\/\/www.oceanblogs.org\/omax\/wp-content\/uploads\/sites\/71\/2020\/08\/SMART_Logo-300x116.jpg 300w\" sizes=\"auto, (max-width: 229px) 100vw, 229px\" \/><\/figure><\/div>\n\n\n\n<p><strong>\u00dcber SMART<\/strong><\/p>\n\n\n\n<p>Wachsende Bev\u00f6lkerung, Umweltverschmutzung und der Klimawandel z\u00e4hlen zu den Faktoren, die die weltweiten Frischwasserreservoire an Land zunehmend belasten.<\/p>\n\n\n\n<p>Offshore Aquifere (OA), Grundwasserleiter unterhalb des Meeresbodens, k\u00f6nnten eine Alternative darstellen und als entlastende, zus\u00e4tzliche Ressource zu den Reservoiren an Land genutzt werden, um die Wasserknappheit zu bek\u00e4mpfen.<\/p>\n\n\n\n<p>Dennoch stehen einige unbeantwortete Fragen zu einer nachhaltigen, langfristigen Nutzung der OAs im Raum. Eins der gr\u00f6\u00dften Probleme stellt das fehlende Wissen im Bezug zum Auftreten und der r\u00e4umlichen Dimensionen und zeitlichen Dynamik der OAs dar. Auch ob die OAs mit Aquiferen an Land verbunden sind und welche Konsequenzen eine m\u00f6gliche Nutzung und der voranschreitende Klimawandel auf sie haben werden, sind Fragen, die beantwortet werden sollen.<\/p>\n\n\n\n<p>Das Ziel des SMART Projektes ist es, einen wissenschaftlichen Leitfaden zu erstellen, der darlegt, wie OAs am effektivsten aufgesp\u00fcrt und im Untergrund abgebildet werden k\u00f6nnen. Au\u00dferdem wird untersucht, inwiefern offshore Grundwasserleiter nachhaltig genutzt werden k\u00f6nnen, um der Wasserknappheit in K\u00fcstenregionen weltweit Abhilfe zu schaffen. Diese Strategie soll beispielhaft an dem maltesischen Archipel entwickelt werden. Malta ist eines der wasser\u00e4rmsten L\u00e4nder mit einer von Kalkstein gepr\u00e4gten Geologie, die repr\u00e4sentativ f\u00fcr weite Teile des Mittelmeers ist. Dieses Projekt wird durch die <em>Helmholtz European Partnering Initiative <\/em>gef\u00f6rdert und gemeinsam von Wissenschaftlern des GEOMAR Helmholtz-Zentrum f\u00fcr Ozeanforschung Kiel und der Universit\u00e4t von Malta durchgef\u00fchrt.<\/p>\n\n\n\n<p>W\u00e4hrend der Forschungsfahrt werden diverse geophysikalische und geochemische Methoden interdisziplin\u00e4re Anwendung finden, um ein geologisches und hydrogeologisches Modell der OAs vor Malta zu erstellen. Daf\u00fcr werden die marinen Messungen mit geophysikalischen Messreihen, die vom Land aus vorgenommen wurden, erg\u00e4nzt, um ein pr\u00e4zises hydrogeologisches Modell f\u00fcr den \u00dcbergangsbereich von Land zu Meer zu schaffen.<\/p>\n\n\n\n<p>F\u00fcr weitere Informationen empfehlen wir einen Besuch auf <a href=\"https:\/\/smart.geomar.de\/de\/home\">https:\/\/smart.geomar.de\/de\/home<\/a>..<\/p>\n\n\n\n<hr class=\"wp-block-separator\" \/>\n\n\n\n<div class=\"wp-block-image\"><figure class=\"alignright size-large\"><img loading=\"lazy\" decoding=\"async\" width=\"138\" height=\"45\" src=\"http:\/\/www.oceanblogs.org\/omax\/wp-content\/uploads\/sites\/71\/2020\/08\/GeoSEA.jpg\" alt=\"\" class=\"wp-image-70\" srcset=\"https:\/\/www.oceanblogs.org\/omax\/wp-content\/uploads\/sites\/71\/2020\/08\/GeoSEA.jpg 138w, https:\/\/www.oceanblogs.org\/omax\/wp-content\/uploads\/sites\/71\/2020\/08\/GeoSEA-135x45.jpg 135w\" sizes=\"auto, (max-width: 138px) 100vw, 138px\" \/><\/figure><\/div>\n\n\n\n<p><strong>\u00dcber MAPACT-ETNA<\/strong><\/p>\n\n\n\n<p>An der Ostk\u00fcste Siziliens (Italien) befindet sich der \u00c4tna, Europas gr\u00f6\u00dfter und aktivster Vulkan. Fr\u00fchere Untersuchungen haben ergeben, dass seine \u00f6stliche Flanke wegen Instabilit\u00e4ten stetig abrutscht.<\/p>\n\n\n\n<p>Ein gr\u00f6\u00dferer geologischer Vorfall k\u00f6nnte eine Hangrutschung verursachen, die einen Tsunami im ionischen Meer verursachen w\u00fcrde mit verheerenden Folgen f\u00fcr die angrenzenden K\u00fcstenregionen. Nach heutigem Wissensstand ist allerdings nicht klar ob das eine reale Gefahr darstellt und wenn ja, ob dieses Szenario innerhalb menschlicher Zeitskalen eintreten k\u00f6nnte.<\/p>\n\n\n\n<p>W\u00e4hrend der SO277 Forschungsfahrt wollen die Wissenschaftler des GEOMAR Helmholtz-Zentrum f\u00fcr Ozeanforschung Kiel ein besseres Verst\u00e4ndnis f\u00fcr die Bewegungen der s\u00fcd\u00f6stlichen Bergflanke unterhalb des Meeresspiegels entwickeln. Daf\u00fcr wird ein Netzwerk von Geod\u00e4siestationen (GeoSEA array) und einige OBS (Ozeanbodenseismometer) auf dem Meeresboden platziert. Die Stationen kommunizieren in regelm\u00e4\u00dfigen zeitlichen Abst\u00e4nden \u00fcber akustische Signale miteinander. Daraus k\u00f6nnen die Entfernungen zwischen den Stationen berechnet werden. So werden selbst kleinste Bewegungen der Flanke pr\u00e4zise dokumentiert.<\/p>\n\n\n\n<p>Weitere Informationen zum GeoSEA Projekt befinden sich auf<br><a href=\"https:\/\/www.geomar.de\/en\/research\/fb4\/fb4-gdy\/projects\/geosea\">https:\/\/www.geomar.de\/en\/research\/fb4\/fb4-gdy\/projects\/geosea<\/a><br>und als interessanten Artikel zur Thematik empfehlen wir<br><a href=\"https:\/\/www.nationalgeographic.com\/science\/2018\/10\/news-mount-etna-volcano-sliding-sea-gravity-geology\/\">https:\/\/www.nationalgeographic.com\/science\/2018\/10\/news-mount-etna-volcano-sliding-sea-gravity-geology\/<\/a><\/p>\n\n\n\n<p><\/p>\n\n\n\n<p>Um unn\u00f6tige Reisen in der Covid-19 Pandemie zu vermeiden, ging die gesamte wissenschaftliche Besatzung bereits in Emden (Deutschland) an Bord der FS Sonne.<\/p>\n\n\n\n<hr class=\"wp-block-separator\" \/>\n\n\n\n<p><strong>Kontakt:<\/strong><br>Prof. Dr. Christian Berndt<br>Wissenschaftlicher Fahrtleiter der Expedition OMAX<br>GEOMAR Helmholtz-Zentrum f\u00fcr Ozeanforschung&nbsp;Kiel<br>Wischhofstrasse 1-3<br>24148 Kiel<a href=\"http:\/\/www.geomar.de\/cberndt\" target=\"_blank\" rel=\"noreferrer noopener\"><br>www.geomar.de\/cberndt<\/a><\/p>\n","protected":false},"excerpt":{"rendered":"<p>The research cruise SO277 aboard the RV Sonne combines the OMAX (Offshore Malta Aquifer Exploration) cruise, which is the seagoing expedition of the SMART project, and the MAPACT-ETNA expedition. About SMART Growing population, increasing environmental pollution and climate change are all factors that put stress on the groundwater reservoirs around the world \u2013 one example [&hellip;]<\/p>\n","protected":false},"author":92,"featured_media":0,"parent":0,"menu_order":0,"comment_status":"closed","ping_status":"open","template":"","meta":{"footnotes":""},"class_list":["post-2","page","type-page","status-publish","hentry"],"_links":{"self":[{"href":"https:\/\/www.oceanblogs.org\/omax\/wp-json\/wp\/v2\/pages\/2","targetHints":{"allow":["GET"]}}],"collection":[{"href":"https:\/\/www.oceanblogs.org\/omax\/wp-json\/wp\/v2\/pages"}],"about":[{"href":"https:\/\/www.oceanblogs.org\/omax\/wp-json\/wp\/v2\/types\/page"}],"author":[{"embeddable":true,"href":"https:\/\/www.oceanblogs.org\/omax\/wp-json\/wp\/v2\/users\/92"}],"replies":[{"embeddable":true,"href":"https:\/\/www.oceanblogs.org\/omax\/wp-json\/wp\/v2\/comments?post=2"}],"version-history":[{"count":10,"href":"https:\/\/www.oceanblogs.org\/omax\/wp-json\/wp\/v2\/pages\/2\/revisions"}],"predecessor-version":[{"id":83,"href":"https:\/\/www.oceanblogs.org\/omax\/wp-json\/wp\/v2\/pages\/2\/revisions\/83"}],"wp:attachment":[{"href":"https:\/\/www.oceanblogs.org\/omax\/wp-json\/wp\/v2\/media?parent=2"}],"curies":[{"name":"wp","href":"https:\/\/api.w.org\/{rel}","templated":true}]}}