{"id":2,"date":"2020-10-06T09:35:33","date_gmt":"2020-10-06T08:35:33","guid":{"rendered":"http:\/\/www.oceanblogs.org\/oceanstories-ebus\/?page_id=2"},"modified":"2020-12-17T09:23:51","modified_gmt":"2020-12-17T09:23:51","slug":"about","status":"publish","type":"page","link":"https:\/\/www.oceanblogs.org\/oceanstories-ebus\/about\/","title":{"rendered":"About"},"content":{"rendered":"\n<blockquote class=\"wp-block-quote is-layout-flow wp-block-quote-is-layout-flow\"><p>In diesem Blog nehme ich Leser*innen alle paar Wochen mit auf meine Forschungsreise in die Welt der Ozeanwissenschaft. Frisch angestellt am GEOMAR Helmholtz-Zentrum in Kiel, um f\u00fcr drei ozeanische Projekte, <a rel=\"noreferrer noopener\" href=\"https:\/\/www.ebus-climate-change.de\/de\/home;jsessionid=BFA1EDF3AC9B6454C45B824A45390863\" target=\"_blank\">EVAR, REEBUS und CUSCO<\/a>, die \u00d6ffentlichkeitsarbeit aufzubauen. Projekt EVAR ist haupts\u00e4chlich im <a rel=\"noreferrer noopener\" href=\"https:\/\/www.io-warnemuende.de\/\" target=\"_blank\">Leibnitz-Institut f\u00fcr Ostseeforschung Warnem\u00fcnde<\/a> angesiedelt, die Projekte REEBUS und CUSCO haupts\u00e4chlich im <a rel=\"noreferrer noopener\" href=\"https:\/\/www.geomar.de\/\" target=\"_blank\">GEOMAR Helmholtz-Zentrum f\u00fcr Ozeanforschung Kiel. <\/a>Angef\u00fcllt mit Vorstellungen davon, was Wissenschaft bedeutet, begegne ich in diesem Blog meinen eigenen Vorurteilen und r\u00e4ume ordentlich mit diesen auf. Dabei berichte ich sowohl von meinen pers\u00f6nlichen Erlebnissen in meiner neuen Arbeitswelt als auch von den drei Projekten und den Menschen, die sie ausmachen. Wissenschaftler*innen werden selbst zu Wort kommen und sich und ihre Forschung vorstellen. Schaut regelm\u00e4\u00dfig wieder rein und folgt mir und den vielen verschiedenen Menschen in der Ozeanwissenschaft durch das kommende Projektjahr! <\/p><\/blockquote>\n\n\n\n<p>Ann Kristin Montano &#8211; \u00d6ffentlichkeitsarbeit und Kommunikation f\u00fcr die drei Ozeanprojekte <a href=\"https:\/\/www.ebus-climate-change.de\/evar\" target=\"_blank\" rel=\"noreferrer noopener\">Projekt EVAR<\/a>, <a href=\"https:\/\/www.ebus-climate-change.de\/reebus\" target=\"_blank\" rel=\"noreferrer noopener\">Projekt REEBUS<\/a> und <a href=\"https:\/\/www.ebus-climate-change.de\/cusco\" target=\"_blank\" rel=\"noreferrer noopener\">Projekt CUSCO<\/a><\/p>\n\n\n\n<div style=\"height:20px\" aria-hidden=\"true\" class=\"wp-block-spacer\"><\/div>\n\n\n\n<blockquote class=\"wp-block-quote is-layout-flow wp-block-quote-is-layout-flow\"><p>In this blog, I take readers on my research journey into the world of ocean science every few weeks. Freshly employed at GEOMAR Helmholtz Centre in Kiel to set up public relations for the three oceanic projects, EVAR, REEBUS and CUSCO. Project EVAR is mainly based at the Leibnitz Institute for Baltic Sea Research Warnem\u00fcnde, the projects REEBUS and CUSCO mainly at GEOMAR Helmholtz Centre for Ocean Research Kiel. Filled with ideas about what science means, I confront my own prejudices in this blog and do everything possible to clear them up. I will talk about my personal experiences in my new working environment as well as about the three projects and the people who make them up. Scientists themselves will have their say and present themselves and their research. Check back regularly and follow me and the many different people in ocean science through the coming project year!<\/p><\/blockquote>\n\n\n\n<p>Ann Kristin Montano &#8211; Outreach and Communications for the three oceanic projects <a rel=\"noreferrer noopener\" href=\"https:\/\/www.ebus-climate-change.de\/evar\" target=\"_blank\">project EVAR<\/a>, <a rel=\"noreferrer noopener\" href=\"https:\/\/www.ebus-climate-change.de\/reebus\" target=\"_blank\">project REEBUS<\/a> und <a rel=\"noreferrer noopener\" href=\"https:\/\/www.ebus-climate-change.de\/cusco\" target=\"_blank\">project CUSCO<\/a><\/p>\n","protected":false},"excerpt":{"rendered":"<p>In diesem Blog nehme ich Leser*innen alle paar Wochen mit auf meine Forschungsreise in die Welt der Ozeanwissenschaft. Frisch angestellt am GEOMAR Helmholtz-Zentrum in Kiel, um f\u00fcr drei ozeanische Projekte, EVAR, REEBUS und CUSCO, die \u00d6ffentlichkeitsarbeit aufzubauen. Projekt EVAR ist haupts\u00e4chlich im Leibnitz-Institut f\u00fcr Ostseeforschung Warnem\u00fcnde angesiedelt, die Projekte REEBUS und CUSCO haupts\u00e4chlich im GEOMAR [&hellip;]<\/p>\n","protected":false},"author":215,"featured_media":0,"parent":0,"menu_order":0,"comment_status":"closed","ping_status":"open","template":"","meta":{"footnotes":""},"class_list":["post-2","page","type-page","status-publish","hentry"],"_links":{"self":[{"href":"https:\/\/www.oceanblogs.org\/oceanstories-ebus\/wp-json\/wp\/v2\/pages\/2","targetHints":{"allow":["GET"]}}],"collection":[{"href":"https:\/\/www.oceanblogs.org\/oceanstories-ebus\/wp-json\/wp\/v2\/pages"}],"about":[{"href":"https:\/\/www.oceanblogs.org\/oceanstories-ebus\/wp-json\/wp\/v2\/types\/page"}],"author":[{"embeddable":true,"href":"https:\/\/www.oceanblogs.org\/oceanstories-ebus\/wp-json\/wp\/v2\/users\/215"}],"replies":[{"embeddable":true,"href":"https:\/\/www.oceanblogs.org\/oceanstories-ebus\/wp-json\/wp\/v2\/comments?post=2"}],"version-history":[{"count":7,"href":"https:\/\/www.oceanblogs.org\/oceanstories-ebus\/wp-json\/wp\/v2\/pages\/2\/revisions"}],"predecessor-version":[{"id":147,"href":"https:\/\/www.oceanblogs.org\/oceanstories-ebus\/wp-json\/wp\/v2\/pages\/2\/revisions\/147"}],"wp:attachment":[{"href":"https:\/\/www.oceanblogs.org\/oceanstories-ebus\/wp-json\/wp\/v2\/media?parent=2"}],"curies":[{"name":"wp","href":"https:\/\/api.w.org\/{rel}","templated":true}]}}