{"id":2,"date":"2013-06-20T19:41:15","date_gmt":"2013-06-20T19:41:15","guid":{"rendered":"http:\/\/www.oceanblogs.org\/socialmedia\/?page_id=2"},"modified":"2013-12-16T16:03:48","modified_gmt":"2013-12-16T14:03:48","slug":"about","status":"publish","type":"page","link":"https:\/\/www.oceanblogs.org\/oceannavigator\/about\/","title":{"rendered":"\u00dcber Ocean Navigator"},"content":{"rendered":"<p><em>&#8220;Ocean Navigator\u201c<\/em> bloggt \u00fcber das Oceanblogs-Portal und die Vielfalt der Themen in den Kieler Meereswissenschaften: Die \u00d6ffentlichkeitsarbeits-Teams von \u201eOzean der Zukunft\u201c und \u201eGEOMAR\u201c sammeln und ordnen ein, verweisen und erkl\u00e4ren und sorgen so f\u00fcr mehr \u00dcbersicht und Vernetzung in der weiten Onlinewelt der Kieler Meeresforschung. <em>\u201eOcean Navigator\u201c<\/em> weist einen Weg durch das breite Spektrum der Fachdisziplinen und macht meereswissenschaftliche Themen auch f\u00fcr Nicht-Experten greifbar.<\/p>\n<p>Alle Interessierten sind dazu eingeladen, in den Oceanblogs die Themenvielfalt der Ozeanforschung zu entdecken und sich mit ihrem Feedback am wissenschaftlichen Diskurs zu beteiligen &#8211; einen Ausgangspunkt dazu bietet der <em>\u201eOcean Navigator\u201c<\/em>-Blog. St\u00fcck f\u00fcr St\u00fcck wird so der Austausch auf verschiedenen Ebenen bereichert: \u00d6ffentlichkeit, Moderatoren und Experten begegnen sich hier auf Augenh\u00f6he und sorgen mit jedem neuen Post oder Kommentar f\u00fcr eine lebendige, vernetzte und interaktive meereswissenschaftliche Community. Beteiligen Sie sich!<\/p>\n<p><strong>Kontakt:<\/strong> <a href=\"mailto:presse@ozean-der-zukunft.de\">presse@ozean-der-zukunft.de<\/a>, <a href=\"mailto:presse@geomar.de\">presse@geomar.de<\/a><\/p>\n<p><em>\u201cOcean Navigator\u201d<\/em> is blogging about the Oceanblogs portal and the broad diversity of topics in Kiel Marine Sciences. The public outreach teams of \u201cFuture Ocean\u201d and \u201cGEOMAR\u201d collect and organize, refer and explain and thus provide clarity and enable networking in the wide online world of Kiel Marine Sciences. <em>\u201cOcean Navigator\u201c<\/em> leads the way through the broad spectrum of disciplines and makes marine science topics accessible also for non-experts.<\/p>\n<p>Anyone interested is invited to discover the wide variety of marine research topics in Oceanblogs and to participate in the scientific discourse with their feedback. One starting point for this is offered by the <em>\u201cOcean Navigator\u201d<\/em> blog. Piece by piece the exchange thus develops on various levels: the public, moderators and experts meet here as equals and with each new post or comment create a lively, networked and interactive marine science community. Join in the discussion!<\/p>\n<p><strong>Contact:<\/strong> <a href=\"mailto:presse@ozean-der-zukunft.de\">presse@ozean-der-zukunft.de<\/a>, <a href=\"mailto:presse@geomar.de\">presse@geomar.de<\/a><\/p>\n<p>&nbsp;<\/p>\n","protected":false},"excerpt":{"rendered":"<p>&#8220;Ocean Navigator\u201c bloggt \u00fcber das Oceanblogs-Portal und die Vielfalt der Themen in den Kieler Meereswissenschaften: Die \u00d6ffentlichkeitsarbeits-Teams von \u201eOzean der Zukunft\u201c und \u201eGEOMAR\u201c sammeln und ordnen ein, verweisen und erkl\u00e4ren und sorgen so f\u00fcr mehr \u00dcbersicht und Vernetzung in der weiten Onlinewelt der Kieler Meeresforschung. \u201eOcean Navigator\u201c weist einen Weg durch das breite Spektrum der [&hellip;]<\/p>\n","protected":false},"author":2,"featured_media":0,"parent":0,"menu_order":1,"comment_status":"closed","ping_status":"closed","template":"","meta":{"footnotes":""},"class_list":["post-2","page","type-page","status-publish","hentry"],"_links":{"self":[{"href":"https:\/\/www.oceanblogs.org\/oceannavigator\/wp-json\/wp\/v2\/pages\/2","targetHints":{"allow":["GET"]}}],"collection":[{"href":"https:\/\/www.oceanblogs.org\/oceannavigator\/wp-json\/wp\/v2\/pages"}],"about":[{"href":"https:\/\/www.oceanblogs.org\/oceannavigator\/wp-json\/wp\/v2\/types\/page"}],"author":[{"embeddable":true,"href":"https:\/\/www.oceanblogs.org\/oceannavigator\/wp-json\/wp\/v2\/users\/2"}],"replies":[{"embeddable":true,"href":"https:\/\/www.oceanblogs.org\/oceannavigator\/wp-json\/wp\/v2\/comments?post=2"}],"version-history":[{"count":8,"href":"https:\/\/www.oceanblogs.org\/oceannavigator\/wp-json\/wp\/v2\/pages\/2\/revisions"}],"predecessor-version":[{"id":197,"href":"https:\/\/www.oceanblogs.org\/oceannavigator\/wp-json\/wp\/v2\/pages\/2\/revisions\/197"}],"wp:attachment":[{"href":"https:\/\/www.oceanblogs.org\/oceannavigator\/wp-json\/wp\/v2\/media?parent=2"}],"curies":[{"name":"wp","href":"https:\/\/api.w.org\/{rel}","templated":true}]}}