{"id":2,"date":"2016-02-25T11:18:04","date_gmt":"2016-02-25T11:18:04","guid":{"rendered":"http:\/\/www.oceanblogs.org\/mysciencecruise\/?page_id=2"},"modified":"2016-11-22T16:03:05","modified_gmt":"2016-11-22T16:03:05","slug":"sample-page","status":"publish","type":"page","link":"https:\/\/www.oceanblogs.org\/mysciencecruise\/sample-page\/","title":{"rendered":"About My Science Cruise"},"content":{"rendered":"<p><strong><em>MyScience-Cruise<\/em> &#8211;<\/strong> <strong>ein Training an Bord des Forschungsschiffes METEOR in 2016<\/strong><\/p>\n<p>Beobachtungen sind die Grundlage f\u00fcr unser Verst\u00e4ndnis der Ozeane. Das Absch\u00e4tzen von Risiken, den M\u00f6glichkeiten diesen zu begegnen, wie auch die Vorhersage der Entwicklung des Ozeans basieren letztlich auf Beobachtungen. <em>MyScience-Cruise<\/em> erm\u00f6glicht jungen Wissenschaftlern ein einzigartiges Forschungstraining im Bereich der Ozeanbeobachtung des S\u00fcdatlantik zu absolvieren.<\/p>\n<p>Die <em>MyScience-Cruise<\/em> wird vom Kieler Exzellenzcluster <a href=\"http:\/\/www.futureocean.org\/de\/\">\u201cOzean der Zukunft\u201c<\/a>, dem <a href=\"http:\/\/www.ocean-partners.org\/\">\u201cPartnership for Observation of the Global Oceans\u201d<\/a> (POGO), dem EU H2020 Projekt <a href=\"http:\/\/www.atlantos-h2020.eu\/\">AtlantOS<\/a> und der <a href=\"http:\/\/www.ens.fr\/\">\u00c9cole Normale Sup\u00e9rieure<\/a>, Paris gef\u00f6rdert.<\/p>\n<p>&nbsp;<\/p>\n<p><strong><em>MyScience-Cruise<\/em> &#8211; an on-board training on the research vessel METEOR in 2016<\/strong><\/p>\n<p>Ocean observations are one of the cornerstones for understanding, assessing and predicting ocean change \u2013 <em>MyScience-Cruise<\/em> provides the unique opportunity of a practical training on ocean observations and ocean research in the South Atlantic.<\/p>\n<p>Support for \u201cMyScience-Cruise\u201d is provided by the Kiel Cluster of Excellence <a href=\"http:\/\/www.futureocean.org\/\">\u201cThe Future Ocean\u201c<\/a>, <a href=\"http:\/\/www.ocean-partners.org\/\">\u201cPartnership for Observation of the Global Oceans\u201d<\/a> (POGO), the EU H2020 project <a href=\"http:\/\/www.atlantos-h2020.eu\/\">AtlantOS<\/a> and <a href=\"http:\/\/www.ens.fr\/\">\u00c9cole Normale Sup\u00e9rieure<\/a>, Paris.<\/p>\n","protected":false},"excerpt":{"rendered":"<p>MyScience-Cruise &#8211; ein Training an Bord des Forschungsschiffes METEOR in 2016 Beobachtungen sind die Grundlage f\u00fcr unser Verst\u00e4ndnis der Ozeane. Das Absch\u00e4tzen von Risiken, den M\u00f6glichkeiten diesen zu begegnen, wie auch die Vorhersage der Entwicklung des Ozeans basieren letztlich auf Beobachtungen. MyScience-Cruise erm\u00f6glicht jungen Wissenschaftlern ein einzigartiges Forschungstraining im Bereich der Ozeanbeobachtung des S\u00fcdatlantik zu [&hellip;]<\/p>\n","protected":false},"author":165,"featured_media":0,"parent":0,"menu_order":0,"comment_status":"closed","ping_status":"open","template":"","meta":{"footnotes":""},"class_list":["post-2","page","type-page","status-publish","hentry"],"_links":{"self":[{"href":"https:\/\/www.oceanblogs.org\/mysciencecruise\/wp-json\/wp\/v2\/pages\/2","targetHints":{"allow":["GET"]}}],"collection":[{"href":"https:\/\/www.oceanblogs.org\/mysciencecruise\/wp-json\/wp\/v2\/pages"}],"about":[{"href":"https:\/\/www.oceanblogs.org\/mysciencecruise\/wp-json\/wp\/v2\/types\/page"}],"author":[{"embeddable":true,"href":"https:\/\/www.oceanblogs.org\/mysciencecruise\/wp-json\/wp\/v2\/users\/165"}],"replies":[{"embeddable":true,"href":"https:\/\/www.oceanblogs.org\/mysciencecruise\/wp-json\/wp\/v2\/comments?post=2"}],"version-history":[{"count":10,"href":"https:\/\/www.oceanblogs.org\/mysciencecruise\/wp-json\/wp\/v2\/pages\/2\/revisions"}],"predecessor-version":[{"id":139,"href":"https:\/\/www.oceanblogs.org\/mysciencecruise\/wp-json\/wp\/v2\/pages\/2\/revisions\/139"}],"wp:attachment":[{"href":"https:\/\/www.oceanblogs.org\/mysciencecruise\/wp-json\/wp\/v2\/media?parent=2"}],"curies":[{"name":"wp","href":"https:\/\/api.w.org\/{rel}","templated":true}]}}