{"id":140,"date":"2016-12-17T08:02:07","date_gmt":"2016-12-17T08:02:07","guid":{"rendered":"http:\/\/www.oceanblogs.org\/mysciencecruise\/?page_id=140"},"modified":"2016-12-17T08:33:10","modified_gmt":"2016-12-17T08:33:10","slug":"m133","status":"publish","type":"page","link":"https:\/\/www.oceanblogs.org\/mysciencecruise\/m133\/","title":{"rendered":"M133"},"content":{"rendered":"<p><strong><em>MyScience-Cruise<\/em> \u2013<\/strong> <strong>Expedition METEOR M133<br \/>\n<\/strong><\/p>\n<p>Sechs internationale und\u00a0neun deutsche\u00a0herausragende Studenten und zwei Abiturienten wurden ausgew\u00e4hlt, bei einer 28-t\u00e4gigen Ausbildungsfahrt, die am 15. Dezember 2016 in Kapstadt (S\u00fcdafrika) auf dem deutschen Forschungsschiffes <a href=\"https:\/\/www.portal-forschungsschiffe.de\/schiffe\/meteor\" target=\"_blank\">METEOR <\/a>startete, dabei zu sein.<\/p>\n<p>Die jungen Wissenschaftler aus sieben Nationen lernen\u00a0an Bord hautnah Forschung aus den Bereichen der physikalischen Ozeanographie, der marinen Meteorologie, der Biogeochemie, der Plankton\u00f6kologie und der Paleoozeanographie kennen. Die Studenten werden in einer Reihe von Messinstrumenten geschult, nahmen an einer Vorlesungsreihe teil und arbeiteten ein eigenes Forschungsthema aus.<\/p>\n<p>Hier bloggen die Studenten t\u00e4glich \u00fcber ihr Leben an Bord.<\/p>\n<div id=\"attachment_15\" class=\"wp-caption aligncenter\">Planned cruise track for cruise M133, December\u00a02016 &#8211; Januar 2017<\/div>\n<div class=\"wp-caption aligncenter\"><img loading=\"lazy\" decoding=\"async\" class=\"alignnone size-medium wp-image-154\" src=\"http:\/\/www.oceanblogs.org\/mysciencecruise\/wp-content\/uploads\/sites\/44\/2016\/11\/M133_cruise_track-300x228.png\" alt=\"\" width=\"300\" height=\"228\" srcset=\"https:\/\/www.oceanblogs.org\/mysciencecruise\/wp-content\/uploads\/sites\/44\/2016\/11\/M133_cruise_track-300x228.png 300w, https:\/\/www.oceanblogs.org\/mysciencecruise\/wp-content\/uploads\/sites\/44\/2016\/11\/M133_cruise_track-768x583.png 768w, https:\/\/www.oceanblogs.org\/mysciencecruise\/wp-content\/uploads\/sites\/44\/2016\/11\/M133_cruise_track.png 886w\" sizes=\"auto, (max-width: 300px) 100vw, 300px\" \/><\/div>\n<p>&nbsp;<\/p>\n<p><strong><em>MyScience-Cruise<\/em> \u2013<\/strong> <strong>Expedition METEOR M133<br \/>\n<\/strong><\/p>\n<p>Six outstanding students from countries mostly bordering the South Atlantic together with nine German student and two high school seniors were elected to join an 28-days expedition with the German research vessel <a href=\"https:\/\/www.portal-forschungsschiffe.de\/index.php?index=62\" target=\"_blank\">METEOR <\/a>that started on 15. December\u00a02016 in Cape Town, South Africa.<\/p>\n<p>The young scientists from seven nations participating actively in the research conducted during the cruise, covering physical oceanography, marine meteorology, biogeochemistry, plankton ecology, and paleoceanography. Expert training on a variety of observing instrumentation as well as lectures are provided. The students are working on specific science topics of their own.<\/p>\n<p><img loading=\"lazy\" decoding=\"async\" class=\"alignnone size-medium wp-image-177\" src=\"http:\/\/www.oceanblogs.org\/mysciencecruise\/wp-content\/uploads\/sites\/44\/2016\/12\/Logo_M133_final-300x234.png\" alt=\"\" width=\"300\" height=\"234\" srcset=\"https:\/\/www.oceanblogs.org\/mysciencecruise\/wp-content\/uploads\/sites\/44\/2016\/12\/Logo_M133_final-300x234.png 300w, https:\/\/www.oceanblogs.org\/mysciencecruise\/wp-content\/uploads\/sites\/44\/2016\/12\/Logo_M133_final-768x599.png 768w, https:\/\/www.oceanblogs.org\/mysciencecruise\/wp-content\/uploads\/sites\/44\/2016\/12\/Logo_M133_final-1024x798.png 1024w, https:\/\/www.oceanblogs.org\/mysciencecruise\/wp-content\/uploads\/sites\/44\/2016\/12\/Logo_M133_final.png 1443w\" sizes=\"auto, (max-width: 300px) 100vw, 300px\" \/><\/p>\n","protected":false},"excerpt":{"rendered":"<p>MyScience-Cruise \u2013 Expedition METEOR M133 Sechs internationale und\u00a0neun deutsche\u00a0herausragende Studenten und zwei Abiturienten wurden ausgew\u00e4hlt, bei einer 28-t\u00e4gigen Ausbildungsfahrt, die am 15. Dezember 2016 in Kapstadt (S\u00fcdafrika) auf dem deutschen Forschungsschiffes METEOR startete, dabei zu sein. Die jungen Wissenschaftler aus sieben Nationen lernen\u00a0an Bord hautnah Forschung aus den Bereichen der physikalischen Ozeanographie, der marinen Meteorologie, [&hellip;]<\/p>\n","protected":false},"author":92,"featured_media":0,"parent":0,"menu_order":0,"comment_status":"closed","ping_status":"closed","template":"","meta":{"footnotes":""},"class_list":["post-140","page","type-page","status-publish","hentry"],"_links":{"self":[{"href":"https:\/\/www.oceanblogs.org\/mysciencecruise\/wp-json\/wp\/v2\/pages\/140","targetHints":{"allow":["GET"]}}],"collection":[{"href":"https:\/\/www.oceanblogs.org\/mysciencecruise\/wp-json\/wp\/v2\/pages"}],"about":[{"href":"https:\/\/www.oceanblogs.org\/mysciencecruise\/wp-json\/wp\/v2\/types\/page"}],"author":[{"embeddable":true,"href":"https:\/\/www.oceanblogs.org\/mysciencecruise\/wp-json\/wp\/v2\/users\/92"}],"replies":[{"embeddable":true,"href":"https:\/\/www.oceanblogs.org\/mysciencecruise\/wp-json\/wp\/v2\/comments?post=140"}],"version-history":[{"count":5,"href":"https:\/\/www.oceanblogs.org\/mysciencecruise\/wp-json\/wp\/v2\/pages\/140\/revisions"}],"predecessor-version":[{"id":178,"href":"https:\/\/www.oceanblogs.org\/mysciencecruise\/wp-json\/wp\/v2\/pages\/140\/revisions\/178"}],"wp:attachment":[{"href":"https:\/\/www.oceanblogs.org\/mysciencecruise\/wp-json\/wp\/v2\/media?parent=140"}],"curies":[{"name":"wp","href":"https:\/\/api.w.org\/{rel}","templated":true}]}}