{"id":2,"date":"2021-02-18T15:44:29","date_gmt":"2021-02-18T15:44:29","guid":{"rendered":"http:\/\/www.oceanblogs.org\/msm99\/?page_id=2"},"modified":"2021-02-26T09:16:39","modified_gmt":"2021-02-26T08:16:39","slug":"about","status":"publish","type":"page","link":"https:\/\/www.oceanblogs.org\/msm99\/about\/","title":{"rendered":"\u00dcber \/ About"},"content":{"rendered":"\n<p><strong>\u00dcber MSM99<\/strong><\/p>\n\n\n\n<p>Vom 25. Februar bis 23. M\u00e4rz 2021 wird ein Team von Forschenden aus der Physik und Geologie aus Warnem\u00fcnde (IOW), Kiel (CAU) und der Universit\u00e4t Szczecin (Polen) mit dem deutschen Eisrand-Forschungsschiff Maria S. Merian auf der n\u00f6rdlichen Ostsee unterwegs sein, um die Thematik der winterlichen Tiefenwasserbel\u00fcftung zu untersuchen. Neben der Erfassung der aktuellen hydrodynamischen Bedingungen an und unter dem Eis des Bottnischen Meerbusens stehen sedimentologische und geophysikalische Studien auf dem Programm, mit denen f\u00fcr die Tiefenwasserbewegung charakteristische Sedimenterosionen und -ablagerungen untersucht werden sollen. Ziel ist es, anhand geeigneter Sedimentarchive, die Geschichte der Tiefenwasser-Zirkulation in der n\u00f6rdlichen Ostsee im Verlauf der holoz\u00e4nen Klimavariationen zu rekonstruieren.<\/p>\n\n\n\n<p>Link zur ausf\u00fchrlichen Pressemitteilung auf der Webseite der Universit\u00e4t Kiel:<\/p>\n\n\n\n<p><a href=\"https:\/\/www.uni-kiel.de\/de\/detailansicht\/news\/027-deep-baltic\">https:\/\/www.uni-kiel.de\/de\/detailansicht\/news\/027-deep-baltic<\/a><\/p>\n\n\n\n<p><strong>\u00dcber die Maria S. Merian<\/strong><\/p>\n\n\n\n<p>Das rund 95 Meter lange Forschungsschiff &#8220;Maria S. Merian&#8221; wurde am 9. Februar 2006 in Warnem\u00fcnde in Dienst gestellt und ist f\u00fcr den Einsatz im Atlantik bis zum Eisrand, f\u00fcr Nord- und Ostsee, aber auch f\u00fcr Fahrten bis zum \u00c4quator geeignet. Der Heimathafen der \u201eMaria S. Merian\u201c ist Rostock, Eigner ist das Land Mecklenburg-Vorpommern. Die &#8220;Maria S. Merian&#8221; bietet normalerweise Platz f\u00fcr 23 Forschende und 23 Besatzungsmitglieder. Ausf\u00fchrliche Informationen zum Schiff gibt es im Handbuch der Merian (pdf):<\/p>\n\n\n\n<p><a href=\"http:\/\/www.ldf.uni-hamburg.de\/merian\/technisches\/dokumente-tech-merian\/handbuch-merian-deu.pdf\">www.ldf.uni-hamburg.de\/merian\/technisches\/dokumente-tech-merian\/handbuch-merian-deu.pdf<\/a><\/p>\n\n\n\n<p><strong>About MSM99<\/strong><\/p>\n\n\n\n<p>From 25 February to 23 March 2021, a team of physicists and geologists from Warnem\u00fcnde (IOW), Kiel (Kiel University) and the University of Szczecin (Poland) will be underway in the northern Baltic Sea to investigate the dynamics of winterly deep water circulation. Besides recording the current hydrodynamic conditions near and under the sea ice of the Gulf of Bothnia, the program includes sedimentological and geophysical studies to investigate sediment erosion and deposition characteristics induced by deep-water movement. A further aim is to reconstruct the history of deep water circulation in the northern Baltic Sea during Holocene climate variations recorded in older sediments.<\/p>\n\n\n\n<p><strong>About the ice capable research vessel &#8220;Maria S. Merian<\/strong><\/p>\n\n\n\n<p>The approximately 95-meter-long research vessel &#8220;Maria S. Merian&#8221; was commissioned in Warnem\u00fcnde on February 9, 2006, and is suitable for operations in the Atlantic to the ice edge, for the North Sea and Baltic Sea, and also for voyages to the equator. Homeport of the &#8220;Maria S. Merian&#8221; is Rostock. Owner is the state of Mecklenburg-Vorpommern. The &#8220;Maria S. Merian&#8221; normally has room for 23 researchers and 23 crew members. You will find further information about the Maria S. Merian here:<\/p>\n\n\n\n<p><a href=\"http:\/\/www.ldf.uni-hamburg.de\/merian\/technisches\/dokumente-tech-merian\/handbuch-merian-deu.pdf\">www.ldf.uni-hamburg.de\/merian\/technisches\/dokumente-tech-merian\/handbuch-merian-deu.pdf<\/a><\/p>\n\n\n\n<p>Die Blogposts erscheinen parallel auch im Blogportal des Leibniz-Instituts f\u00fcr Ostseeforschung Warnem\u00fcnde unter<\/p>\n\n\n\n<p><a href=\"https:\/\/www.io-warnemuende.de\/fs-merian-msm99-2021.html\">https:\/\/www.io-warnemuende.de\/fs-merian-msm99-2021.html<\/a><\/p>\n\n\n\n<p><a href=\"https:\/\/www.io-warnemuende.de\/rv-merian-msm99-2021.html\">https:\/\/www.io-warnemuende.de\/rv-merian-msm99-2021.html<\/a><\/p>\n\n\n\n<p><strong>Kontakt \/ Contact<\/strong><br>Friederike Balzereit, Wissenschaftskommunikation I \u00d6ffentlichkeitsarbeit<br><a href=\"mailto:fbalzereit@uv.uni-kiel.de\">fbalzereit@uv.uni-kiel.de<\/a><\/p>\n\n\n\n<p>Prof. Dr. Ralph Schneider, Chief Scientist MSM99, Institute of Geosciences, Kiel University<br><a href=\"mailto:Ralph.Schneider@ifg.uni-kiel.de\">Ralph.Schneider@ifg.uni-kiel.de<\/a><\/p>\n","protected":false},"excerpt":{"rendered":"<p>\u00dcber MSM99 Vom 25. Februar bis 23. M\u00e4rz 2021 wird ein Team von Forschenden aus der Physik und Geologie aus Warnem\u00fcnde (IOW), Kiel (CAU) und der Universit\u00e4t Szczecin (Polen) mit dem deutschen Eisrand-Forschungsschiff Maria S. Merian auf der n\u00f6rdlichen Ostsee unterwegs sein, um die Thematik der winterlichen Tiefenwasserbel\u00fcftung zu untersuchen. Neben der Erfassung der aktuellen [&hellip;]<\/p>\n","protected":false},"author":6,"featured_media":0,"parent":0,"menu_order":0,"comment_status":"closed","ping_status":"open","template":"","meta":{"footnotes":""},"class_list":["post-2","page","type-page","status-publish","hentry"],"_links":{"self":[{"href":"https:\/\/www.oceanblogs.org\/msm99\/wp-json\/wp\/v2\/pages\/2","targetHints":{"allow":["GET"]}}],"collection":[{"href":"https:\/\/www.oceanblogs.org\/msm99\/wp-json\/wp\/v2\/pages"}],"about":[{"href":"https:\/\/www.oceanblogs.org\/msm99\/wp-json\/wp\/v2\/types\/page"}],"author":[{"embeddable":true,"href":"https:\/\/www.oceanblogs.org\/msm99\/wp-json\/wp\/v2\/users\/6"}],"replies":[{"embeddable":true,"href":"https:\/\/www.oceanblogs.org\/msm99\/wp-json\/wp\/v2\/comments?post=2"}],"version-history":[{"count":6,"href":"https:\/\/www.oceanblogs.org\/msm99\/wp-json\/wp\/v2\/pages\/2\/revisions"}],"predecessor-version":[{"id":334,"href":"https:\/\/www.oceanblogs.org\/msm99\/wp-json\/wp\/v2\/pages\/2\/revisions\/334"}],"wp:attachment":[{"href":"https:\/\/www.oceanblogs.org\/msm99\/wp-json\/wp\/v2\/media?parent=2"}],"curies":[{"name":"wp","href":"https:\/\/api.w.org\/{rel}","templated":true}]}}