{"id":2,"date":"2020-09-14T14:55:38","date_gmt":"2020-09-14T13:55:38","guid":{"rendered":"http:\/\/www.oceanblogs.org\/msm96\/?page_id=2"},"modified":"2020-09-15T10:46:28","modified_gmt":"2020-09-15T09:46:28","slug":"about","status":"publish","type":"page","link":"https:\/\/www.oceanblogs.org\/msm96\/about\/","title":{"rendered":"About MSM96"},"content":{"rendered":"\n<p>W\u00e4hrend der MSM96 wird eine systematische, mehrskalige Probenahme und Analyse der Geochemie und Meeresbodenbeschaffenheit in der Tiefsee des Nordostatlantiks durchgef\u00fchrt. Ein r\u00e4umlich hierarchisches Probenahmeschema &#8211; von lokal \u00fcber regional bis hin zur Meeresbeckengr\u00f6\u00dfe &#8211; wird angewendet, um die Heterogenit\u00e4t der benthischen geochemischen Festphasen- und Porenwasserzusammensetzung und der Meeresbodensubstrattypen entlang eines den Nordostatlantik kreuzenden Transekts von der Porcupine Abyssal Plain (PAP) \u00fcber das Central Western European Basin (CWEB) bis zum Mid-Atlantic Rise (MAR) abzubilden.<\/p>\n\n\n\n<p>An Probenahmestationen wird ein hierarchisches Beprobungsschema angewendet, um Daten mit unterschiedlicher Aufl\u00f6sung und r\u00e4umlicher Abdeckung zu erfassen &#8211; vom km- bis cm-Ma\u00dfstab. Hydroakustische Karten erm\u00f6glichen die \u00dcbersicht \u00fcber das Beprobungsgebiet. Beobachtungen mit einem geschleppten Kamerasystem (OFOS) verkn\u00fcpfen diese Karten mit der metergro\u00dfen Verteilung von benthischen Lebensr\u00e4umen und Meeresbodensubstrattypen. Die Probenahme am Meeresboden mit einem TV-Multicorer liefert Punktproben f\u00fcr Haupt- und Spurenelemente und weitere geochemische Parameter. Die grundlegenden geochemischen Parameter (N\u00e4hrstoffe, TOC, Spurenmetalle) des Sediments werden gemessen, gefolgt von einer systematischen Bewertung der Heterogenit\u00e4t der Seltenen Erden im Sediment und Porenwasser des Nordostatlantiks. Dies beinhaltet Konzentrationsmessungen und den Vergleich von schiefernormalisierten Mustern von der lokalen zur Becken-Skala und in Bezug auf die Topographie.<\/p>\n\n\n\n<p>Die Probenahme zielt auf die sichtbare Meeresbodenoberfl\u00e4che sowie auf Tiefenprofile f\u00fcr die oberen ca. 30 cm zur Identifizierung dominierender geochemischer Prozesse in den Oberfl\u00e4chensedimenten.<\/p>\n\n\n\n<p>Maschinelles Lernen wird auf See und nach der Forschungsfahrt angewendet, um die einzelnen Datendom\u00e4nen zu verkn\u00fcpfen. Zun\u00e4chst wird auf See eine automatisierte Bildanalyse angewendet, um quantitative semantische Informationen aus OFOS-Bildern zu extrahieren. Zweitens werden w\u00e4hrend der Evaluierungsphase bildbasiert Meeresbodeneigenschaften mit Ergebnissen der geochemischen Oberfl\u00e4chenprobenahme im Zentimeterbereich verkn\u00fcpft. Dies extrapoliert geochemische Messungen auf Meterskalige Beobachtungen von Substraten. Drittens verkn\u00fcpft die Habitatkartierung die automatisch berechneten Kamerabeobachtungen mit der Hydroakustik im Kilometerbereich. Dies erm\u00f6glicht die Extrapolation von Beobachtungen auf Meterskala in Bildern auf regionale Karten.<\/p>\n\n\n\n<p>W\u00e4hrend der Forschungsfahrt werden wir die Datenerfassung und -analyse im Rahmen aktueller mariner Digitalisierungs- und Forschungsprojekte durchf\u00fchren. Physikalische Proben werden zur Dokumentation der Beprobung und Analyse mit IGSNs identifiziert. Daten werden gem\u00e4\u00df DAM und MareHub Workflows verarbeitet und FAIR und Open-Access ver\u00f6ffentlicht. Die Bathymetrie tr\u00e4gt zum iAtlantic-Projekt und der DAM-Arbeitsgruppe Bathymetrie bei und liefert somit zum GEBCO 2030 Projekt.<\/p>\n\n\n\n<p><\/p>\n\n\n\n<p><strong>Kontakt:<\/strong><\/p>\n\n\n\n<p>Dr. Timm Schoening (Fahrtleiter)<\/p>\n\n\n\n<p>GEOMAR, FB2: Marine Biogeochemie<br>FE: Marine Geosysteme<br>AG: <a href=\"https:\/\/www.geomar.de\/deepsea-monitoring\" target=\"_blank\" rel=\"noreferrer noopener\">DeepSea Monitoring<\/a><\/p>\n\n\n\n<p>IDCC (Information-, Data and Computing Centre)<\/p>\n\n\n\n<p>Technology and Logistics Center<\/p>\n\n\n\n<p>Email: <a rel=\"noreferrer noopener\" href=\"https:\/\/www.geomar.de\/\" target=\"_blank\">tschoening(at)geomar.de<\/a><\/p>\n\n\n\n<p><strong>Adresse:<\/strong><br>Wischhofstra\u00dfe 1-3<br>D-24148 Kiel<\/p>\n","protected":false},"excerpt":{"rendered":"<p>W\u00e4hrend der MSM96 wird eine systematische, mehrskalige Probenahme und Analyse der Geochemie und Meeresbodenbeschaffenheit in der Tiefsee des Nordostatlantiks durchgef\u00fchrt. Ein r\u00e4umlich hierarchisches Probenahmeschema &#8211; von lokal \u00fcber regional bis hin zur Meeresbeckengr\u00f6\u00dfe &#8211; wird angewendet, um die Heterogenit\u00e4t der benthischen geochemischen Festphasen- und Porenwasserzusammensetzung und der Meeresbodensubstrattypen entlang eines den Nordostatlantik kreuzenden Transekts von [&hellip;]<\/p>\n","protected":false},"author":4,"featured_media":0,"parent":0,"menu_order":0,"comment_status":"closed","ping_status":"open","template":"","meta":{"footnotes":""},"class_list":["post-2","page","type-page","status-publish","hentry"],"_links":{"self":[{"href":"https:\/\/www.oceanblogs.org\/msm96\/wp-json\/wp\/v2\/pages\/2","targetHints":{"allow":["GET"]}}],"collection":[{"href":"https:\/\/www.oceanblogs.org\/msm96\/wp-json\/wp\/v2\/pages"}],"about":[{"href":"https:\/\/www.oceanblogs.org\/msm96\/wp-json\/wp\/v2\/types\/page"}],"author":[{"embeddable":true,"href":"https:\/\/www.oceanblogs.org\/msm96\/wp-json\/wp\/v2\/users\/4"}],"replies":[{"embeddable":true,"href":"https:\/\/www.oceanblogs.org\/msm96\/wp-json\/wp\/v2\/comments?post=2"}],"version-history":[{"count":1,"href":"https:\/\/www.oceanblogs.org\/msm96\/wp-json\/wp\/v2\/pages\/2\/revisions"}],"predecessor-version":[{"id":7,"href":"https:\/\/www.oceanblogs.org\/msm96\/wp-json\/wp\/v2\/pages\/2\/revisions\/7"}],"wp:attachment":[{"href":"https:\/\/www.oceanblogs.org\/msm96\/wp-json\/wp\/v2\/media?parent=2"}],"curies":[{"name":"wp","href":"https:\/\/api.w.org\/{rel}","templated":true}]}}