{"id":2,"date":"2020-01-08T10:02:17","date_gmt":"2020-01-08T10:02:17","guid":{"rendered":"http:\/\/www.oceanblogs.org\/msm89\/?page_id=2"},"modified":"2020-01-08T10:19:21","modified_gmt":"2020-01-08T10:19:21","slug":"about","status":"publish","type":"page","link":"https:\/\/www.oceanblogs.org\/msm89\/about\/","title":{"rendered":"About \/ \u00dcber MSM89"},"content":{"rendered":"\n<p>Die Reise MSM89 des Forschungsschiffs MARIA S. MERIAN ist ein Beitrag zur internationalen Forschungsinitiative EURE-C4A (<a href=\"http:\/\/eurec4a.eu\" target=\"_blank\" rel=\"noreferrer noopener\" aria-label=\"eurec4a.eu (opens in a new tab)\">eurec4a.eu<\/a>). Das Ziel von EUREC4A ist es, den \u201eLebenszyklus\u201c von Wolken besser zu verstehen. Die Beobachtungen der dynamischen und thermodynamischen Prozesse in Atmosph\u00e4re und Ozean erm\u00f6glichen es, eine neue Erkenntnisstufe zur Rolle von Wolken im Klimawandel zu erlangen. Es wird erwartet, dass dadurch zuverl\u00e4ssigere Klimavorhersagen getroffen werden k\u00f6nnen.<br> Die Reise MSM89 ist mit der Reise M161 der FS METEOR und mit Expeditionen des franz\u00f6sischen Forschungsschiffes NO l\u2019Atalante und des US Forschungsschiffes RV Ron Brown eng verzahnt. Au\u00dferdem werden vier Flugzeuge (DE, FR, US, UK) und eine Vielzahl von autonom operierenden, ozeanischen und atmosph\u00e4rischen Beobachtungsplattformen w\u00e4hrend EUREC4A eingesetzt. Das Barbados Cloud Observatory (BCO) und die ozeanische Zeitserienstation NTAS bilden die westliche und \u00f6stliche Grenze des EUREC4A Gebietes, die s\u00fcdliche Grenze ist die K\u00fcste S\u00fcdamerikas. EURE-C4A wird in der Zeit vom 17. Januar bis zum 20.Februar 2020 durchgef\u00fchrt.<\/p>\n\n\n\n<p>The research cruise MSM89 of RV MARIA S. MERIAN is a contribution to the international research initiative EU-REC4A (<a rel=\"noreferrer noopener\" aria-label=\"eurec4a.eu (opens in a new tab)\" href=\"http:\/\/eurec4a.eu\" target=\"_blank\">eurec4a.eu<\/a>). The aim of EUREC4A is to better understand the &#8220;life cycle&#8221; of clouds. The observations of the dynamic and thermodynamic processes in atmosphere and ocean will enable a new level of understanding of the role of clouds in the climate system. It is expected that this will lead to more reliable climate predictions. <br> MSM89 is closely linked and required close coordination with expedition M161 of RV METEOR and with expeditions of the French research vessel NO l&#8217;Atalante and the US research vessel RV Ron Brown. Four aircrafts (DE, FR, US, UK) and a large number of autonomous ocean and atmosphere observation platforms will be deployed during EUREC4A. The Barbados Cloud Observatory (BCO) and the oceanic time series station NTAS mark the western and eastern borders of the EURE-C4A area, respectively. The southern border is the coast of South America. EUREC4A will run from 17 January to 20 February 2020.<\/p>\n\n\n\n<p><strong>Kontakt\/Contact: <\/strong><\/p>\n\n\n\n<p>MSM89 Chief Scientist Dr. Johannes Karstensen <br>GEOMAR Helmholtz Centre for Ocean Research Kiel <br>RD1: Physical Oceanography<br>D\u00fcsternbrooker Weg 20<br>24105 Kiel<br>GERMANY<\/p>\n\n\n\n<p><a href=\"http:\/\/www.geomar.de\/~jkarstensen\" target=\"_blank\" rel=\"noreferrer noopener\" aria-label=\"www.geomar.de\/~jkarstensen (opens in a new tab)\">www.geomar.de\/~jkarstensen<\/a><\/p>\n\n\n\n<p><\/p>\n","protected":false},"excerpt":{"rendered":"<p>Die Reise MSM89 des Forschungsschiffs MARIA S. MERIAN ist ein Beitrag zur internationalen Forschungsinitiative EURE-C4A (eurec4a.eu). Das Ziel von EUREC4A ist es, den \u201eLebenszyklus\u201c von Wolken besser zu verstehen. Die Beobachtungen der dynamischen und thermodynamischen Prozesse in Atmosph\u00e4re und Ozean erm\u00f6glichen es, eine neue Erkenntnisstufe zur Rolle von Wolken im Klimawandel zu erlangen. Es wird [&hellip;]<\/p>\n","protected":false},"author":4,"featured_media":0,"parent":0,"menu_order":0,"comment_status":"closed","ping_status":"open","template":"","meta":{"footnotes":""},"class_list":["post-2","page","type-page","status-publish","hentry"],"_links":{"self":[{"href":"https:\/\/www.oceanblogs.org\/msm89\/wp-json\/wp\/v2\/pages\/2","targetHints":{"allow":["GET"]}}],"collection":[{"href":"https:\/\/www.oceanblogs.org\/msm89\/wp-json\/wp\/v2\/pages"}],"about":[{"href":"https:\/\/www.oceanblogs.org\/msm89\/wp-json\/wp\/v2\/types\/page"}],"author":[{"embeddable":true,"href":"https:\/\/www.oceanblogs.org\/msm89\/wp-json\/wp\/v2\/users\/4"}],"replies":[{"embeddable":true,"href":"https:\/\/www.oceanblogs.org\/msm89\/wp-json\/wp\/v2\/comments?post=2"}],"version-history":[{"count":2,"href":"https:\/\/www.oceanblogs.org\/msm89\/wp-json\/wp\/v2\/pages\/2\/revisions"}],"predecessor-version":[{"id":8,"href":"https:\/\/www.oceanblogs.org\/msm89\/wp-json\/wp\/v2\/pages\/2\/revisions\/8"}],"wp:attachment":[{"href":"https:\/\/www.oceanblogs.org\/msm89\/wp-json\/wp\/v2\/media?parent=2"}],"curies":[{"name":"wp","href":"https:\/\/api.w.org\/{rel}","templated":true}]}}