{"id":2,"date":"2017-12-04T09:50:45","date_gmt":"2017-12-04T09:50:45","guid":{"rendered":"http:\/\/www.oceanblogs.org\/msm70\/?page_id=2"},"modified":"2017-12-19T15:01:20","modified_gmt":"2017-12-19T15:01:20","slug":"about","status":"publish","type":"page","link":"https:\/\/www.oceanblogs.org\/msm70\/about\/","title":{"rendered":"About MSM70"},"content":{"rendered":"<p>Ziel der BATHYCHEM-Expedition ist es, die kaum untersuchte Bathymetrists-Seamount-Chain sowie den Cape-Verde-Ridge und die Guinea-Fracture-Zone hochaufl\u00f6send zu kartieren und umfangreich geologisch zu beproben. Die Haupt-, Spurenelement und Isotopengeochemie von Intraplattenvulkanismus unterscheidet sich wegen der geringeren Aufschmelzgrade unter dickerer Lithosph\u00e4re stark von Mittelozeanischer R\u00fccken. Platznahme und Magmatismus von Intraplattenvulkanen beeinflusst die ozeanische Kruste nicht nur lokal (z.B. durch Kleintektonik und Gesteins-Schmelze-Interaktion) sondern f\u00fchrt auch weitr\u00e4umig zu chemischen und mineralogischen Ver\u00e4nderung der Kruste durch z.B. hydrothermale Zirkulation. Die Entstehung der Bathymetrists Seamounts k\u00f6nnte demnach die Zusammensetzung weiter Teile ozeanischer Kruste mit einer Altersspanne von 30 bis &gt;100 Ma und unterschiedlichen Stadien der Krustenentwicklung stark beeinflusst haben. Ziel des Projektes ist es, die Struktur, das Alter und die Zusammensetzung der Bathymetrists Seamounts sowie des Cape Verde Ridge und der Guinea Fracture Zone zu charakterisieren, um durch Intraplattenvulkanismus hervorgerufene Ver\u00e4nderungen in der Struktur und Zusammensetzung ozeanischer Kruste besser zu verstehen und absch\u00e4tzen zu k\u00f6nnen.<\/p>\n<p><em>The BATHYCHEM cruise aims to undertake high-resolution mapping and dense rock sampling of the poorly investigated intraplate volcanism along the Bathymetrists Seamount Chain and its corresponding fault zones; Cape Verde Ridge and Guinea Fracture Zone. Intraplate volcanism, in contrast to mid-ocean-ridge (MOR) oceanic crustal basalts, is formed by low degrees of mantle melting under thick lithosphere and thus has a unique and distinct major element, trace element and isotopic composition. Magmatism associated with the emplacement of this seamount province did not only directly alter the composition of the underlying lithosphere, but the magmatism triggered local structural changes and fluid flow causing large-scale hydrothermal activity, which would have modified the original composition of the lithosphere. The formation of the Bathymetrists Seamounts may have affected the composition of oceanic crust that has a wide range of ages from 30 to &gt;100 Ma and thus has been exposed to variable degrees of seafloor alteration during the evolution of the seafloor. This project aims at characterizing the structure, age and composition of the Bathymetrists Seamounts and adjacent areas to understand their origin and formation mechanism, which will allow a better assessment of how intraplate volcanism modifies the structure and composition of oceanic lithosphere through time.<\/em><\/p>\n<div><\/div>\n<div>Verantwortlich f\u00fcr diesen Blog \/ <em>responsible for this blog<\/em>:<\/div>\n<div><\/div>\n<div>Dr. Froukje van der Zwan (Chief scientist MSM70)<\/div>\n<div><a href=\"mailto:froukje.vanderzwan@ifg.uni-kiel.de\">froukje.vanderzwan@ifg.uni-kiel.de<\/a><\/div>\n<div>Dr. Dieter Garbe-Sch\u00f6nberg (Principle investigator MSM70)<\/div>\n<div><a href=\"mailto:dieter.garbe-schoenberg@ifg.uni-kiel.de\">dieter.garbe-schoenberg@ifg.uni-kiel.de<\/a><\/div>\n<div>Institute for Geosciences, Kiel University<\/div>\n<div>Ludewig-Meyn-Str. 10<\/div>\n<div>24118 Kiel<\/div>\n<div>GERMANY<\/div>\n<div>&#8211;<\/div>\n<div>Dr. Nico Augustin (Co-chief scientist MSM70)<\/div>\n<div><a href=\"mailto:naugustin@geomar.de\" target=\"_blank\" rel=\"noopener\">naugustin@geomar.de <\/a><\/div>\n<div>GEOMAR Helmholtz Centre for Ocean Research Kiel<\/div>\n<div>Wischhofstra\u00dfe 1-3<\/div>\n<div>24148 Kiel<\/div>\n<div>GERMANY<\/div>\n","protected":false},"excerpt":{"rendered":"<p>Ziel der BATHYCHEM-Expedition ist es, die kaum untersuchte Bathymetrists-Seamount-Chain sowie den Cape-Verde-Ridge und die Guinea-Fracture-Zone hochaufl\u00f6send zu kartieren und umfangreich geologisch zu beproben. Die Haupt-, Spurenelement und Isotopengeochemie von Intraplattenvulkanismus unterscheidet sich wegen der geringeren Aufschmelzgrade unter dickerer Lithosph\u00e4re stark von Mittelozeanischer R\u00fccken. Platznahme und Magmatismus von Intraplattenvulkanen beeinflusst die ozeanische Kruste nicht nur lokal [&hellip;]<\/p>\n","protected":false},"author":92,"featured_media":0,"parent":0,"menu_order":0,"comment_status":"closed","ping_status":"open","template":"","meta":{"footnotes":""},"class_list":["post-2","page","type-page","status-publish","hentry"],"_links":{"self":[{"href":"https:\/\/www.oceanblogs.org\/msm70\/wp-json\/wp\/v2\/pages\/2","targetHints":{"allow":["GET"]}}],"collection":[{"href":"https:\/\/www.oceanblogs.org\/msm70\/wp-json\/wp\/v2\/pages"}],"about":[{"href":"https:\/\/www.oceanblogs.org\/msm70\/wp-json\/wp\/v2\/types\/page"}],"author":[{"embeddable":true,"href":"https:\/\/www.oceanblogs.org\/msm70\/wp-json\/wp\/v2\/users\/92"}],"replies":[{"embeddable":true,"href":"https:\/\/www.oceanblogs.org\/msm70\/wp-json\/wp\/v2\/comments?post=2"}],"version-history":[{"count":9,"href":"https:\/\/www.oceanblogs.org\/msm70\/wp-json\/wp\/v2\/pages\/2\/revisions"}],"predecessor-version":[{"id":20,"href":"https:\/\/www.oceanblogs.org\/msm70\/wp-json\/wp\/v2\/pages\/2\/revisions\/20"}],"wp:attachment":[{"href":"https:\/\/www.oceanblogs.org\/msm70\/wp-json\/wp\/v2\/media?parent=2"}],"curies":[{"name":"wp","href":"https:\/\/api.w.org\/{rel}","templated":true}]}}