{"id":2,"date":"2017-04-21T10:38:45","date_gmt":"2017-04-21T09:38:45","guid":{"rendered":"http:\/\/www.oceanblogs.org\/msm63\/?page_id=2"},"modified":"2017-05-03T10:26:43","modified_gmt":"2017-05-03T08:26:43","slug":"ueber","status":"publish","type":"page","link":"https:\/\/www.oceanblogs.org\/msm63\/ueber\/","title":{"rendered":"\u00dcber dieses Blog"},"content":{"rendered":"<p><em>*** english version below***<\/em><\/p>\n<p>Der Aufstieg von Fluiden in marinen Sedimenten stellt einen entscheidenden Transportmechanismus f\u00fcr Methan und andere Kohlenwasserstoffe dar, welcher die benthischen \u00d6kosysteme, den Kohlenstofffluss von der Geosph\u00e4re in die Hydro- und Atmosph\u00e4re, die Exploration von Petroleum und Erdgasl\u00e4gerst\u00e4tten und Georisiken, die mit deren Erschlie\u00dfung und F\u00f6rderung dieser verbunden sind, beeinflusst. Obwohl Fluidmigrationsstrukturen h\u00e4ufig in seismischen Daten abgebildet werden, fehlen Informationen zu ihrer Permeabilit\u00e4t und somit zum wichtigsten hydrogeologischen Parameter. In der Ausfahrt MSM63, unter der Leitung von Professor Christian Berndt, untersuchen wir ein umfassendes geophysikalisches Feldprogramm zur Erfassung der Permeabilit\u00e4t von Fluidmigrationsstrukturen in der Nordsee, wobei wir uns auf eine repr\u00e4sentative Struktur nahe des von Statoil f\u00fcr die CO2 Verpressung verwendeten Sleipner Felds konzentrieren werden. Zur Bestimmung der Permeabilit\u00e4t beabsichtigen wir hochaufl\u00f6sende 3-D Seismik, Ozean-Boden-Seismometern und elektromagnetischen Methoden an einer bereits industriell-seismisch kartierten Aufstiegsstruktur einzusetzen, sowie diese mit dem RockDrill2 zu erbohren und zu beproben. Diese Daten sollen dann von drei Doktoranden im Rahmen des <a href=\"http:\/\/stemm-ccs.eu\/\">STEMM-CCS Projektes<\/a> ausgewertet werden. Die Auswertung umfasst neben der Analyse der seismischen Daten und Sedimentkernanalysen auch einen Vergleich mit Feldanalogen auf dem Colorado Plateau und umfassenden Computersimulationen. Das entsprechende Arbeitsgebiet (work package) wird vom Antragsteller geleitet und umfasst neben dem <a href=\"http:\/\/www.geomar.de\">GEOMAR<\/a> auch Partner aus U.K. und Norwegen.<\/p>\n<p>Weiterf\u00fchrende Informationen zum Projekt STEMM-CCS finden Sie hier: <a href=\"http:\/\/stemm-ccs.eu\/\">http:\/\/stemm-ccs.eu\/<\/a><\/p>\n<p><em>The migration of fluids in marine sediments is an important geological process in the marine environment and controls the distribution and functioning of hydrocarbon resources, benthic and sub-seafloor ecosystems, natural and exploration-related geohazards, the carbon cycle and the Earth&#8217;s climate. Although seismic pipes and chimneys are common features in seismic reflection data and their interpretation as focused fluid flow conduits is well-established, their nature and in particular their permeability is poorly understood. On this cruise MSM63 (Chiefscientist Prof. Christian Berndt) we devised a comprehensive geophysical field program to constrain chimney permeability, including the collection of high-resolution 3D seismic data and in addition use ocean bottom seismometer and electromagnetic instruments to obtain a complete and diverse geophysical dataset of the target area. During the 2<sup>nd<\/sup> Leg the British Geological Survey\u2019s sea floor drilling apparatus RockDrill2 is used to sample the interior of a pipe structure directly. Here, the studies focus on a typical pipe structure which was previously studied during industrial exploration and is located close to Statoil\u2019s CO2 storage site at the Sleipner Field in the North Sea. Two PhD students which are funded through the <a href=\"http:\/\/stemm-ccs.eu\/\">STEMM-CCS project <\/a>will evaluate the data. In addition, also terrestrial rock samples (field analogues) from the Colorado Plateau will be analyzed to gain a better understanding of the natural permeability variations inside such pipe structures. This work package within the STEMM-CCS project is coordinated by the <a href=\"http:\/\/www.geomar.de\/en\">GEOMAR<\/a> and the work will be conducted in close collaboration with colleagues from the U.K. and Norway.<\/em><\/p>\n<p><em>You can find further information about the project STEMM-CCS here:<a href=\"http:\/\/stemm-ccs.eu\/\"> http:\/\/stemm-ccs.eu\/<\/a><\/em><\/p>\n","protected":false},"excerpt":{"rendered":"<p>*** english version below*** Der Aufstieg von Fluiden in marinen Sedimenten stellt einen entscheidenden Transportmechanismus f\u00fcr Methan und andere Kohlenwasserstoffe dar, welcher die benthischen \u00d6kosysteme, den Kohlenstofffluss von der Geosph\u00e4re in die Hydro- und Atmosph\u00e4re, die Exploration von Petroleum und Erdgasl\u00e4gerst\u00e4tten und Georisiken, die mit deren Erschlie\u00dfung und F\u00f6rderung dieser verbunden sind, beeinflusst. Obwohl Fluidmigrationsstrukturen [&hellip;]<\/p>\n","protected":false},"author":92,"featured_media":0,"parent":0,"menu_order":0,"comment_status":"closed","ping_status":"open","template":"","meta":{"footnotes":""},"class_list":["post-2","page","type-page","status-publish","hentry"],"_links":{"self":[{"href":"https:\/\/www.oceanblogs.org\/msm63\/wp-json\/wp\/v2\/pages\/2","targetHints":{"allow":["GET"]}}],"collection":[{"href":"https:\/\/www.oceanblogs.org\/msm63\/wp-json\/wp\/v2\/pages"}],"about":[{"href":"https:\/\/www.oceanblogs.org\/msm63\/wp-json\/wp\/v2\/types\/page"}],"author":[{"embeddable":true,"href":"https:\/\/www.oceanblogs.org\/msm63\/wp-json\/wp\/v2\/users\/92"}],"replies":[{"embeddable":true,"href":"https:\/\/www.oceanblogs.org\/msm63\/wp-json\/wp\/v2\/comments?post=2"}],"version-history":[{"count":4,"href":"https:\/\/www.oceanblogs.org\/msm63\/wp-json\/wp\/v2\/pages\/2\/revisions"}],"predecessor-version":[{"id":17,"href":"https:\/\/www.oceanblogs.org\/msm63\/wp-json\/wp\/v2\/pages\/2\/revisions\/17"}],"wp:attachment":[{"href":"https:\/\/www.oceanblogs.org\/msm63\/wp-json\/wp\/v2\/media?parent=2"}],"curies":[{"name":"wp","href":"https:\/\/api.w.org\/{rel}","templated":true}]}}