{"id":2,"date":"2016-08-31T13:42:08","date_gmt":"2016-08-31T12:42:08","guid":{"rendered":"http:\/\/www.oceanblogs.org\/msm58\/?page_id=2"},"modified":"2016-10-05T13:03:09","modified_gmt":"2016-10-05T12:03:09","slug":"sample-page","status":"publish","type":"page","link":"https:\/\/www.oceanblogs.org\/msm58\/sample-page\/","title":{"rendered":"\u00dcber MSM58"},"content":{"rendered":"<p>(English version below)<\/p>\n<p>Expedition MSM58 wird die Oberfl\u00e4chen- und Tiefenwasserzirkulation am Nordrand des Nordatlantischen Subtropischen Wirbels zwischen 10 und 38\u00b0 N f\u00fcr die letzten 25.000 Jahre untersuchen. In diesem Meeresgebiet werden heute bis zu 50 % des in den Tropen erw\u00e4rmten Golfstroms im Uhrzeigersinn Richtung Afrika und wieder nach S\u00fcden gepumpt. Die andere H\u00e4lfte des warmen, salzreichen Wassers wird mit dem Nordatlantikstrom in den subpolaren Nordatlantik transportiert, wo es seine W\u00e4rme an die Atmosph\u00e4re abgibt, durch die Abk\u00fchlung an Dichte zunimmt, absinkt und dann als Tiefenwasserstrom wieder in den S\u00fcdatlantik flie\u00dft. Dieses System von gegenl\u00e4ufigen Oberfl\u00e4chen- und Tiefenwasserstr\u00f6mungen wird von Klimaforschern oft AMOC genannt, als Abk\u00fcrzung f\u00fcr Atlantic Meridional Overturning Circulation. Die AMOC unterliegt enormen Schwankungen. So gab es in der j\u00fcngeren Vergangenheit klimawirksame AMOC Schwankungen, die in Europa wahrscheinlich ein Ausl\u00f6ser f\u00fcr die Mittelalterliche Warmzeit im 11.-13. Jahrhundert und f\u00fcr die Kleine Eiszeit im 15.-17. Jahrhundert waren. In der letzten gro\u00dfen Eiszeit vor 25.000 Jahren war die AMOC stark reduziert und kam in Perioden starken Schmelzwassereintrags von den kontinentalen Eisschilden der Nordhalbkugel fast komplett zum Erliegen. F\u00fcr diese Klimabedingungen zeigen erste Untersuchungen, dass sich die Position des Subtropische Wirbel ver\u00e4nderte und er als Speicher f\u00fcr das warme subtropische Wasser diente. Die Freisetzung des warmen Wassers und dessen Transport nach Norden in die Gebiete der Tiefenwasserbildung spielte eine wesentliche Rolle f\u00fcr das Wiedereinsetzen der AMOC.<br \/>\nObwohl der Subtropische Wirbel wegen seiner N\u00e4hrstoffarmut auch als ozeanische W\u00fcste bezeichnet wird, und hat er aufgrund seiner Ausdehnung eine gro\u00dfe Bedeutung f\u00fcr die gro\u00dffl\u00e4chige Planktonproduktion im Nordatlantik und damit f\u00fcr die Aufnahme von CO2 aus der Atmosph\u00e4re in den Ozean. Der exakte Mechanismus zwischen Zunahme und Abnahme der AMOC, der Positionsverschiebung des Subtropenwirbels sowie die Ver\u00e4nderungen in den N\u00e4hrstoffkreisl\u00e4ufen und deren Einfluss auf die globale CO2 Bilanz ist bislang noch nicht genau verstanden. Selbst modernste Klimamodelle zeigen immer noch gro\u00dfe Unsicherheiten in der Vorhersage zu zuk\u00fcnftigen Ver\u00e4nderungen in der Ozeanzirkulation im Nordatlantik.<\/p>\n<p>Auf der Forschungsfahrt 58 mit Maria S. Merian werden deshalb vom 10. September bis 7. Oktober 2016 auf einer Strecke von Reykjavik auf Island nach Ponta Delgada auf den Azoren neue Proben aus der Wassers\u00e4ule und den Sedimenten am Meeresboden gewonnen und bearbeitet. Die neuen Proben werden zus\u00e4tzliche Auskunft \u00fcber die komplexen Wechselwirkungen zwischen Schmelzwassereintrag, W\u00e4rmespeicherung in den Subtropen und Ver\u00e4nderungen in der Tiefenwasserzirkulation, N\u00e4hrstoffkreisl\u00e4ufen und Pal\u00e4oproduktivit\u00e4t geben. Damit wird das Verst\u00e4ndnis \u00fcber die Funktion des subtropischen Nordatlantiks f\u00fcr die nat\u00fcrlichen Schwankungen im Klimasystem erweitert um Vorhersagen f\u00fcr den anthropogen verursachten Klimawandel zu verbessern.<\/p>\n<p>Ver\u00e4nderungen des subtropischen Wirbels und den Tiefenwasserstr\u00f6mungen und damit verbundene \u00c4nderungen in den Wassermasseneigenschaften (z.B. Temperatur, Salz- und N\u00e4hrstoffgehalt) k\u00f6nnen durch pal\u00e4oozeanographische und sedimentologische Untersuchungen in einem dreidimensionalen Beprobungsraster f\u00fcr geologischen Zeitskalen rekonstruiert werden. Auf der Forschungsfahrt werden deshalb, ausgehend von einem Nord-S\u00fcd Profil entlang des Mittelatlantischen R\u00fcckens zwischen 41\u00b0 und 32\u00b0 N, vier quer verlaufende Tiefenprofile in das West- und Ostatlantische Becken beprobt. Der Fokus der Arbeiten zielt auf die Rekonstruktion der Variabilit\u00e4t der letzten 25.000 Jahre, da es in dieser Periode sowohl starke nat\u00fcrliche Erw\u00e4rmungen und Eisschmelzen als auch k\u00e4ltere Klimaphasen gab. Um die hierf\u00fcr besten Probenstationen in der Tiefsee zu lokalisieren wird der Meeresboden zun\u00e4chst mit schiffsgesch\u00fctzten Echoloten vermessen. Die Sedimentbeprobung findet danach an 25 Stationen in Wassertiefen zwischen 2.500 und 4.000 Metern statt. F\u00fcr die Beprobung der Oberfl\u00e4chensedimente werden ein Multicorer und ein Gro\u00dfkastengreifer eingesetzt. Die Kernentnahme erfolgt mit einem Schwerelot.<\/p>\n<p>MSM58 ist eine internationale Kooperation des <a href=\"http:\/\/www.ifg.uni-kiel.de\/\" target=\"_blank\">Instituts f\u00fcr Geowissenschaften der Universit\u00e4t Kiel<\/a> und dem meereswissenschaftlichen Schwerpunkt <a href=\"https:\/\/www.kms.uni-kiel.de\/de\/uber-kiel-marine-science-kms\">Kiel Marine Sciences (KMS)<\/a> mit dem <a href=\"http:\/\/www.mpic.de\/\" target=\"_blank\">Max-Planck-Institut f\u00fcr Chemie (MPIC)<\/a> in Mainz und der <a href=\"http:\/\/www.whoi.edu\/\" target=\"_blank\">Woods Hole Oceanographic Institution (WHOI)<\/a> in Woods Hole, USA. Die Expedition, an der 20 Geowissenschaftler und Doktoranden beteiligt sind, wird von <a href=\"http:\/\/www.ifg.uni-kiel.de\/867.html\" target=\"_blank\">Dr. Janne Repschl\u00e4ger<\/a> (KMS und MPIC) geleitet.<\/p>\n<p>Eine \u00dcbersicht der teilnehmenden Wissenschaftler finden sie <a href=\"http:\/\/fileserver.futureocean.org\/blog\/MSM58_Blog_Wissenschaftler.pdf\">hier<\/a>.<\/p>\n<p>&nbsp;<\/p>\n<p><strong>About MSM 58<\/strong><\/p>\n<p>The expedition MSM58 will study the surface and deep water circulation at the northern edge of the North Atlantic subtropical vortex between 10 and 38\u00b0 N during the last 25,000 years. In this area of the ocean up to 50% of the Gulf Stream which is heated up in the tropics, is pumped clockwise towards Africa and again towards the South. The other half of the warm salty water is transported into the sub polar North Atlantic, where it releases its warmth into the atmosphere, increases in density through cooling, sinks again and then flows into the South Atlantic as a deep water current. This system of contra-rotating surface and deep water currents is often called AMOC, for Atlantic Meridional Overturning Circulation. The AMOC is subject to enormous fluctuations. In the recent past there have been climate-affecting AMOC fluctuations which were probably a trigger for the Medieval Warm Period in the 11th to the 13th centuries and for the Little Ice Age in the 15th to the 17th centuries. In the last big Ice Age 25,000 years ago, AMOC was sharply reduced and came close to a complete standstill during periods of strong melt water influx from the continental ice sheets of the northern hemisphere. For these climatic conditions preliminary studies show that the position of the subtropical vortexes changed and that they served as storage for the warm subtropical waters. The release of the warm water and its transport towards the North into the areas of deep water formation play a key role in the reinstatement of the AMOC.<\/p>\n<p>Although the subtropical vortex is also called the oceanic desert due to its nutrient deficiency, due to its expansion it gained in importance for large-scale plankton production in the North Atlantic and thereby for the absorption of CO2 from the atmosphere into the ocean. The exact mechanism between the increase and decrease of the AMOC, the position shift of the subtropical vortex as well as the changes in the nutrient cycles and their influence on the global carbon footprint is not yet fully understood. Even the most modern climate models still show great uncertainties in the prediction of future changes in ocean circulation in the North Atlantic.<\/p>\n<p>For this reason, during the research expedition 58 of the Maria S. Merian from September 10th to October 11th 2016 on the route from Reykjavik, Iceland to Ponta Delgada on the Azores, new samples will be taken from the water column and the sediments on the sea floor and processed. The new samples will provide additional information about the complex interactions between melt water influx and thermal energy storage in the subtropics and changes in deep water circulation, nutrient cycles and paleo productivity.\u00a0 In this way the understanding of the function of the subtropical North Atlantic for natural fluctuations in the climate system will be expanded to improve predictions about human-induced climate change.<\/p>\n<p>Changes in the subtropical vortex and deep water currents and related changes in the water mass characteristics (e.g. temperature, salt and nutritional value) can be reconstructed through paleo-oceanographic and sedimentological studies in a three-dimensional sample grid on geological time scales. Therefore, starting from a North-South profile along the Mid-Atlantic Ridge between 41\u00b0 and 32\u00b0 N four transverse depth profiles will be sampled in the Western and Eastern Atlantic Basin during the research expedition. The focus of the work will be the reconstruction of the variability of the last 25,000 years when there were strong natural warming and ice melting as well as colder climate phases. In order to locate the best sampling stations in the deep sea for this purpose, the sea floor will first be measured with a ship protected echo sounder. The sediment sampling will then take place at 25 stations at water depths between 2,500 and 4,000 meters. For the sampling of surface sediments a multi-corer and a box corer will be employed. The core removal will be carried out with a gravity corer.<\/p>\n<p>MSM58 is an international cooperation of the <a href=\"https:\/\/www.ifg.uni-kiel.de\/6+M52087573ab0.html\" target=\"_blank\">Institute of Geosciences of Kiel University<\/a> and the marine scientific focus <a href=\"https:\/\/www.kms.uni-kiel.de\/en\/about-kiel-marine-science-kms?set_language=en\" target=\"_blank\">Kiel Marine Sciences (KMS)<\/a> with the <a href=\"http:\/\/www.mpic.de\/en\/top-navigation\/home.html\" target=\"_blank\">Max Planck Institute for Chemistry (MPIC)<\/a> in Mainz and the <a href=\"http:\/\/www.whoi.edu\" target=\"_blank\">Woods Hole Oceanographic Institution (WHOI)<\/a> in Woods Hole, USA. The expedition, in which 20 geoscientists and PhD candidates will be involved, is being led by <a href=\"http:\/\/www.ifg.uni-kiel.de\/867.html\" target=\"_blank\">Dr. Janne Repschl\u00e4ger<\/a> (KMS and MPIC).<\/p>\n","protected":false},"excerpt":{"rendered":"<p>(English version below) Expedition MSM58 wird die Oberfl\u00e4chen- und Tiefenwasserzirkulation am Nordrand des Nordatlantischen Subtropischen Wirbels zwischen 10 und 38\u00b0 N f\u00fcr die letzten 25.000 Jahre untersuchen. In diesem Meeresgebiet werden heute bis zu 50 % des in den Tropen erw\u00e4rmten Golfstroms im Uhrzeigersinn Richtung Afrika und wieder nach S\u00fcden gepumpt. Die andere H\u00e4lfte des [&hellip;]<\/p>\n","protected":false},"author":92,"featured_media":0,"parent":0,"menu_order":0,"comment_status":"closed","ping_status":"open","template":"","meta":{"footnotes":""},"class_list":["post-2","page","type-page","status-publish","hentry"],"_links":{"self":[{"href":"https:\/\/www.oceanblogs.org\/msm58\/wp-json\/wp\/v2\/pages\/2","targetHints":{"allow":["GET"]}}],"collection":[{"href":"https:\/\/www.oceanblogs.org\/msm58\/wp-json\/wp\/v2\/pages"}],"about":[{"href":"https:\/\/www.oceanblogs.org\/msm58\/wp-json\/wp\/v2\/types\/page"}],"author":[{"embeddable":true,"href":"https:\/\/www.oceanblogs.org\/msm58\/wp-json\/wp\/v2\/users\/92"}],"replies":[{"embeddable":true,"href":"https:\/\/www.oceanblogs.org\/msm58\/wp-json\/wp\/v2\/comments?post=2"}],"version-history":[{"count":13,"href":"https:\/\/www.oceanblogs.org\/msm58\/wp-json\/wp\/v2\/pages\/2\/revisions"}],"predecessor-version":[{"id":110,"href":"https:\/\/www.oceanblogs.org\/msm58\/wp-json\/wp\/v2\/pages\/2\/revisions\/110"}],"wp:attachment":[{"href":"https:\/\/www.oceanblogs.org\/msm58\/wp-json\/wp\/v2\/media?parent=2"}],"curies":[{"name":"wp","href":"https:\/\/api.w.org\/{rel}","templated":true}]}}