{"id":2,"date":"2021-06-09T10:15:05","date_gmt":"2021-06-09T08:15:05","guid":{"rendered":"http:\/\/www.oceanblogs.org\/msm101\/?page_id=2"},"modified":"2021-06-11T09:25:54","modified_gmt":"2021-06-11T07:25:54","slug":"about","status":"publish","type":"page","link":"https:\/\/www.oceanblogs.org\/msm101\/about\/","title":{"rendered":"\u00dcber \/ About"},"content":{"rendered":"\n<p><strong>Einmal Kanada und zur\u00fcck &#8211; \u00fcber die Expedition MSM101<\/strong><br>Vom 12. Juni bis zum 20. Juli sind Forschende der Christian-Albrechts-Universit\u00e4t zu Kiel (CAU) unter Fahrtleitung von Professor Ralph Schneider, Institut f\u00fcr Geowissenschaften und Direktor des Forschungsschwerpunktes Kiel Marine Science (KMS) auf dem deutschen Forschungsschiff Maria S. Merian unterwegs nach Kanada vor die K\u00fcsten Neufundlands und Neuschottlands (Novia Scotia).<\/p>\n\n\n\n<p>Ziel ist die Rekonstruktion der klimatischen Ver\u00e4nderungen der vergangenen 19.000 Jahre. Der Nordwestatlantik entlang des Scotian Schelfs und Kontinentalhangs ist eine ideale Region, um die heutige und vergangene Variabilit\u00e4t der wichtigsten oberfl\u00e4chennahen und tiefen Komponenten der atlantischen meridionalen Umw\u00e4lzzirkulation (AMOC) zu untersuchen.<\/p>\n\n\n\n<p>Die Ausfahrt ist Teil der bilateralen Zusammenarbeit in der Meeresforschung zwischen den Universit\u00e4ten Dalhousie und Kiel gemeinsam mit dem GEOMAR. Sie soll wichtige Daten und Sedimentarchive zur Rekonstruktion der Variabilit\u00e4t in den konvergierenden warmen und kalten Wassermassen des Golfstroms und des Labradorstroms vor Nova Scotia liefern. Durch die Einschr\u00e4nkungen der Reisem\u00f6glichkeiten und die hohen Quarant\u00e4ne-Auflagen findet die Fahrt allein mit Forschenden und Studierenden der Universit\u00e4t Kiel statt.<\/p>\n\n\n\n<p>\u00dcber ihre Eindr\u00fccke und Erlebnisse berichten die Expeditionsteilnehmerinnen und \u2013teilnehmer in diesem Blog und auf den Social Media-Kan\u00e4len Instagram, @expedition.novamar und twitter @Novamar_Msm101. Sie sind herzlich eingeladen, zu folgen, zu liken und zu kommentieren und virtuell die Arbeitsschritte und das Leben an Bord kennenzulernen.<\/p>\n\n\n\n<p><strong>\u00dcber das Forschungsschiff Maria S. Merian<\/strong><br>Das rund 95 Meter lange Forschungsschiff \u201cMaria S. Merian\u201d wurde am 9. Februar 2006 in Warnem\u00fcnde in Dienst gestellt und ist f\u00fcr den Einsatz im Atlantik bis zum Eisrand, f\u00fcr Nord- und Ostsee, aber auch f\u00fcr Fahrten bis zum \u00c4quator geeignet. Der Heimathafen der \u201eMaria S. Merian\u201c ist Rostock, Eigner ist das Land Mecklenburg-Vorpommern. Die \u201cMaria S. Merian\u201d bietet normalerweise Platz f\u00fcr 23 Forschende und 23 Besatzungsmitglieder.<br>Ausf\u00fchrliche Informationen zum Schiff gibt es im Handbuch der Merian (pdf):<br><a href=\"http:\/\/www.ldf.uni-hamburg.de\/merian\/technisches\/dokumente-tech-merian\/handbuch-merian-deu.pdf\" target=\"_blank\" rel=\"noreferrer noopener\">www.ldf.uni-hamburg.de\/merian\/technisches\/dokumente-tech-merian\/handbuch-merian-deu.pdf<\/a><\/p>\n\n\n\n<p><strong>To Canada and back &#8211; about the expedition MSM 101<\/strong><br>From 12 June to 20 July, researchers from Kiel University will be on expedition NOVAMAR on bord the German research vessel Maria S. Merian heading for Canada, off the coasts of Newfoundland and Nova Scotia. Aim of the cruise is to reconstruct the climatic changes of the past 19,000 years. The Northwest Atlantic along the Scotian Shelf and Slope provides a unique environment to monitor modern and reconstruct past variability of critical components of the Atlantic Meridional Overturning Circulation (AMOC), including both surface and deep currents. Sediment samples will provide important data for the reconstruction of changes of surface and deep-water masses at the convergence of cold Labrador Sea and warm North Atlantic Currents.<\/p>\n\n\n\n<p>The cruise is part of a bilateral collaboration in marine science between Dalhousie (Dalhousie University) and Kiel (Kiel University and the GEOMAR Helmholz Center for Ocean Research). Chief Scientist is Professor Ralph Schneider, Institut of Geosciences and Director of Kiel Marine Science (KMS). But, due to the restrictions on travel and the high quarantine requirements, the trip will take place with researchers and students from Kiel University alone.<\/p>\n\n\n\n<p>The expedition participants will report on their impressions and experiences in this blog and on the social media channels Instagram, @expedition.novamar and twitter @Novamar_Msm101<br>You are invited to follow, comment and be virtually part of the crew.<\/p>\n\n\n\n<p><strong>About the research vessel \u201cMaria S. Merian<\/strong><br>The approximately 95-meter-long research vessel \u201cMaria S. Merian\u201d was commissioned in Warnem\u00fcnde on February 9, 2006, and is suitable for operations in the Atlantic to the ice edge, for the North Sea and Baltic Sea, and also for voyages to the equator. Homeport of the \u201cMaria S. Merian\u201d is Rostock. Owner is the state of Mecklenburg-Vorpommern. The \u201cMaria S. Merian\u201d normally has room for 23 researchers and 23 crew members.<br>You will find further information about the Maria S. Merian here:<br><a rel=\"noreferrer noopener\" href=\"http:\/\/www.ldf.uni-hamburg.de\/merian\/technisches\/dokumente-tech-merian\/handbuch-merian-deu.pdf\" target=\"_blank\">www.ldf.uni-hamburg.de\/merian\/technisches\/dokumente-tech-merian\/handbuch-merian-deu.pdf<\/a><\/p>\n\n\n\n<p><strong>Kontakt \/ Contact<\/strong><br>Prof. Dr. Ralph Schneider, Chief Scientist MSM101, Institute of Geosciences,<br><a rel=\"noreferrer noopener\" href=\"mailto:Ralph.Schneider@ifg.uni-kiel.de\" target=\"_blank\">Ralph.Schneider@ifg.uni-kiel.de<\/a><\/p>\n","protected":false},"excerpt":{"rendered":"<p>Einmal Kanada und zur\u00fcck &#8211; \u00fcber die Expedition MSM101Vom 12. Juni bis zum 20. Juli sind Forschende der Christian-Albrechts-Universit\u00e4t zu Kiel (CAU) unter Fahrtleitung von Professor Ralph Schneider, Institut f\u00fcr Geowissenschaften und Direktor des Forschungsschwerpunktes Kiel Marine Science (KMS) auf dem deutschen Forschungsschiff Maria S. Merian unterwegs nach Kanada vor die K\u00fcsten Neufundlands und Neuschottlands [&hellip;]<\/p>\n","protected":false},"author":6,"featured_media":0,"parent":0,"menu_order":0,"comment_status":"closed","ping_status":"closed","template":"","meta":{"footnotes":""},"class_list":["post-2","page","type-page","status-publish","hentry"],"_links":{"self":[{"href":"https:\/\/www.oceanblogs.org\/msm101\/wp-json\/wp\/v2\/pages\/2","targetHints":{"allow":["GET"]}}],"collection":[{"href":"https:\/\/www.oceanblogs.org\/msm101\/wp-json\/wp\/v2\/pages"}],"about":[{"href":"https:\/\/www.oceanblogs.org\/msm101\/wp-json\/wp\/v2\/types\/page"}],"author":[{"embeddable":true,"href":"https:\/\/www.oceanblogs.org\/msm101\/wp-json\/wp\/v2\/users\/6"}],"replies":[{"embeddable":true,"href":"https:\/\/www.oceanblogs.org\/msm101\/wp-json\/wp\/v2\/comments?post=2"}],"version-history":[{"count":33,"href":"https:\/\/www.oceanblogs.org\/msm101\/wp-json\/wp\/v2\/pages\/2\/revisions"}],"predecessor-version":[{"id":64,"href":"https:\/\/www.oceanblogs.org\/msm101\/wp-json\/wp\/v2\/pages\/2\/revisions\/64"}],"wp:attachment":[{"href":"https:\/\/www.oceanblogs.org\/msm101\/wp-json\/wp\/v2\/media?parent=2"}],"curies":[{"name":"wp","href":"https:\/\/api.w.org\/{rel}","templated":true}]}}