{"id":2,"date":"2018-02-20T09:39:57","date_gmt":"2018-02-20T09:39:57","guid":{"rendered":"http:\/\/www.oceanblogs.org\/mikroplastik54n\/?page_id=2"},"modified":"2018-02-22T13:12:57","modified_gmt":"2018-02-22T12:12:57","slug":"ueber","status":"publish","type":"page","link":"https:\/\/www.oceanblogs.org\/mikroplastik54n\/ueber\/","title":{"rendered":"\u00dcber diesen Blog"},"content":{"rendered":"<p>Dies ist der Blog des Projektes &#8216;Mikroplastik an unseren K\u00fcsten&#8217;, das vom Exzellenzcluster &#8216;Ozean der Zukunft&#8217; initiert wurde. Im Rahmen dieses Projektes soll erstmalig die Belastung der schleswig-holsteinischen Ostseek\u00fcste mit Mikroplastik erfasst werden. An der Durchf\u00fchrung sind Mitarbeiter der Kieler Forschungswerkstatt und des GEOMAR Helmholtz-Zentrums f\u00fcr Ozeanforschung Kiel beteiligt. Im Laufe des Jahres 2018 werden insgesamt 20 Sandproben zwischen der Flensburger F\u00f6rde und der L\u00fcbecker Bucht genommen und mit Hilfe der Raman-Spektroskopie auf ihren Gehalt an Mikroplastik untersucht werden. Alle Arbeitsschritte und die Ergebnisse werden hier dargestellt.<\/p>\n<p><strong>Kontakt<\/strong><\/p>\n<p><strong>Name: <\/strong>Dennis Brennecke<strong><br \/>\nInteressen: <\/strong>Meeress\u00e4uger, Plastik, Wissenschaftskommunikation<br \/>\n<strong>Job\/Location: <\/strong>Kieler Forschungswerstatt,\u00a0 <a href=\"http:\/\/www.marine-mammals.com\/\">Marine Mammals Projekt Manager<\/a><strong><br \/>\ne-mail: <\/strong>dbrennecke@email.uni-kiel.de<\/p>\n<p><strong>Name: <\/strong>Dr. Mark Lenz<strong><br \/>\nInteressen: <\/strong>Marine \u00d6kologie, Benthos\u00f6kologie<br \/>\n<strong>Job\/Location: <\/strong>GEOMAR,\u00a0 <a href=\"http:\/\/www.geomar.de\/go\/game\">GAME-Koordinator <strong><br \/>\n<\/strong><\/a><strong>e-mail: <\/strong>mlenz@geomar.de<\/p>\n","protected":false},"excerpt":{"rendered":"<p>Dies ist der Blog des Projektes &#8216;Mikroplastik an unseren K\u00fcsten&#8217;, das vom Exzellenzcluster &#8216;Ozean der Zukunft&#8217; initiert wurde. Im Rahmen dieses Projektes soll erstmalig die Belastung der schleswig-holsteinischen Ostseek\u00fcste mit Mikroplastik erfasst werden. An der Durchf\u00fchrung sind Mitarbeiter der Kieler Forschungswerkstatt und des GEOMAR Helmholtz-Zentrums f\u00fcr Ozeanforschung Kiel beteiligt. Im Laufe des Jahres 2018 werden [&hellip;]<\/p>\n","protected":false},"author":92,"featured_media":0,"parent":0,"menu_order":0,"comment_status":"closed","ping_status":"open","template":"","meta":{"footnotes":""},"class_list":["post-2","page","type-page","status-publish","hentry"],"_links":{"self":[{"href":"https:\/\/www.oceanblogs.org\/mikroplastik54n\/wp-json\/wp\/v2\/pages\/2","targetHints":{"allow":["GET"]}}],"collection":[{"href":"https:\/\/www.oceanblogs.org\/mikroplastik54n\/wp-json\/wp\/v2\/pages"}],"about":[{"href":"https:\/\/www.oceanblogs.org\/mikroplastik54n\/wp-json\/wp\/v2\/types\/page"}],"author":[{"embeddable":true,"href":"https:\/\/www.oceanblogs.org\/mikroplastik54n\/wp-json\/wp\/v2\/users\/92"}],"replies":[{"embeddable":true,"href":"https:\/\/www.oceanblogs.org\/mikroplastik54n\/wp-json\/wp\/v2\/comments?post=2"}],"version-history":[{"count":8,"href":"https:\/\/www.oceanblogs.org\/mikroplastik54n\/wp-json\/wp\/v2\/pages\/2\/revisions"}],"predecessor-version":[{"id":33,"href":"https:\/\/www.oceanblogs.org\/mikroplastik54n\/wp-json\/wp\/v2\/pages\/2\/revisions\/33"}],"wp:attachment":[{"href":"https:\/\/www.oceanblogs.org\/mikroplastik54n\/wp-json\/wp\/v2\/media?parent=2"}],"curies":[{"name":"wp","href":"https:\/\/api.w.org\/{rel}","templated":true}]}}