{"id":2,"date":"2017-07-27T13:32:57","date_gmt":"2017-07-27T12:32:57","guid":{"rendered":"http:\/\/www.oceanblogs.org\/mehrmeer2017\/?page_id=2"},"modified":"2017-07-29T19:34:46","modified_gmt":"2017-07-29T17:34:46","slug":"ueber","status":"publish","type":"page","link":"https:\/\/www.oceanblogs.org\/mehrmeer2017\/ueber\/","title":{"rendered":"\u00dcber MehrMeer2017"},"content":{"rendered":"<p>In den ersten beiden Septemberwochen nehmen 20 Sch\u00fclerinnen und Sch\u00fcler am Ozeanworkshop mehr meer 2017 auf der Insel Helgoland teil. Hier teilen sie ihre Eindr\u00fccke von dem Kurs&#8230;<\/p>\n<p>Im Rahmen des vom Bundesministerium f\u00fcr Bildung und Forschung (BMBF) initiierten Wissenschaftsjahres 2016*17 &#8220;Meere und Ozeane&#8221; organisierten die Sch\u00fclerlabore des <a href=\"http:\/\/www.geomar.de\">GEOMAR Helmholtz-Zentrums f\u00fcr Ozeanforschung Kiel<\/a>, des <a href=\"http:\/\/www.awi.de\">Alfred-Wegener-Instituts Helmholtz-Zentrum f\u00fcr Polar- und Meeresforschung (AWI) Helgoland<\/a> und des <a href=\"http:\/\/www.hzg.de\">Helmholtz-Zentrums Geesthacht (HZG)<\/a> einen zweiw\u00f6chigen Workshop f\u00fcr Jugendliche zwischen 16 und 18 Jahren. Aus den Bewerbern aus dem ganzen Bundesgebiet wurden 20 Teilnehmerinnen und Teilnehmer ausgew\u00e4hlt, die vor Ort auf Helgoland in Einf\u00fchrungen und praktischen Arbeiten mehr \u00fcber das Meer und speziell die Ozean- und K\u00fcstenforschung lernen.<\/p>\n<p>Hier im Blog berichten sie \u00fcber ihre Erfahrungen, Entdeckungen, und was sie sonst noch auf einer Insel fernab des Festlandes spannend oder auch kurios finden.<\/p>\n<p>Der Workshop wird vom BMBF gef\u00f6rdert; Kontaktdaten zu den Veranstaltern und weitere Informationen finden Sie auf der &#8220;<a href=\"https:\/\/www.helmholtz.de\/karriere_talente\/netzwerk_schuelerlabore\/highlights\/mehr_meer_2017\/\" target=\"_blank\" rel=\"noopener\">MehrMeer2017<\/a>&#8220;-Webseite.<\/p>\n","protected":false},"excerpt":{"rendered":"<p>In den ersten beiden Septemberwochen nehmen 20 Sch\u00fclerinnen und Sch\u00fcler am Ozeanworkshop mehr meer 2017 auf der Insel Helgoland teil. Hier teilen sie ihre Eindr\u00fccke von dem Kurs&#8230; Im Rahmen des vom Bundesministerium f\u00fcr Bildung und Forschung (BMBF) initiierten Wissenschaftsjahres 2016*17 &#8220;Meere und Ozeane&#8221; organisierten die Sch\u00fclerlabore des GEOMAR Helmholtz-Zentrums f\u00fcr Ozeanforschung Kiel, des Alfred-Wegener-Instituts [&hellip;]<\/p>\n","protected":false},"author":92,"featured_media":0,"parent":0,"menu_order":0,"comment_status":"closed","ping_status":"open","template":"","meta":{"footnotes":""},"class_list":["post-2","page","type-page","status-publish","hentry"],"_links":{"self":[{"href":"https:\/\/www.oceanblogs.org\/mehrmeer2017\/wp-json\/wp\/v2\/pages\/2","targetHints":{"allow":["GET"]}}],"collection":[{"href":"https:\/\/www.oceanblogs.org\/mehrmeer2017\/wp-json\/wp\/v2\/pages"}],"about":[{"href":"https:\/\/www.oceanblogs.org\/mehrmeer2017\/wp-json\/wp\/v2\/types\/page"}],"author":[{"embeddable":true,"href":"https:\/\/www.oceanblogs.org\/mehrmeer2017\/wp-json\/wp\/v2\/users\/92"}],"replies":[{"embeddable":true,"href":"https:\/\/www.oceanblogs.org\/mehrmeer2017\/wp-json\/wp\/v2\/comments?post=2"}],"version-history":[{"count":12,"href":"https:\/\/www.oceanblogs.org\/mehrmeer2017\/wp-json\/wp\/v2\/pages\/2\/revisions"}],"predecessor-version":[{"id":48,"href":"https:\/\/www.oceanblogs.org\/mehrmeer2017\/wp-json\/wp\/v2\/pages\/2\/revisions\/48"}],"wp:attachment":[{"href":"https:\/\/www.oceanblogs.org\/mehrmeer2017\/wp-json\/wp\/v2\/media?parent=2"}],"curies":[{"name":"wp","href":"https:\/\/api.w.org\/{rel}","templated":true}]}}