{"id":2,"date":"2014-09-19T09:11:39","date_gmt":"2014-09-19T09:11:39","guid":{"rendered":"http:\/\/www.oceanblogs.org\/meeresrauschen\/?page_id=2"},"modified":"2016-06-07T12:08:10","modified_gmt":"2016-06-07T12:08:10","slug":"about","status":"publish","type":"page","link":"https:\/\/www.oceanblogs.org\/meeresrauschen\/about\/","title":{"rendered":"\u00dcber das Meeresrauschen"},"content":{"rendered":"<div id=\"attachment_8\" style=\"width: 145px\" class=\"wp-caption alignleft\"><img loading=\"lazy\" decoding=\"async\" aria-describedby=\"caption-attachment-8\" class=\"size-thumbnail wp-image-8\" src=\"http:\/\/www.oceanblogs.org\/meeresrauschen\/wp-content\/uploads\/sites\/28\/2014\/09\/Yasmin-1024x865-135x135.jpg\" alt=\"Das bin ich\" width=\"135\" height=\"135\" \/><p id=\"caption-attachment-8\" class=\"wp-caption-text\">Das bin ich<\/p><\/div>\n<p>Nach meiner Doktorarbeit im Jahre 2012 stellte ich fest, dass es mir in meiner wissenschaftlichen Karriere am meisten Spa\u00df machte, die Ergebnisse meiner Forschung zu kommunizieren. Da ich gerne anderen die f\u00fcr mich so spannende Welt der Wissenschaft n\u00e4herbringe, habe mich deshalb auch sehr gefreut, in diesem Jahr ein Praktikum in der Abteilung Kommunikation und Medien am GEOMAR machen zu k\u00f6nnen. Dabei habe ich meine Leidenschaft f\u00fcr das Bloggen entdeckt und m\u00f6chte nun hier im <em>Meeresrauschen<\/em>, Neugier an der Meeresforschung wecken.<\/p>\n<p>Kontakt: yasmin_appelhans@yahoo.de<\/p>\n<p><a href=\"http:\/\/www.oceanblogs.org\/oceannavigator\/author\/yappelhans\/\" target=\"_blank\">Meine Beitr\u00e4g im Ocean Navigator-Blog<\/a><\/p>\n","protected":false},"excerpt":{"rendered":"<p>Nach meiner Doktorarbeit im Jahre 2012 stellte ich fest, dass es mir in meiner wissenschaftlichen Karriere am meisten Spa\u00df machte, die Ergebnisse meiner Forschung zu kommunizieren. Da ich gerne anderen die f\u00fcr mich so spannende Welt der Wissenschaft n\u00e4herbringe, habe mich deshalb auch sehr gefreut, in diesem Jahr ein Praktikum in der Abteilung Kommunikation und [&hellip;]<\/p>\n","protected":false},"author":4,"featured_media":0,"parent":0,"menu_order":0,"comment_status":"open","ping_status":"open","template":"","meta":{"footnotes":""},"class_list":["post-2","page","type-page","status-publish","hentry"],"_links":{"self":[{"href":"https:\/\/www.oceanblogs.org\/meeresrauschen\/wp-json\/wp\/v2\/pages\/2","targetHints":{"allow":["GET"]}}],"collection":[{"href":"https:\/\/www.oceanblogs.org\/meeresrauschen\/wp-json\/wp\/v2\/pages"}],"about":[{"href":"https:\/\/www.oceanblogs.org\/meeresrauschen\/wp-json\/wp\/v2\/types\/page"}],"author":[{"embeddable":true,"href":"https:\/\/www.oceanblogs.org\/meeresrauschen\/wp-json\/wp\/v2\/users\/4"}],"replies":[{"embeddable":true,"href":"https:\/\/www.oceanblogs.org\/meeresrauschen\/wp-json\/wp\/v2\/comments?post=2"}],"version-history":[{"count":5,"href":"https:\/\/www.oceanblogs.org\/meeresrauschen\/wp-json\/wp\/v2\/pages\/2\/revisions"}],"predecessor-version":[{"id":123,"href":"https:\/\/www.oceanblogs.org\/meeresrauschen\/wp-json\/wp\/v2\/pages\/2\/revisions\/123"}],"wp:attachment":[{"href":"https:\/\/www.oceanblogs.org\/meeresrauschen\/wp-json\/wp\/v2\/media?parent=2"}],"curies":[{"name":"wp","href":"https:\/\/api.w.org\/{rel}","templated":true}]}}