{"id":2,"date":"2024-07-22T13:42:05","date_gmt":"2024-07-22T12:42:05","guid":{"rendered":"https:\/\/www.oceanblogs.org\/m202-isaac\/?page_id=2"},"modified":"2024-07-24T09:15:25","modified_gmt":"2024-07-24T07:15:25","slug":"about","status":"publish","type":"page","link":"https:\/\/www.oceanblogs.org\/m202-isaac\/about\/","title":{"rendered":"About"},"content":{"rendered":"\n<p><strong>Die METEOR-Expedition M202 f\u00fchrt zur Insel Terceira im Azoren-Archipel, um die Nischentrennung und das Verhalten von tief tauchenden Zahnwalen wie G\u00e4nse-Schnabelwalen (<em>Ziphius cavirostris<\/em>) , Sowerby-Schnabelwalen (<em>Mesoplodon bidens<\/em>) und Risso-Delfinen (<em>Grampus griseus<\/em>) zu untersuchen. Die Azoren, ein Hotspot der Artenvielfalt, bieten ideale Bedingungen f\u00fcr die Erforschung dieser Meeress\u00e4uger und ihrer Beute, die haupts\u00e4chlich aus Tintenfischen besteht.<\/strong><\/p>\n\n\n\n<p>Das Hauptziel der Expedition ist es, zu untersuchen, warum G\u00e4nse-Schnabelwale, Sowerby-Schnabelwale und Risso-Delfine in unterschiedlichen Tiefen und Entfernungen von der Insel Terceira jagen. Dazu werden die potenziellen Beute-Spektren (haupts\u00e4chlich Tintenfische und Fische) und die ozeanografischen Bedingungen in den verschiedenen Nahrungshabitaten analysiert. <\/p>\n\n\n\n<p>Dabei kommen modernste Methoden und Technologien zum Einsatz. Geschleppte Kameras werden die Vielfalt der potenziellen Beutetiere in der Wassers\u00e4ule dokumentieren. Autonome Schwachlichtkameras locken Tintenfische an und erm\u00f6glichen so detaillierte Beobachtungen von Verhalten, Vielfalt und Gr\u00f6\u00dfe. Echolote werden die Biomasse potenzieller Beutetiere messen, deren Vielfalt anhand von Umwelt-DNA analysiert wird. Netzf\u00e4nge werden weitere Informationen \u00fcber die Beutefauna, einschlie\u00dflich ihrer Vielfalt, Gr\u00f6\u00dfe und ihres Energiegehalts, liefern. Der Meeresboden, die Lebensr\u00e4ume und die ozeanografischen Bedingungen der Beuteorganismen werden kartiert, um ein umfassendes Verst\u00e4ndnis ihrer Verbreitung zu erhalten.<\/p>\n\n\n\n<p>An der Expedition M202 sind Forscherinnen und Forscher aus zehn verschiedenen Instituten und sechs L\u00e4ndern beteiligt. Die Ergebnisse werden das Verst\u00e4ndnis der \u00f6kologischen Beziehungen zwischen Zahnwalen und ihrer Beute vertiefen und wertvolle Erkenntnisse f\u00fcr den Schutz der Meeress\u00e4uger liefern.&nbsp;<\/p>\n\n\n\n<p><\/p>\n\n\n\n<p><strong>The METEOR expedition M202 is heading to Terceira Island in the Azores archipelago to study the&nbsp;niche segregation&nbsp;and potential prey of deep-diving toothed whales including goose-beaked whales (<em>Ziphius cavirostris)<\/em>, Sowerby&#8217;s beaked whales (<em>Mesoplodon bidens<\/em>)&nbsp;and Risso&#8217;s dolphins (<em>Grampus griseus)<\/em>. The Azores, a hotspot of biodiversity, offer ideal conditions for studying the feeding ecology of&nbsp;these&nbsp;marine&nbsp;mammals, and their prey which consists mostly of cephalopods.<\/strong><\/p>\n\n\n\n<p>The main aim of the expedition is to investigate why goose-beaked whales, Sowerby\u2018s beaked whales and Risso\u2018s dolphins hunt at different depths and distances from the island.&nbsp;This will be done&nbsp;by analysing the potential prey spectra (mainly squid and fish) and oceanographic conditions in the different&nbsp;foraging&nbsp;habitats. <\/p>\n\n\n\n<p>State-of-the-art methods and technologies will be used. Towed&nbsp;cameras will document the diversity of potential prey species in the water column. Autonomous low-light cameras attract squid and thus enable detailed&nbsp;behavioural, diversity and size observations.&nbsp;Echosounders&nbsp;will measure the biomass of potential prey,&nbsp;which&nbsp;diversity will be analyzed using environmental DNA.&nbsp;Net&nbsp;catches will provide further information about the prey fauna, including&nbsp;their diversity, size and energy content.<\/p>\n\n\n\n<p>The seabed, habitats&nbsp;and oceanographic conditions&nbsp;of the prey organisms will be mapped in order to obtain a comprehensive&nbsp;understanding&nbsp;of their distribution.<br>Researchers from ten different institutes and six countries are involved in the M202 expedition. The results will deepen our understanding of the ecological relationships between toothed whales and their prey and provide valuable insights for the protection of&nbsp;these elusive&nbsp;marine mammals.&nbsp;<\/p>\n","protected":false},"excerpt":{"rendered":"<p>Die METEOR-Expedition M202 f\u00fchrt zur Insel Terceira im Azoren-Archipel, um die Nischentrennung und das Verhalten von tief tauchenden Zahnwalen wie G\u00e4nse-Schnabelwalen (Ziphius cavirostris) , Sowerby-Schnabelwalen (Mesoplodon bidens) und Risso-Delfinen (Grampus griseus) zu untersuchen. Die Azoren, ein Hotspot der Artenvielfalt, bieten ideale Bedingungen f\u00fcr die Erforschung dieser Meeress\u00e4uger und ihrer Beute, die haupts\u00e4chlich aus Tintenfischen besteht. [&hellip;]<\/p>\n","protected":false},"author":250,"featured_media":0,"parent":0,"menu_order":0,"comment_status":"closed","ping_status":"open","template":"","meta":{"footnotes":""},"class_list":["post-2","page","type-page","status-publish","hentry"],"_links":{"self":[{"href":"https:\/\/www.oceanblogs.org\/m202-isaac\/wp-json\/wp\/v2\/pages\/2","targetHints":{"allow":["GET"]}}],"collection":[{"href":"https:\/\/www.oceanblogs.org\/m202-isaac\/wp-json\/wp\/v2\/pages"}],"about":[{"href":"https:\/\/www.oceanblogs.org\/m202-isaac\/wp-json\/wp\/v2\/types\/page"}],"author":[{"embeddable":true,"href":"https:\/\/www.oceanblogs.org\/m202-isaac\/wp-json\/wp\/v2\/users\/250"}],"replies":[{"embeddable":true,"href":"https:\/\/www.oceanblogs.org\/m202-isaac\/wp-json\/wp\/v2\/comments?post=2"}],"version-history":[{"count":5,"href":"https:\/\/www.oceanblogs.org\/m202-isaac\/wp-json\/wp\/v2\/pages\/2\/revisions"}],"predecessor-version":[{"id":18,"href":"https:\/\/www.oceanblogs.org\/m202-isaac\/wp-json\/wp\/v2\/pages\/2\/revisions\/18"}],"wp:attachment":[{"href":"https:\/\/www.oceanblogs.org\/m202-isaac\/wp-json\/wp\/v2\/media?parent=2"}],"curies":[{"name":"wp","href":"https:\/\/api.w.org\/{rel}","templated":true}]}}