{"id":2,"date":"2021-11-24T09:26:20","date_gmt":"2021-11-24T09:26:20","guid":{"rendered":"https:\/\/www.oceanblogs.org\/m178\/?page_id=2"},"modified":"2021-11-24T10:00:24","modified_gmt":"2021-11-24T10:00:24","slug":"about","status":"publish","type":"page","link":"https:\/\/www.oceanblogs.org\/m178\/about\/","title":{"rendered":"About METEOR Cruise M178"},"content":{"rendered":"\n<p><strong>Gefahren vor \u00c4tna:<br>Die Entstehung von Hangrutschungen durch vulkanische Erdbeben (HazELNUT)<\/strong><\/p>\n\n\n\n<p>Der \u00c4tna ist der gr\u00f6\u00dfte aktive Vulkan Europas und liegt direkt an der K\u00fcste Siziliens am Ionischen Meer. In den vergangenen drei Jahren manifestierte sich seine Aktivit\u00e4t eindrucksvoll w\u00e4hrend der Paroxysmen zu Weihnachten 2018 und im Februar 2021. Neben den h\u00e4ufigen strombolianischen Eruptionen rutscht die S\u00fcdostflanke des \u00c4tna mit Raten von mehreren Zentimetern pro Jahr seew\u00e4rts. Im vergangenen Jahrzehnt haben Kieler Wissenschaftlerinnen und Wissenschaftler den untermeerischen Sektor des Vulkans und seinen vorgelagerten Kontinentalhang intensiv untersucht. Die Ergebnisse zeigen, dass die bekannte Flankeninstabilit\u00e4t weit ins Meer hineinreicht und durch marine geod\u00e4tische Netzwerke messbar ist. Dennoch ist der Zusammenhang zwischen vulkanischer Aktivit\u00e4t und der Deformation des Kontinentalhangs noch unklar.<\/p>\n\n\n\n<p>Im Projekt HazELNUT wollen wir untersuchen, wie die gro\u00dfr\u00e4umige Instabilit\u00e4t und die j\u00fcngste Aktivit\u00e4t des \u00c4tna den Kontinentalhang im Laufe der letzten zehn Jahre modifiziert haben. Die Ergebnisse dieses Projekts werden unser Verst\u00e4ndnis f\u00fcr die Entstehung von Hangrutschungen in extrem aktiven Gebieten wie vor dem \u00c4tna verbessern. Dar\u00fcber hinaus werden die Erkenntnisse genutzt, um das Gefahrenpotenzial der abrutschenden Flanke des Vulkanriesen besser einsch\u00e4tzen zu k\u00f6nnen.<\/p>\n\n\n\n<p>Die au\u00dfergew\u00f6hnlichen Ausbr\u00fcche des \u00c4tna im Februar 2021 hatten ihre dramatischsten Auswirkungen in der k\u00fcstennahen Gipfelregion und standen im Mittelpunkt der intensiven \u00dcberwachung. Um m\u00f6gliche Ver\u00e4nderungen des Systems zu verstehen, ist es jedoch entscheidend, das gesamte Vulkansystem zu betrachten, einschlie\u00dflich der submarinen Ostflanke. Ziel ist es, alle Ver\u00e4nderungen festzustellen, die der Vulkan als Reaktion auf die Ausbr\u00fcche erfahren hat.<\/p>\n\n\n\n<p>Die Expedition findet vom 21. November bis 19. Dezember statt unter Fahrtleitung der Christian-Albrechts-Universit\u00e4t zu Kiel (CAU). Fahrtleitung ist Dr. Felix Gross, Leiter des Forschungsgebietes Naturgefahren am Center for Ocean and Society (Kiel Marine Science). Mit an Bord sind insgesamt 16 Wissenschaftlerinnen und Wissenschaftler von Hazards off Etna: Landslide Nucleation Under Tremor (HazELNUT)der Uni Kiel, des GEOMAR Helmholtz Zentrums f\u00fcr Ozeanforschung Kiel sowie von weiteren deutschen (DWD) und italienischen Partnern (Istituto Nazionale di Geofisica e Vulcanologia, sezione di Catania).<\/p>\n\n\n\n<p><strong>Hazards off Etna:<\/strong><br><strong>Landslide Nucleation Under Tremor (HazELNUT)<\/strong><\/p>\n\n\n\n<p>Mt Etna, Europe\u2019s largest active volcano, is located directly at the Sicilian coastline of the Ionian Sea. Over the past 3 years, the activity manifested impressively during Christmas 2018 and February 2021 paroxysms and seismic activities. Next to frequent Strombolian eruptions, Etna\u2019s south-eastern flank slides seawards at rates of several centimetres per year. Over the past decade, Kiel scientist intensively studied the submerged sector of the volcano and its continental margin. Findings show that the well-known flank instability is proceeding far into the sea and measurable by marine geodetic networks.<\/p>\n\n\n\n<p>In the frame of the project HazELNUT, we aim to investigate how the large-scale instability and Mt Etna\u2019s recent activity reshaped the continental margin in the course of the last ten years. The results of this project will increase our understanding of how landslides nucleate in extremely active settings like offshore Mt Etna. In addition, the findings will be used to better assess the hazard potential of the sliding flank of the giant volcano.<\/p>\n\n\n\n<p>Etna&#8217;s extraordinary eruptions in February 2021 had their most dramatic impacts in the nearshore summit region and have been the focus of intense monitoring. However, to understand potential changes to the system, it is critical to look at the entire volcanic system, including the submarine eastern flank. The goal is to determine any changes that the volcano has undergone in response to the eruptions.<\/p>\n\n\n\n<p>The expedition will take place from November 21 to December 19 under the leadership of Kiel University. The cruise is led by Dr. Felix Gross, head of the research area Natural Hazards at the Center for Ocean and Society (Kiel Marine Science). On board are 16 scientists from Kiel University, GEOMAR Helmholtz Centre for Ocean Research Kiel and other German (DWD) and Italian partners (Istituto Nazionale di Geofisica e Vulcanologia, sezione di Catania).<\/p>\n","protected":false},"excerpt":{"rendered":"<p>Gefahren vor \u00c4tna:Die Entstehung von Hangrutschungen durch vulkanische Erdbeben (HazELNUT) Der \u00c4tna ist der gr\u00f6\u00dfte aktive Vulkan Europas und liegt direkt an der K\u00fcste Siziliens am Ionischen Meer. In den vergangenen drei Jahren manifestierte sich seine Aktivit\u00e4t eindrucksvoll w\u00e4hrend der Paroxysmen zu Weihnachten 2018 und im Februar 2021. Neben den h\u00e4ufigen strombolianischen Eruptionen rutscht die [&hellip;]<\/p>\n","protected":false},"author":6,"featured_media":0,"parent":0,"menu_order":0,"comment_status":"closed","ping_status":"closed","template":"","meta":{"footnotes":""},"class_list":["post-2","page","type-page","status-publish","hentry"],"_links":{"self":[{"href":"https:\/\/www.oceanblogs.org\/m178\/wp-json\/wp\/v2\/pages\/2","targetHints":{"allow":["GET"]}}],"collection":[{"href":"https:\/\/www.oceanblogs.org\/m178\/wp-json\/wp\/v2\/pages"}],"about":[{"href":"https:\/\/www.oceanblogs.org\/m178\/wp-json\/wp\/v2\/types\/page"}],"author":[{"embeddable":true,"href":"https:\/\/www.oceanblogs.org\/m178\/wp-json\/wp\/v2\/users\/6"}],"replies":[{"embeddable":true,"href":"https:\/\/www.oceanblogs.org\/m178\/wp-json\/wp\/v2\/comments?post=2"}],"version-history":[{"count":10,"href":"https:\/\/www.oceanblogs.org\/m178\/wp-json\/wp\/v2\/pages\/2\/revisions"}],"predecessor-version":[{"id":21,"href":"https:\/\/www.oceanblogs.org\/m178\/wp-json\/wp\/v2\/pages\/2\/revisions\/21"}],"wp:attachment":[{"href":"https:\/\/www.oceanblogs.org\/m178\/wp-json\/wp\/v2\/media?parent=2"}],"curies":[{"name":"wp","href":"https:\/\/api.w.org\/{rel}","templated":true}]}}