{"id":94,"date":"2017-07-11T00:09:13","date_gmt":"2017-07-10T23:09:13","guid":{"rendered":"http:\/\/www.oceanblogs.org\/m139\/?page_id=94"},"modified":"2017-08-12T20:12:19","modified_gmt":"2017-08-12T19:12:19","slug":"team","status":"publish","type":"page","link":"https:\/\/www.oceanblogs.org\/m139\/team\/","title":{"rendered":"Team M139"},"content":{"rendered":"<p>The following link provides an illustrative overview of our scientists and their affiliations.<\/p>\n<p>&#8211;<\/p>\n<p>Der folgende Link bietet Ihnen eine illustrierte \u00dcbersicht \u00fcber unsere Wissenschaftler und ihre Zugeh\u00f6rigkeiten.<\/p>\n<blockquote><p><strong>&gt; <a href=\"http:\/\/www.oceanblogs.org\/m139\/wp-content\/uploads\/sites\/52\/2017\/07\/Poster_Wissenschaft_M139_JPG.jpg\">CLICK THIS LINK<\/a>\u00a0&lt;&lt;&lt;<\/strong><\/p><\/blockquote>\n<table width=\"98%\">\n<tbody>\n<tr>\n<td width=\"100%\">\n<table width=\"614\">\n<tbody>\n<tr>\n<td><strong>Name<\/strong><\/td>\n<td><strong>Discipline<\/strong><\/td>\n<td width=\"96\"><strong>Institution<\/strong><\/td>\n<\/tr>\n<tr>\n<td>Prof. Dr. Hartmut Arndt<\/td>\n<td>Marine Biology \/ Chief Scientist<\/td>\n<td width=\"96\">UoC<\/td>\n<\/tr>\n<tr>\n<td>Dr. Anja Scherwa\u00df<\/td>\n<td>Microfauna<\/td>\n<td width=\"96\">UoC<\/td>\n<\/tr>\n<tr>\n<td>Dr. Alexandra Jeuck<\/td>\n<td>Protozoan Feeding<\/td>\n<td width=\"96\">UoC<\/td>\n<\/tr>\n<tr>\n<td>Alexandra Schoenle, MSc<\/td>\n<td>Nanofauna<\/td>\n<td width=\"96\">UoC<\/td>\n<\/tr>\n<tr>\n<td>Manon Hohlfeld, BSc<\/td>\n<td>Nanofauna<\/td>\n<td width=\"96\">UoC<\/td>\n<\/tr>\n<tr>\n<td>Suzana \u017divalji\u0107, MSc<\/td>\n<td>Influence of Hydrostatic Pressure<\/td>\n<td width=\"96\">UoC<\/td>\n<\/tr>\n<tr>\n<td>Sabine Schiwitza, BSc<\/td>\n<td>Virus Diversity<\/td>\n<td width=\"96\">UoC<\/td>\n<\/tr>\n<tr>\n<td>Marco Podobnik, BSc<\/td>\n<td>Meiofauna, Public Relations<\/td>\n<td width=\"96\">UoC<\/td>\n<\/tr>\n<tr>\n<td>Claudia Meyer, BSc<\/td>\n<td>Protozoan Feeding<\/td>\n<td width=\"96\">UoC<\/td>\n<\/tr>\n<tr>\n<td>Dennis Prausse, MSc<\/td>\n<td>Oceanography, Deployments<\/td>\n<td width=\"96\">UoC<\/td>\n<\/tr>\n<tr>\n<td>Ren\u00e9 Mei\u00dfner<\/td>\n<td>Marine Snow<\/td>\n<td width=\"96\">UoC<\/td>\n<\/tr>\n<tr>\n<td>Benjamin Wildermuth<\/td>\n<td><em>Sargassum<\/em> Community<\/td>\n<td width=\"96\">UoC<\/td>\n<\/tr>\n<tr>\n<td>Johanna Ahlers<\/td>\n<td>Cultivation of Protists<\/td>\n<td width=\"96\">UoC<\/td>\n<\/tr>\n<tr>\n<td>Yana Feuling<\/td>\n<td>Cultivation of Protists<\/td>\n<td width=\"96\">UoC<\/td>\n<\/tr>\n<tr>\n<td>Johannes Werner, BA<\/td>\n<td>Oceanography, Documentation<\/td>\n<td width=\"96\">UoC<\/td>\n<\/tr>\n<tr>\n<td>Tobias Romankiewicz, MSc<\/td>\n<td>Oceanography, Protist Dynamics<\/td>\n<td width=\"96\">UoC<\/td>\n<\/tr>\n<tr>\n<td>Ingo Schuffenhauer, Dipl.-Ing.<\/td>\n<td>Oceanography, Deployments<\/td>\n<td width=\"96\">IOW<\/td>\n<\/tr>\n<tr>\n<td>Matthias Marx, BSc<\/td>\n<td>Marine Chemistry<\/td>\n<td width=\"96\">ICBM<\/td>\n<\/tr>\n<tr>\n<td>Dr. Chie Amano<\/td>\n<td>Microbiology<\/td>\n<td width=\"96\">UoV<\/td>\n<\/tr>\n<tr>\n<td>Dr. Eva Sintes<\/td>\n<td>Microbiology<\/td>\n<td width=\"96\">UoV<\/td>\n<\/tr>\n<tr>\n<td>Barbara M\u00e4hnert, MSc<\/td>\n<td>Microbiology<\/td>\n<td width=\"96\">UoV<\/td>\n<\/tr>\n<tr>\n<td>Julia Stefanschitz, BSc<\/td>\n<td>Microbiology<\/td>\n<td width=\"96\">UoV<\/td>\n<\/tr>\n<tr>\n<td>Gabriela Dangl, BSc<\/td>\n<td>Microbiology<\/td>\n<td width=\"96\">UoV<\/td>\n<\/tr>\n<tr>\n<td>Dr. Nico Augustin<\/td>\n<td>Geology<\/td>\n<td width=\"96\">GEOMAR<\/td>\n<\/tr>\n<tr>\n<td>Dr. Dominik Palgan<\/td>\n<td>Petrology<\/td>\n<td width=\"96\">GEOMAR<\/td>\n<\/tr>\n<tr>\n<td>Tatum Herrero, MSc<\/td>\n<td>Bathymetry<\/td>\n<td width=\"96\">GEOMAR<\/td>\n<\/tr>\n<tr>\n<td>Martin Schade<\/td>\n<td>Bathymetry<\/td>\n<td width=\"96\">UoK<\/td>\n<\/tr>\n<tr>\n<td>Christian Paulmann, Dipl.-Met.<\/td>\n<td>Meteorology<\/td>\n<td width=\"96\">DWD<\/td>\n<\/tr>\n<tr>\n<td>Andreas Raeke<\/td>\n<td>Meteorology<\/td>\n<td width=\"96\">DWD<\/td>\n<\/tr>\n<\/tbody>\n<\/table>\n<\/td>\n<\/tr>\n<\/tbody>\n<\/table>\n<p>UoC = University of Cologne, Institute for Zoology, Cologne, Germany<\/p>\n<p>UoV = University of Vienna, Department of Limnology and Bio-Oceanography, Austria<\/p>\n<p>IOW = Leibniz-Institute for Baltic Sea Research Warnem\u00fcnde, Germany<\/p>\n<p>ICBM = University of Oldenburg, Institute for Chemistry and Biological of the Marine Environment (ICBM), Marine Geochemistry (ICBM-MPI Bridging Group)<\/p>\n<p>GEOMAR = GEOMAR Helmholtz Centre for Ocean Research, Kiel, Germany<\/p>\n<p>UoK = University of Kiel, Kiel, Germany<\/p>\n<p>DWD = Deutscher Wetterdienst, Gesch\u00e4ftsfeld Seeschiffahrt, Germany<\/p>\n","protected":false},"excerpt":{"rendered":"<p>The following link provides an illustrative overview of our scientists and their affiliations. &#8211; Der folgende Link bietet Ihnen eine illustrierte \u00dcbersicht \u00fcber unsere Wissenschaftler und ihre Zugeh\u00f6rigkeiten. &gt; CLICK THIS LINK\u00a0&lt;&lt;&lt; Name Discipline Institution Prof. Dr. Hartmut Arndt Marine Biology \/ Chief Scientist UoC Dr. Anja Scherwa\u00df Microfauna UoC Dr. Alexandra Jeuck Protozoan Feeding [&hellip;]<\/p>\n","protected":false},"author":183,"featured_media":0,"parent":0,"menu_order":0,"comment_status":"closed","ping_status":"closed","template":"","meta":{"footnotes":""},"class_list":["post-94","page","type-page","status-publish","hentry"],"_links":{"self":[{"href":"https:\/\/www.oceanblogs.org\/m139\/wp-json\/wp\/v2\/pages\/94","targetHints":{"allow":["GET"]}}],"collection":[{"href":"https:\/\/www.oceanblogs.org\/m139\/wp-json\/wp\/v2\/pages"}],"about":[{"href":"https:\/\/www.oceanblogs.org\/m139\/wp-json\/wp\/v2\/types\/page"}],"author":[{"embeddable":true,"href":"https:\/\/www.oceanblogs.org\/m139\/wp-json\/wp\/v2\/users\/183"}],"replies":[{"embeddable":true,"href":"https:\/\/www.oceanblogs.org\/m139\/wp-json\/wp\/v2\/comments?post=94"}],"version-history":[{"count":7,"href":"https:\/\/www.oceanblogs.org\/m139\/wp-json\/wp\/v2\/pages\/94\/revisions"}],"predecessor-version":[{"id":228,"href":"https:\/\/www.oceanblogs.org\/m139\/wp-json\/wp\/v2\/pages\/94\/revisions\/228"}],"wp:attachment":[{"href":"https:\/\/www.oceanblogs.org\/m139\/wp-json\/wp\/v2\/media?parent=94"}],"curies":[{"name":"wp","href":"https:\/\/api.w.org\/{rel}","templated":true}]}}