{"id":2,"date":"2014-05-23T12:51:53","date_gmt":"2014-05-23T12:51:53","guid":{"rendered":"http:\/\/www.oceanblogs.org\/m107\/?page_id=2"},"modified":"2014-06-16T13:32:57","modified_gmt":"2014-06-16T13:32:57","slug":"about","status":"publish","type":"page","link":"https:\/\/www.oceanblogs.org\/m107\/about\/","title":{"rendered":"About"},"content":{"rendered":"<p>Die Meteor Expedition M107 zur Sauerstoffminimumzone vor Mauretanien findet im Rahmen des Kieler Sonderforschungsbereichs SFB 754 (Climate \u2013 Biogeochemistry Interactions in the Tropical Oceans) statt.<br \/>\nSauerstoffminimumzonen (SMZ) stellen Schl\u00fcsselregionen f\u00fcr den marinen biogeochemischen Stoffhaushalt dar. Bislang ist jedoch wenig verstanden, welche Prozesse SMZ aufrechterhalten und wie sich m\u00f6gliche R\u00fcckkoppelungen der benthischen N\u00e4hrstoff-Freisetzung auf die gegenw\u00e4rtig beobachtete Ausdehnung von SMZ auswirken.<\/p>\n<p>Hauptziele der Expedition M107 sind<\/p>\n<p>(a) die Bestimmung der Variabilit\u00e4t benthischer N\u00e4hrstoff-Freisetzung (NH4+, P, Fe, Si) sowie N2 in Abh\u00e4ngigkeit vom hydrodynamischen Regime, zu regionalen Unterschieden in den Bodenwasserkonzentrationen von O2 und NO3- sowie vom sediment\u00e4ren, organischen Kohlenstoffgehalt (Corg);<br \/>\n(b) die Erforschung der am benthischen Stoffumsatz beteiligten mikrobiologischen Prozesse im besonderen Hinblick auf die N2-Fixierung;<br \/>\n(c) die Erforschung von Vermischungsprozessen in der Bodengrenzschicht (BGS) und die Quantifizierung von diapyknischen und advektiven Fl\u00fcssen von N2, NH4+, P, Fe, Si und Radium Isotopen zwischen bzw. entlang der BGS und der geschichteten Wassers\u00e4ule;<br \/>\n(d) die Erfassung des N\u00e4hrstoffumsatzes und der gel\u00f6sten und partikul\u00e4ren Corg-Phase in der Wassers\u00e4ule; und<br \/>\n(e) die Untersuchung von sauerstoffabh\u00e4ngigen biogeochemischen Prozessen des Stickstoffkreislaufs, insbesondere der N2-Fixierung und des Stickstoffverlusts in der Wassers\u00e4ule. Dies soll durch die zeitgleiche in-situ Erfassung von benthischen Fluss- und Str\u00f6mungsmessungen mittels verschiedener Lander, Mikrostruktur-Messungen sowie Verankerungen und Glider Eins\u00e4tzen erreicht werden. Hinzu kommen vertikal hochaufl\u00f6sende N\u00e4hrstoffmessungen mittels eines CTD-Kranzwassersch\u00f6pfers und Untersuchungen mittels Sedimentfallen. Die geplanten Arbeitsgebiete liegen bei 18\u00b020\u2019N und 19\u00b050\u2019N.<\/p>\n<p>Weitere Informationen und Daten von der Fahrt finden Sie unter <a title=\"M107 auf der GEOMAR Expeditionsseite\" href=\"http:\/\/www.geomar.de\/e326192\">www.geomar.de\/e326192<\/a><\/p>\n<p>Die akuelle Position der METEOR finden Sie <a title=\"Aktuelle Position FS METEOR auf sailwx.info\" href=\"http:\/\/www.sailwx.info\/shiptrack\/shipposition.phtml?call=DBBH\" target=\"_blank\">hier<\/a><\/p>\n","protected":false},"excerpt":{"rendered":"<p>Die Meteor Expedition M107 zur Sauerstoffminimumzone vor Mauretanien findet im Rahmen des Kieler Sonderforschungsbereichs SFB 754 (Climate \u2013 Biogeochemistry Interactions in the Tropical Oceans) statt. Sauerstoffminimumzonen (SMZ) stellen Schl\u00fcsselregionen f\u00fcr den marinen biogeochemischen Stoffhaushalt dar. Bislang ist jedoch wenig verstanden, welche Prozesse SMZ aufrechterhalten und wie sich m\u00f6gliche R\u00fcckkoppelungen der benthischen N\u00e4hrstoff-Freisetzung auf die gegenw\u00e4rtig [&hellip;]<\/p>\n","protected":false},"author":92,"featured_media":0,"parent":0,"menu_order":0,"comment_status":"open","ping_status":"open","template":"","meta":{"footnotes":""},"class_list":["post-2","page","type-page","status-publish","hentry"],"_links":{"self":[{"href":"https:\/\/www.oceanblogs.org\/m107\/wp-json\/wp\/v2\/pages\/2","targetHints":{"allow":["GET"]}}],"collection":[{"href":"https:\/\/www.oceanblogs.org\/m107\/wp-json\/wp\/v2\/pages"}],"about":[{"href":"https:\/\/www.oceanblogs.org\/m107\/wp-json\/wp\/v2\/types\/page"}],"author":[{"embeddable":true,"href":"https:\/\/www.oceanblogs.org\/m107\/wp-json\/wp\/v2\/users\/92"}],"replies":[{"embeddable":true,"href":"https:\/\/www.oceanblogs.org\/m107\/wp-json\/wp\/v2\/comments?post=2"}],"version-history":[{"count":4,"href":"https:\/\/www.oceanblogs.org\/m107\/wp-json\/wp\/v2\/pages\/2\/revisions"}],"predecessor-version":[{"id":19,"href":"https:\/\/www.oceanblogs.org\/m107\/wp-json\/wp\/v2\/pages\/2\/revisions\/19"}],"wp:attachment":[{"href":"https:\/\/www.oceanblogs.org\/m107\/wp-json\/wp\/v2\/media?parent=2"}],"curies":[{"name":"wp","href":"https:\/\/api.w.org\/{rel}","templated":true}]}}