{"id":2,"date":"2014-03-11T10:53:23","date_gmt":"2014-03-11T10:53:23","guid":{"rendered":"http:\/\/www.oceanblogs.org\/m105\/?page_id=2"},"modified":"2014-03-17T09:54:49","modified_gmt":"2014-03-17T09:54:49","slug":"about","status":"publish","type":"page","link":"https:\/\/www.oceanblogs.org\/m105\/about\/","title":{"rendered":"About M105"},"content":{"rendered":"<p><em>English version below<\/em><\/p>\n<p>Die Expedition M105 findet im Rahmen des <a title=\"Der SFB754\" href=\"http:\/\/www.sfb754.de\" target=\"_blank\">Sonderforschungsbereichs 754 \u201eKlima \u2013 Biogeochemische Wechselwirkungen im tropischen Ozean\u201c<\/a> statt. Dabei soll die Verteilung von Sauerstoff in und am Rand der Sauerstoffminimumzone (SMZ) im tropischen Atlantik untersucht werden. W\u00e4hrend der Expedition wird die Ausbreitung eines Spurenstoffs (Tracer) verfolgt, der im Herbst 2012 in der Region ausgebracht worden ist. Mit Hilfe dieses Tracers und seiner Verteilung k\u00f6nnen die Forscher die horizontale Sauerstoffzufuhr in die SMZ nachvollziehen. Die zentralen Punkte der Forschung sind die Analyse der Sauerstoffversorgung und der Sauerstoffverteilung des Nordatlantiks.<br \/>\nAu\u00dferdem werden Proben von Zooplankton genommen, um seine Rolle im biogeochemischen Prozess aufzukl\u00e4ren. Es ist weiterhin geplant Experimente an Bord durchzuf\u00fchren, um die Stickstofffixierung im Ozean zu quantifizieren.<br \/>\nW\u00e4hrend der gesamten Fahrt werden kontinuierlich Messungen des Oberfl\u00e4chenwassers (Temperatur, Salzgehalt, Kohlendioxid-Partialdruck und gel\u00f6ste Sauerstoffkonzentration) durchgef\u00fchrt.<\/p>\n<p>&nbsp;<\/p>\n<p><strong>Links:<\/strong><\/p>\n<p><a href=\"http:\/\/www.geomar.de\/e324217\" target=\"_blank\">http:\/\/www.geomar.de\/e324217<\/a>\u00a0 Die Expedition M105 auf den GEOMAR-Expeditionsseiten<\/p>\n<p><a title=\"Aktuelle Position FS METEOR\" href=\"http:\/\/www.sailwx.info\/shiptrack\/shipposition.phtml?call=DBBH\" target=\"_blank\">http:\/\/www.sailwx.info\/shiptrack\/shipposition.phtml?call=DBBH<\/a> Die aktuelle Position der FS METEOR auf sailwx.info<\/p>\n<p>&nbsp;<\/p>\n<p><em>The expedition M105 is taking place as part of the <a title=\"SFB 754\" href=\"http:\/\/www.sfb754.de\" target=\"_blank\">Collaborative Research Center 754: \u201cClimate-Biogeochemistry Interactions in the Tropical Ocean\u201d. <\/a>The distribution of oxygen in and surround the oxygen minimum zones (OMZ) in the Tropical Atlantic will be analysed. During the expedition the spread of an artificial trace substance, that was released in this region in autumn 2012,will be tracked. With the help of this tracer and his distribution scientists can comprehend the horizontal oxygen supply route in the OMZ. Central aspects of the research are the analysis of the oxygen supply and oxygen distribution in North Atlantic. <\/em><br \/>\n<em>Furthermore there will be a zooplankton-sampling to elucidate the role of it in biogeochemical cycles. Additionally researchers will perform experiments on board in order to quantify the nitrogen fixation in the ocean. <\/em><br \/>\n<em>During the whole cruise continous surface water measurements will be conducted (temperature, salinity, partial pressure of carbondioxide and dissolved oxygen concentration).<\/em><\/p>\n<p>&nbsp;<\/p>\n<p><strong>Links:<\/strong><\/p>\n<p><a href=\"http:\/\/www.geomar.de\/e324217\" target=\"_blank\">http:\/\/www.geomar.de\/e324217<\/a>\u00a0 Cruise M105 on the GEOMAR expeditioin<\/p>\n<p><a title=\"Aktuelle Position FS METEOR\" href=\"http:\/\/www.sailwx.info\/shiptrack\/shipposition.phtml?call=DBBH\" target=\"_blank\">http:\/\/www.sailwx.info\/shiptrack\/shipposition.phtml?call=DBBH<\/a> the current position of RV METEOR on sailwx.info<\/p>\n<p>&nbsp;<\/p>\n<p>&nbsp;<\/p>\n","protected":false},"excerpt":{"rendered":"<p>English version below Die Expedition M105 findet im Rahmen des Sonderforschungsbereichs 754 \u201eKlima \u2013 Biogeochemische Wechselwirkungen im tropischen Ozean\u201c statt. Dabei soll die Verteilung von Sauerstoff in und am Rand der Sauerstoffminimumzone (SMZ) im tropischen Atlantik untersucht werden. W\u00e4hrend der Expedition wird die Ausbreitung eines Spurenstoffs (Tracer) verfolgt, der im Herbst 2012 in der Region [&hellip;]<\/p>\n","protected":false},"author":4,"featured_media":0,"parent":0,"menu_order":0,"comment_status":"open","ping_status":"open","template":"","meta":{"footnotes":""},"class_list":["post-2","page","type-page","status-publish","hentry"],"_links":{"self":[{"href":"https:\/\/www.oceanblogs.org\/m105\/wp-json\/wp\/v2\/pages\/2","targetHints":{"allow":["GET"]}}],"collection":[{"href":"https:\/\/www.oceanblogs.org\/m105\/wp-json\/wp\/v2\/pages"}],"about":[{"href":"https:\/\/www.oceanblogs.org\/m105\/wp-json\/wp\/v2\/types\/page"}],"author":[{"embeddable":true,"href":"https:\/\/www.oceanblogs.org\/m105\/wp-json\/wp\/v2\/users\/4"}],"replies":[{"embeddable":true,"href":"https:\/\/www.oceanblogs.org\/m105\/wp-json\/wp\/v2\/comments?post=2"}],"version-history":[{"count":4,"href":"https:\/\/www.oceanblogs.org\/m105\/wp-json\/wp\/v2\/pages\/2\/revisions"}],"predecessor-version":[{"id":24,"href":"https:\/\/www.oceanblogs.org\/m105\/wp-json\/wp\/v2\/pages\/2\/revisions\/24"}],"wp:attachment":[{"href":"https:\/\/www.oceanblogs.org\/m105\/wp-json\/wp\/v2\/media?parent=2"}],"curies":[{"name":"wp","href":"https:\/\/api.w.org\/{rel}","templated":true}]}}