{"id":2,"date":"2014-07-02T09:46:01","date_gmt":"2014-07-02T09:46:01","guid":{"rendered":"http:\/\/www.oceanblogs.org\/klimale\/?page_id=2"},"modified":"2015-06-26T06:39:47","modified_gmt":"2015-06-26T06:39:47","slug":"sample-page","status":"publish","type":"page","link":"https:\/\/www.oceanblogs.org\/klimale\/sample-page\/","title":{"rendered":"Was ist die Klimale?"},"content":{"rendered":"<div>\n<div>Im Juli 2014 veranstaltete das Klimab\u00fcndnis Kieler Bucht gemeinsam mit der Muthesius Kunsthochschule und dem Exzellenzcluster \u201eOzean der Zukunft\u201c erstmalig die\u00a0<b>KLIMALE k\u00fcste klima kunst<\/b>. An zwei Tagen drehte sich im Hafen und am Strand in Laboe alles um eben diese Themen. Einen \u00dcberblick, Film, Fotos und Presseartikel erhalten Sie auf unserer\u00a0<a href=\"http:\/\/www.klimabuendnis-kieler-bucht.de\/veranstaltung\/klimale\/\" target=\"_blank\">Website<\/a>.<\/div>\n<div>Laboe war 2014 Auftaktort dieser Veranstaltungsreihe, die in den kommenden Jahren in wechselnden Gemeinden des Klimab\u00fcndnis Kieler Bucht fortgesetzt werden soll. 2015 sind wir am 14. und 15. Juli in Eckernf\u00f6rde zu Gast. Dank der Partner wie dem GEOMAR wird es es in diesem Jahr eine echte Gro\u00dfveranstaltung! Das Programm und aktuelle Infos gibt es unter www.klimale.de.<\/div>\n<\/div>\n<p>Ziel ist es, mit Spa\u00df, Kunst und wissenschaftlichen Erkenntnissen ein breites Publikum auf den Klimawandel und daraus resultierende Auswirkungen\u00a0f\u00fcr die Ostseek\u00fcste aufmerksam zu machen, aber auch Wege aufzuzeigen, wie wir uns darauf einstellen k\u00f6nnen. M\u00f6gliche Auswirkungen sind der steigende Meeresspiegel, Ver\u00e4nderungen an der K\u00fcste und in der Zusammensetzung der marinen Lebewesen. In der Klimaanpassung spielen entsprechend der K\u00fcstenschutz, wohin mit dem Treibsel?, Wohnen am Wasser, Fischerei und Aquakultur, sowie ein klimabewusster Tourismus\u00a0eine Rolle. Dieser beinhaltet eine klimafreundliche Mobilit\u00e4t (z. B. \u200bRadfahren), Regionale Produkte, naturnahe Str\u00e4nde, Klimaschutz im Gastgewerbe, Nutzung erneuerbarer Energien, attraktive touristische Angebote auch abseits der Str\u00e4nde \u200bu. v. m.<\/p>\n<p>&nbsp;<\/p>\n","protected":false},"excerpt":{"rendered":"<p>Im Juli 2014 veranstaltete das Klimab\u00fcndnis Kieler Bucht gemeinsam mit der Muthesius Kunsthochschule und dem Exzellenzcluster \u201eOzean der Zukunft\u201c erstmalig die\u00a0KLIMALE k\u00fcste klima kunst. An zwei Tagen drehte sich im Hafen und am Strand in Laboe alles um eben diese Themen. Einen \u00dcberblick, Film, Fotos und Presseartikel erhalten Sie auf unserer\u00a0Website. Laboe war 2014 Auftaktort [&hellip;]<\/p>\n","protected":false},"author":7,"featured_media":0,"parent":0,"menu_order":0,"comment_status":"closed","ping_status":"closed","template":"","meta":{"footnotes":""},"class_list":["post-2","page","type-page","status-publish","hentry"],"_links":{"self":[{"href":"https:\/\/www.oceanblogs.org\/klimale\/wp-json\/wp\/v2\/pages\/2","targetHints":{"allow":["GET"]}}],"collection":[{"href":"https:\/\/www.oceanblogs.org\/klimale\/wp-json\/wp\/v2\/pages"}],"about":[{"href":"https:\/\/www.oceanblogs.org\/klimale\/wp-json\/wp\/v2\/types\/page"}],"author":[{"embeddable":true,"href":"https:\/\/www.oceanblogs.org\/klimale\/wp-json\/wp\/v2\/users\/7"}],"replies":[{"embeddable":true,"href":"https:\/\/www.oceanblogs.org\/klimale\/wp-json\/wp\/v2\/comments?post=2"}],"version-history":[{"count":6,"href":"https:\/\/www.oceanblogs.org\/klimale\/wp-json\/wp\/v2\/pages\/2\/revisions"}],"predecessor-version":[{"id":302,"href":"https:\/\/www.oceanblogs.org\/klimale\/wp-json\/wp\/v2\/pages\/2\/revisions\/302"}],"wp:attachment":[{"href":"https:\/\/www.oceanblogs.org\/klimale\/wp-json\/wp\/v2\/media?parent=2"}],"curies":[{"name":"wp","href":"https:\/\/api.w.org\/{rel}","templated":true}]}}