{"id":2,"date":"2013-08-20T08:40:03","date_gmt":"2013-08-20T08:40:03","guid":{"rendered":"http:\/\/www.oceanblogs.org\/game\/?page_id=2"},"modified":"2013-08-23T14:59:36","modified_gmt":"2013-08-23T14:59:36","slug":"sample-page","status":"publish","type":"page","link":"https:\/\/www.oceanblogs.org\/game\/sample-page\/","title":{"rendered":"\u00dcber GAME"},"content":{"rendered":"<p>GAME ist ein internationales Forschungs- und Ausbildungsprogramm f\u00fcr junge Meereswissenschaftler und steht f\u00fcr \u201e<strong>G<\/strong>lobaler <strong>A<\/strong>nsatz durch <strong>M<\/strong>odulare <strong>E<\/strong>xperimente\u201c. Zu einer \u00f6kologischen Fragestellung werden im Rahmen von themengebundenen Forschungsprojekten zeitgleich identische Experimente an verschiedenen Standorten auf der ganzen Welt durchgef\u00fchrt.Dieser Ansatz ist neu in der \u00f6kologischen Forschung und ebenso innovativ wie effizient: Nur global vergleichbare Ergebnisse liefern Erkenntnisse \u00fcber biogeographische R\u00e4ume und \u00d6kosystemgrenzen hinweg.<\/p>\n<p>Jedes Jahr k\u00f6nnen bis zu 20 Studierende betreut werden, die Experimente in binationalen Teams an j\u00e4hrlich bis zu 10 Standorten auf der Welt durchf\u00fchren. Die Vor- und Nachbereitung jedes Projektes findet gemeinsam mit allen Teilnehmern am GEOMAR in Kiel statt. Vorbereitend wird die Herangehensweise an \u00f6kologische Fragestellungen erarbeitet und die Analyse von Daten mit biostatistischen Methoden vertieft.<\/p>\n<p>In der Nachbereitungsphase werden alle Ergebnisse vergleichend ausgewertet, interpretiert und zur Publikation vorbereitet. Hier trainieren die Studierenden ihre F\u00e4higkeit, Wissenschaft in Form von Vortr\u00e4gen, Abschlussarbeiten und Beitr\u00e4gen in internationalen Fachzeitschriften zu kommunizieren. Die Studierenden profitieren von der umfassenden Betreuung durch deutsche und ausl\u00e4ndische Wissenschaftler w\u00e4hrend der gesamten Projektdauer und dar\u00fcber hinaus. Durch die Teilnahme an einem GAME-Projekt sind sie optimal f\u00fcr eine anschlie\u00dfende Promotion qualifiziert.<\/p>\n<p>Begr\u00fcnder und wissenschaftlicher Leiter des GAME-Programms ist <strong>Prof. Dr. Martin Wahl<\/strong>, Leiter der <a title=\"Link zu FOrschungseinheit Benthos\u00f6kologie am GEOMAR\" href=\"http:\/\/www.geomar.de\/forschen\/fb3\/fb3-eoe\/fb3-eoe-b\/\" target=\"_blank\">Forschungseinheit Benthos\u00f6kologie am GEOMAR.<\/a><\/p>\n<p>Im<strong> GAME-Blog<\/strong> berichten der <strong>Projektkoordinator Dr. Mark Lenz<\/strong> sowie GAME-Teilnehmerinnen und Teilnehmer \u00fcber Neuigkeiten aus dem Projekt, \u00fcber Erfahrungen w\u00e4hrend der Versuche in aller Welt, aber auch \u00fcber Erfahrungen beim Aufeinandertreffen unterschiedlicher Kulturen und Arbeitsweisen.<\/p>\n<p>Weitere Informationen zum Projekt auf der offiziellen <a title=\"LInk zu GAME am GEOMAR\" href=\"http:\/\/www.geomar.de\/go\/game\" target=\"_blank\">GAME-Seite am GEOMAR.<\/a><\/p>\n","protected":false},"excerpt":{"rendered":"<p>GAME ist ein internationales Forschungs- und Ausbildungsprogramm f\u00fcr junge Meereswissenschaftler und steht f\u00fcr \u201eGlobaler Ansatz durch Modulare Experimente\u201c. Zu einer \u00f6kologischen Fragestellung werden im Rahmen von themengebundenen Forschungsprojekten zeitgleich identische Experimente an verschiedenen Standorten auf der ganzen Welt durchgef\u00fchrt.Dieser Ansatz ist neu in der \u00f6kologischen Forschung und ebenso innovativ wie effizient: Nur global vergleichbare Ergebnisse [&hellip;]<\/p>\n","protected":false},"author":7,"featured_media":0,"parent":0,"menu_order":0,"comment_status":"open","ping_status":"open","template":"","meta":{"footnotes":""},"class_list":["post-2","page","type-page","status-publish","hentry"],"_links":{"self":[{"href":"https:\/\/www.oceanblogs.org\/game\/wp-json\/wp\/v2\/pages\/2","targetHints":{"allow":["GET"]}}],"collection":[{"href":"https:\/\/www.oceanblogs.org\/game\/wp-json\/wp\/v2\/pages"}],"about":[{"href":"https:\/\/www.oceanblogs.org\/game\/wp-json\/wp\/v2\/types\/page"}],"author":[{"embeddable":true,"href":"https:\/\/www.oceanblogs.org\/game\/wp-json\/wp\/v2\/users\/7"}],"replies":[{"embeddable":true,"href":"https:\/\/www.oceanblogs.org\/game\/wp-json\/wp\/v2\/comments?post=2"}],"version-history":[{"count":5,"href":"https:\/\/www.oceanblogs.org\/game\/wp-json\/wp\/v2\/pages\/2\/revisions"}],"predecessor-version":[{"id":62,"href":"https:\/\/www.oceanblogs.org\/game\/wp-json\/wp\/v2\/pages\/2\/revisions\/62"}],"wp:attachment":[{"href":"https:\/\/www.oceanblogs.org\/game\/wp-json\/wp\/v2\/media?parent=2"}],"curies":[{"name":"wp","href":"https:\/\/api.w.org\/{rel}","templated":true}]}}