{"id":2,"date":"2023-03-17T07:34:47","date_gmt":"2023-03-17T07:34:47","guid":{"rendered":"https:\/\/www.oceanblogs.org\/expedition-so297\/?page_id=2"},"modified":"2023-03-17T08:29:21","modified_gmt":"2023-03-17T08:29:21","slug":"about","status":"publish","type":"page","link":"https:\/\/www.oceanblogs.org\/expedition-so297\/about\/","title":{"rendered":"About"},"content":{"rendered":"\n<p>+++ Deutsche Version siehe unten +++<\/p>\n\n\n\n<p>In diesem Expeditionsblog erz\u00e4hlt Julia Sch\u00e4tzel von den Erfahrungen auf ihrer ersten Forschungsexpedition auf dem Forschungsschiff Sonne. Julia geh\u00f6rt zum Team des GEOMAR Forschungsbereichs 4 : Dynamik des Ozeanbodens. Normalerweise arbeitet sie hinter den Kulissen und unterst\u00fctzt die Forschenden von Land aus bei der Durchf\u00fchrung ihren Expeditionen. Dieses Mal f\u00e4hrt sie mit, um zu erfahren wie der Alltag auf einem Schiff aussieht.<\/p>\n\n\n\n<p><strong>Wissenschaftlicher Hintergrund der Fahrt<\/strong><\/p>\n\n\n\n<p>The proposed PISAGUA cruise aims to derive a detailed high-resolution model for the marine forearc in Northern Chile to image the forearc of an erosional subduction zone. One main target is to compare the forearc structure to previous and ongoing accumulation of seismic moment. Therefore, the project composes an amphibious 2D and 3D refraction seismic experiment in Northern Chile offshore Taltal to investigate the control of incoming and overriding plate structures on earthquake rupture behavior. This subduction zone segment in the region offshore Taltal, where a mature seismic gap is located, ruptured in 1922 during a major earthquake and is poorly known from marine observations. The highresolution structural 2D and 3D images obtained in this project, together with data from the seismic stations onshore, will be used to investigate the control of upper and lower plate structure on coupling and other rheological parameters. It is planned to complement the experiment with seismological stations onshore (Universidad de Concepci\u00f3n). Furthermore, we install novel drift-free pressure sensors (A-0-A type) capable of measuring water pressure changes without drift. This new kind of observation allows resolving subsidence and sea-level changes with a precision better than 1 cm for more than five years.<\/p>\n\n\n\n<p><\/p>\n\n\n\n<p>In this expedition blog Julia Sch\u00e4tzel tells about her experiences on her first research expedition on the research vessel Sonne. Julia is part of the team of GEOMAR Research Unit 4 : Dynamics of the Ocean Floor. Normally she works behind the scenes and supports the researchers from shore during their expeditions. This time she is going along to experience what everyday life on a ship is like.<\/p>\n\n\n\n<p><strong>Scientific Background<\/strong><\/p>\n\n\n\n<p>F\u00fcr den wiederholt von Starkbeben betroffenen nordchilenischen Kontinentrand liegt aufgrund der hohen Seismizit\u00e4tsrate landseitig ein au\u00dfergew\u00f6hnlicher geophysikalischgeologisch-geod\u00e4tischer Datensatz vor. F\u00fcr ein tiefergehendes Verst\u00e4ndnis der Prozesse fehlt die Kenntnis der Tiefenstruktur des marinen Forearcs und der seismogenen Zone, da dieser seew\u00e4rtige Bereich bisher nicht mit moderner Vermessungstechnologie untersucht wurde und daher nur begrenzte Informationen \u00fcber den Aufbau und Struktur der subduzierten ozeanischen und der \u00fcberfahrenden kontinentalen Kruste vorliegen. Das Ziel der Ausfahrt PISAGUA ist eine detaillierte Studie zur Abbildung der Tiefenstruktur offshore Taltal mit 2D und 3D Refraktionsexperimenten, um die Beziehung zwischen Deformationsverhalten und Forearcstrukturen anhand der nordchilenischen Subduktionszone als Typlokation zu analysieren und um damit einen Beitrag zu regionalen Gef\u00e4hrdungsstudien zu leisten. Insbesondere die dreidimensionale Analyse von Refraktionsdaten geh\u00f6rt nicht zum standardisierten Auswerteverfahren und beinhaltet methodische Herausforderungen, um die angefallenen Daten in dreidimensionale Geschwindigkeitsmodelle zu invertieren. F\u00fcr die Ausfahrt stehen insg. 50 OBS\/OBH aus dem GEOMAR-Pool zur Verf\u00fcgung. Weiterhin ist geplant, das Refraktionsexperiment mit 30 Instrumenten landw\u00e4rts fortzusetzen (Universidad de Concepci\u00f3n\/GEOMAR). F\u00fcnf neuartige, driftfreie Drucksensoren (A-0-A Messprinzip) werden als Profil aufgebaut und erlauben erstmals, Meeresspiegelschwankungen oder die Absenkung des Meeresbodens \u00fcber mehr als f\u00fcnf Jahre mit cm-Genauigkeit zu bestimmen.<\/p>\n\n\n\n<p>(<a href=\"https:\/\/www.geomar.de\/forschen\/expeditionen\/detailansicht\/exp\/363320?cHash=cd4938367c4cad14360ba07816f16c5a\" target=\"_blank\" rel=\"noreferrer noopener\">https:\/\/www.geomar.de\/forschen\/expeditionen\/detailansicht\/exp\/363320?cHash=cd4938367c4cad14360ba07816f16c5a<\/a>)<\/p>\n\n\n\n<p><\/p>\n","protected":false},"excerpt":{"rendered":"<p>+++ Deutsche Version siehe unten +++ In diesem Expeditionsblog erz\u00e4hlt Julia Sch\u00e4tzel von den Erfahrungen auf ihrer ersten Forschungsexpedition auf dem Forschungsschiff Sonne. Julia geh\u00f6rt zum Team des GEOMAR Forschungsbereichs 4 : Dynamik des Ozeanbodens. Normalerweise arbeitet sie hinter den Kulissen und unterst\u00fctzt die Forschenden von Land aus bei der Durchf\u00fchrung ihren Expeditionen. Dieses Mal [&hellip;]<\/p>\n","protected":false},"author":246,"featured_media":0,"parent":0,"menu_order":0,"comment_status":"closed","ping_status":"closed","template":"","meta":{"footnotes":""},"class_list":["post-2","page","type-page","status-publish","hentry"],"_links":{"self":[{"href":"https:\/\/www.oceanblogs.org\/expedition-so297\/wp-json\/wp\/v2\/pages\/2","targetHints":{"allow":["GET"]}}],"collection":[{"href":"https:\/\/www.oceanblogs.org\/expedition-so297\/wp-json\/wp\/v2\/pages"}],"about":[{"href":"https:\/\/www.oceanblogs.org\/expedition-so297\/wp-json\/wp\/v2\/types\/page"}],"author":[{"embeddable":true,"href":"https:\/\/www.oceanblogs.org\/expedition-so297\/wp-json\/wp\/v2\/users\/246"}],"replies":[{"embeddable":true,"href":"https:\/\/www.oceanblogs.org\/expedition-so297\/wp-json\/wp\/v2\/comments?post=2"}],"version-history":[{"count":5,"href":"https:\/\/www.oceanblogs.org\/expedition-so297\/wp-json\/wp\/v2\/pages\/2\/revisions"}],"predecessor-version":[{"id":28,"href":"https:\/\/www.oceanblogs.org\/expedition-so297\/wp-json\/wp\/v2\/pages\/2\/revisions\/28"}],"wp:attachment":[{"href":"https:\/\/www.oceanblogs.org\/expedition-so297\/wp-json\/wp\/v2\/media?parent=2"}],"curies":[{"name":"wp","href":"https:\/\/api.w.org\/{rel}","templated":true}]}}