{"id":2,"date":"2015-04-13T12:15:19","date_gmt":"2015-04-13T12:15:19","guid":{"rendered":"http:\/\/www.oceanblogs.org\/baltic-rvalkor\/?page_id=2"},"modified":"2023-05-09T10:21:42","modified_gmt":"2023-05-09T08:21:42","slug":"about","status":"publish","type":"page","link":"https:\/\/www.oceanblogs.org\/baltic-rvalkor\/about\/","title":{"rendered":"\u00dcber\/About"},"content":{"rendered":"<p>Von Kiel aus werden seit 1986 Langzeitdatenreihen und Beprobungen in der offenen Ostsee durchgef\u00fchrt. Die dabei entstandene Datenreihe geh\u00f6rt zu den besten verf\u00fcgbaren integrativen Datenreihen zu den pelagischen Systeme dieses Randmeeres. Zu den multidisziplin\u00e4ren Arbeiten die regelm\u00e4\u00dfig insbesondere im Bereich des Bornholmbeckens, aber auch des Arkona- und Gotlandbeckens und des Danziger Tiefs stattfinden, geh\u00f6ren Hydrographie, Plankton\/Nekton Probennahmen, Hydroakustik und pelagische Schleppnetzfischerei einschlie\u00dflich intensiver Fischprobennahmen. In diesem Blog berichten beteiligte Wissenschaftlerinnen und Wissenschaftler, aber auch Studierende, \u00fcber ihre Arbeit w\u00e4hrend der Ausfahrten mit RV ALKOR und andere T\u00e4tigkeiten, die damit im Zusammenhang stehen.<\/p>\n<p>Das Blog umfasst folgende Ausfahrten:<\/p>\n<ul>\n<li><a title=\"AL454 auf geomar.de\" href=\"http:\/\/www.geomar.de\/e331274\" target=\"_blank\" rel=\"noopener\">AL454<\/a> im April 2015.<\/li>\n<li><a href=\"https:\/\/www.geomar.de\/forschen\/expeditionen\/detailansicht\/exp\/332108?cHash=80e73533eae1b608f1f41af085b1c1e6\" target=\"_blank\" rel=\"noopener\">AL457<\/a> im Mai 2015<\/li>\n<li><a href=\"https:\/\/www.geomar.de\/forschen\/expeditionen\/detailansicht\/exp\/337902?cHash=264668744e1e76a1c28cdc5b866b51ee\" target=\"_blank\" rel=\"noopener\">AL476<\/a> im April 2016<\/li>\n<li><a href=\"https:\/\/www.geomar.de\/forschen\/expeditionen\/detailansicht\/exp\/342695?cHash=17111551aee9811e6d1ed200d6f2e095\" target=\"_blank\" rel=\"noopener\">AL491<\/a> im April 2017<\/li>\n<li><a href=\"https:\/\/www.geomar.de\/forschen\/expeditionen\/detailansicht\/exp\/349868?cHash=b5abf1eaf3e8785a2515d51fbd3a7ee6\">AL521<\/a> im April 2019<\/li>\n<li><a href=\"https:\/\/www.geomar.de\/forschen\/expeditionen\/detailansicht\/exp\/358419?cHash=f4bf367448f811b7b7d128c21a40b7a6\">AL563<\/a> im September 2021<\/li>\n<li><a href=\"https:\/\/www.geomar.de\/forschen\/expeditionen\/detailansicht\/exp\/363081?cHash=9fc9bfe760ee5c585c9a459580fa26b8\">AL592<\/a> im April 2023<\/li>\n<\/ul>\n<p>Die Arbeiten an Bord tragen oder trugen zu folgenden <strong>Projekten<\/strong> bei:<\/p>\n<ul>\n<li>Projekten der <a title=\"GEOMAR RD3 EV\" href=\"https:\/\/www.geomar.de\/forschen\/fb3\/fb3-ev\/schwerpunkte\" target=\"_blank\" rel=\"noopener\">Abteilung Evolutions\u00f6kologie <\/a>Mariner Fische am GEOMAR bei<\/li>\n<li><a title=\"BONUS BIO C3\" href=\"https:\/\/www.bio-c3.eu\/\" target=\"_blank\" rel=\"noopener\">BONUS BIO-C3<\/a> unter Koordination des GEOMAR.<\/li>\n<\/ul>\n\n\n<p><em>From Kiel, long-term data series and sampling in the open Baltic Sea have been carried out since 1986. The resulting data series are among the best available integrative data series for the pelagic systems of this marginal sea. The multidisciplinary work regularly carried out in the Bornholm Basin, but also in the Arkona and Gotland Basins and the Gdansk deep includes hydrography, plankton\/necton sampling, hydroacoustics and pelagic trawling including intensive fish sampling. In this blog, participating scientists, but also students, report about their work during the trips with RV ALKOR and other related activities.<\/em><\/p>\n\n\n\n<p><em>The blog includes the following trips:<\/em><\/p>\n\n\n\n<ul class=\"wp-block-list\"><li><a rel=\"noreferrer noopener\" href=\"http:\/\/www.geomar.de\/e331274\" target=\"_blank\"><em>AL454<\/em><\/a><em> in April 2015.<\/em><\/li><li><a rel=\"noreferrer noopener\" href=\"http:\/\/www.geomar.de\/e332108\" target=\"_blank\"><em>AL457<\/em><\/a><em> in May 2015<\/em><\/li><li><a rel=\"noreferrer noopener\" href=\"http:\/\/www.geomar.de\/e337902\" target=\"_blank\"><em>AL476<\/em><\/a><em> in April 2016<\/em><\/li><li><a rel=\"noreferrer noopener\" href=\"http:\/\/www.geomar.de\/e342695\" target=\"_blank\"><em>AL491<\/em><\/a><em> in April 2017<\/em><\/li><li><a rel=\"noreferrer noopener\" aria-label=\" (opens in a new tab)\" href=\"https:\/\/www.geomar.de\/forschen\/expeditionen\/detailansicht\/exp\/current\/349868\/\" target=\"_blank\"><em>AL521<\/em><\/a><em> in April 2019<\/em><\/li><li><a href=\"https:\/\/www.geomar.de\/forschen\/expeditionen\/detailansicht\/exp\/358419?cHash=f4bf367448f811b7b7d128c21a40b7a6\">AL563<\/a> im September 2021<\/li><li><a href=\"https:\/\/www.geomar.de\/forschen\/expeditionen\/detailansicht\/exp\/363081?cHash=9fc9bfe760ee5c585c9a459580fa26b8\">AL592<\/a> im April 2023<\/li><\/ul>\n\n\n\n<p><em>The work on board contributes or has contributed to the following projects:<\/em><\/p>\n\n\n\n<ul class=\"wp-block-list\"><li><em>projects of the Department of Evolutionary Ecology Mariner Fish at GEOMAR<\/em><\/li><li><em>BONUS BIO-C3 coordinated by GEOMAR.<\/em><\/li><\/ul>\n","protected":false},"excerpt":{"rendered":"<p>Von Kiel aus werden seit 1986 Langzeitdatenreihen und Beprobungen in der offenen Ostsee durchgef\u00fchrt. Die dabei entstandene Datenreihe geh\u00f6rt zu den besten verf\u00fcgbaren integrativen Datenreihen zu den pelagischen Systeme dieses Randmeeres. Zu den multidisziplin\u00e4ren Arbeiten die regelm\u00e4\u00dfig insbesondere im Bereich des Bornholmbeckens, aber auch des Arkona- und Gotlandbeckens und des Danziger Tiefs stattfinden, geh\u00f6ren Hydrographie, [&hellip;]<\/p>\n","protected":false},"author":4,"featured_media":0,"parent":0,"menu_order":0,"comment_status":"open","ping_status":"open","template":"","meta":{"footnotes":""},"class_list":["post-2","page","type-page","status-publish","hentry"],"_links":{"self":[{"href":"https:\/\/www.oceanblogs.org\/baltic-rvalkor\/wp-json\/wp\/v2\/pages\/2","targetHints":{"allow":["GET"]}}],"collection":[{"href":"https:\/\/www.oceanblogs.org\/baltic-rvalkor\/wp-json\/wp\/v2\/pages"}],"about":[{"href":"https:\/\/www.oceanblogs.org\/baltic-rvalkor\/wp-json\/wp\/v2\/types\/page"}],"author":[{"embeddable":true,"href":"https:\/\/www.oceanblogs.org\/baltic-rvalkor\/wp-json\/wp\/v2\/users\/4"}],"replies":[{"embeddable":true,"href":"https:\/\/www.oceanblogs.org\/baltic-rvalkor\/wp-json\/wp\/v2\/comments?post=2"}],"version-history":[{"count":12,"href":"https:\/\/www.oceanblogs.org\/baltic-rvalkor\/wp-json\/wp\/v2\/pages\/2\/revisions"}],"predecessor-version":[{"id":535,"href":"https:\/\/www.oceanblogs.org\/baltic-rvalkor\/wp-json\/wp\/v2\/pages\/2\/revisions\/535"}],"wp:attachment":[{"href":"https:\/\/www.oceanblogs.org\/baltic-rvalkor\/wp-json\/wp\/v2\/media?parent=2"}],"curies":[{"name":"wp","href":"https:\/\/api.w.org\/{rel}","templated":true}]}}